{"id":12,"date":"2019-09-13T09:31:43","date_gmt":"2019-09-13T09:31:43","guid":{"rendered":"https:\/\/pax-friedensdienste.de\/wordpress_d\/?page_id=12"},"modified":"2025-09-12T12:24:57","modified_gmt":"2025-09-12T11:24:57","slug":"blog","status":"publish","type":"page","link":"https:\/\/pax-friedensdienste.de\/wordpress_d\/blog\/","title":{"rendered":"wo geht&#8217;s hin?"},"content":{"rendered":"\n<p>Wir entsenden jedes Jahr Freiwillige in verschiedene L\u00e4nder in die unterschiedlichsten Einsatzstellen. Auf den folgenden Seiten kannst du dich \u00fcber unsere Partnerorganisationen, die verschiedenen Gastl\u00e4nder und Einsatzstellen informieren.<\/p>\n\n\n\n<h2 class=\"wp-block-heading\">Westlicher Balkan<\/h2>\n\n\n\n<ul class=\"wp-block-list\">\n<li><a href=\"https:\/\/pax-friedensdienste.de\/wordpress_d\/integra-in-pristina\/\" data-type=\"link\" data-id=\"https:\/\/pax-friedensdienste.de\/wordpress_d\/integra-in-pristina\/\"><strong>Friedens- und Vers\u00f6hnungsarbeit im Kosovo<\/strong><\/a><\/li>\n<\/ul>\n\n\n\n<ul class=\"wp-block-list\">\n<li><a href=\"https:\/\/pax-friedensdienste.de\/wordpress_d\/menschenrechtsfoerderung-im-kosovo\/\"><strong>Menschenrechtsf\u00f6rderung im Kosovo<\/strong><\/a><\/li>\n<\/ul>\n\n\n\n<ul class=\"wp-block-list\">\n<li><a href=\"https:\/\/pax-friedensdienste.de\/wordpress_d\/nadez-und-das-forumzfd-in-skopje\/\" data-type=\"link\" data-id=\"https:\/\/pax-friedensdienste.de\/wordpress_d\/nadez-und-das-forumzfd-in-skopje\/\"><strong>Kinder- und Jugendarbeit in Nordmazedonien<\/strong><\/a><\/li>\n<\/ul>\n\n\n\n<ul class=\"wp-block-list\">\n<li><a href=\"https:\/\/pax-friedensdienste.de\/wordpress_d\/caritas-und-das-forumzfd-in-sarajevo\/\" data-type=\"link\" data-id=\"https:\/\/pax-friedensdienste.de\/wordpress_d\/caritas-und-das-forumzfd-in-sarajevo\/\"><strong>Arbeit mit Gefl\u00fcchteten in Bosnien und Herzegowina<\/strong><\/a><\/li>\n<\/ul>\n\n\n\n<h2 class=\"wp-block-heading\">Lateinamerika<\/h2>\n\n\n\n<ul class=\"wp-block-list\">\n<li><a href=\"https:\/\/pax-friedensdienste.de\/wordpress_d\/tiempos-violentos-costa-rica\/\" data-type=\"link\" data-id=\"https:\/\/pax-friedensdienste.de\/wordpress_d\/tiempos-violentos-costa-rica\/\"><strong>Arbeit und Erziehung zu Gewaltfreiheit in Costa Rica<\/strong><\/a><\/li>\n<\/ul>\n\n\n\n<ul class=\"wp-block-list\">\n<li><a href=\"https:\/\/pax-friedensdienste.de\/wordpress_d\/costa-rica-ilco\/\" data-type=\"page\" data-id=\"1689\"><strong>Friedensarbeit mit benachteiligten Gruppen in Costa Rica<\/strong><\/a><\/li>\n<\/ul>\n\n\n\n<ul class=\"wp-block-list\">\n<li><a href=\"https:\/\/pax-friedensdienste.de\/wordpress_d\/mies-in-riobamba-2\/\" data-type=\"link\" data-id=\"https:\/\/pax-friedensdienste.de\/wordpress_d\/mies-in-riobamba-2\/\"><strong>Bildungsarbeit mit Indigenen in Ecuador<\/strong><\/a> <strong>(Stelle pausiert)<\/strong><\/li>\n<\/ul>\n\n\n\n<h2 class=\"wp-block-heading\">Polen<\/h2>\n\n\n\n<ul class=\"wp-block-list\">\n<li><a href=\"https:\/\/pax-friedensdienste.de\/wordpress_d\/zentrum-fuer-dialog-und-gebet-in-oswiecim\/\" data-type=\"link\" data-id=\"https:\/\/pax-friedensdienste.de\/wordpress_d\/zentrum-fuer-dialog-und-gebet-in-oswiecim\/\"><strong>Erinnerungs- und Jugendarbeit in O\u015bwi\u0119cim<\/strong><\/a><\/li>\n<\/ul>\n\n\n\n<ul class=\"wp-block-list\">\n<li><a href=\"https:\/\/pax-friedensdienste.de\/wordpress_d\/internationale-jugendbildungsstaette-in-krzyzowa\/\" data-type=\"link\" data-id=\"https:\/\/pax-friedensdienste.de\/wordpress_d\/internationale-jugendbildungsstaette-in-krzyzowa\/\"><strong>Bildungsst\u00e4tte in Kreisau<\/strong><\/a><\/li>\n<\/ul>\n\n\n\n<ul class=\"wp-block-list\">\n<li><a href=\"https:\/\/pax-friedensdienste.de\/wordpress_d\/caritas-in-stettin\/\" data-type=\"link\" data-id=\"https:\/\/pax-friedensdienste.de\/wordpress_d\/caritas-in-stettin\/\"><strong>Kinder- und Jugendarbeit bei der Caritas in Stettin<\/strong><\/a><\/li>\n<\/ul>\n\n\n\n<ul class=\"wp-block-list\">\n<li><a href=\"https:\/\/pax-friedensdienste.de\/wordpress_d\/polites-in-stettin\/\" data-type=\"link\" data-id=\"https:\/\/pax-friedensdienste.de\/wordpress_d\/polites-in-stettin\/\"><strong>Kinder- und Jugendarbeit bei Polites in Stettin<\/strong><\/a><\/li>\n<\/ul>\n\n\n\n<h2 class=\"wp-block-heading\">Naher- und Mittlerer Osten<\/h2>\n\n\n\n<ul class=\"wp-block-list\">\n<li><strong><a href=\"https:\/\/pax-friedensdienste.de\/wordpress_d\/aei-und-lateinisches-patriarchat-in-bethlehem-jerusalem\/\" data-type=\"link\" data-id=\"https:\/\/pax-friedensdienste.de\/wordpress_d\/aei-und-lateinisches-patriarchat-in-bethlehem-jerusalem\/\">Friedensarbeit mit Jugendlichen in Bethlehem<\/a> (Stelle pausiert)<\/strong><\/li>\n<\/ul>\n\n\n\n<ul class=\"wp-block-list\">\n<li><strong><a href=\"https:\/\/pax-friedensdienste.de\/wordpress_d\/friedensdienst-in-neve-shalom-wahat-al-salam\/\" data-type=\"link\" data-id=\"https:\/\/pax-friedensdienste.de\/wordpress_d\/friedensdienst-in-neve-shalom-wahat-al-salam\/\">Friedensarbeit in Neve Shalom \/ Wahat al-Salam \/ Oase des Friedens<\/a> (Stelle pausiert)<\/strong><\/li>\n<\/ul>\n\n\n\n<p><\/p>\n\n\n\n<p>Solltest du ein Projekt des Europ\u00e4ischen Solidarit\u00e4tskorps gefunden haben und noch eine Entsendeorganisation ben\u00f6tigen, kannst du dich auch gerne bei uns melden. Wenn die Stelle in unser Anforderungsprofil passt, k\u00f6nnen wir dich gerne unterst\u00fctzen.<\/p>\n\n\n\n<div class=\"wp-block-group\"><div class=\"wp-block-group__inner-container is-layout-constrained wp-block-group-is-layout-constrained\">\n<div class=\"wp-block-group\"><div class=\"wp-block-group__inner-container is-layout-constrained wp-block-group-is-layout-constrained\">\n<div class=\"wp-block-columns are-vertically-aligned-center is-layout-flex wp-container-core-columns-is-layout-1 wp-block-columns-is-layout-flex\"><\/div>\n<\/div><\/div>\n<\/div><\/div>\n\n\n\n<p><\/p>\n","protected":false},"excerpt":{"rendered":"<p>Wir entsenden jedes Jahr Freiwillige in verschiedene L\u00e4nder in die unterschiedlichsten Einsatzstellen. Auf den folgenden Seiten kannst du dich \u00fcber unsere Partnerorganisationen, die verschiedenen Gastl\u00e4nder und Einsatzstellen informieren. Westlicher Balkan Lateinamerika Polen Naher- und Mittlerer Osten Solltest du ein Projekt des Europ\u00e4ischen Solidarit\u00e4tskorps gefunden haben und noch eine Entsendeorganisation ben\u00f6tigen, kannst du dich auch gerne&hellip;<\/p>\n","protected":false},"author":1,"featured_media":0,"parent":0,"menu_order":0,"comment_status":"closed","ping_status":"closed","template":"","meta":{"ngg_post_thumbnail":0,"footnotes":""},"class_list":["post-12","page","type-page","status-publish","hentry"],"_links":{"self":[{"href":"https:\/\/pax-friedensdienste.de\/wordpress_d\/wp-json\/wp\/v2\/pages\/12","targetHints":{"allow":["GET"]}}],"collection":[{"href":"https:\/\/pax-friedensdienste.de\/wordpress_d\/wp-json\/wp\/v2\/pages"}],"about":[{"href":"https:\/\/pax-friedensdienste.de\/wordpress_d\/wp-json\/wp\/v2\/types\/page"}],"author":[{"embeddable":true,"href":"https:\/\/pax-friedensdienste.de\/wordpress_d\/wp-json\/wp\/v2\/users\/1"}],"replies":[{"embeddable":true,"href":"https:\/\/pax-friedensdienste.de\/wordpress_d\/wp-json\/wp\/v2\/comments?post=12"}],"version-history":[{"count":46,"href":"https:\/\/pax-friedensdienste.de\/wordpress_d\/wp-json\/wp\/v2\/pages\/12\/revisions"}],"predecessor-version":[{"id":1692,"href":"https:\/\/pax-friedensdienste.de\/wordpress_d\/wp-json\/wp\/v2\/pages\/12\/revisions\/1692"}],"wp:attachment":[{"href":"https:\/\/pax-friedensdienste.de\/wordpress_d\/wp-json\/wp\/v2\/media?parent=12"}],"curies":[{"name":"wp","href":"https:\/\/api.w.org\/{rel}","templated":true}]}}