{"id":1241,"date":"2022-09-30T09:47:21","date_gmt":"2022-09-30T08:47:21","guid":{"rendered":"https:\/\/pax-friedensdienste.de\/wordpress_d\/?page_id=1241"},"modified":"2025-09-12T13:57:20","modified_gmt":"2025-09-12T12:57:20","slug":"friedensdienst-in-neve-shalom-wahat-al-salam","status":"publish","type":"page","link":"https:\/\/pax-friedensdienste.de\/wordpress_d\/friedensdienst-in-neve-shalom-wahat-al-salam\/","title":{"rendered":"Friedensdienst in Neve Shalom \/ Wahat al-Salam"},"content":{"rendered":"\nngg_shortcode_0_placeholder\n\n\n\n<figure class=\"wp-block-table is-style-stripes\"><table><tbody><tr><td><strong>Gastland<\/strong><\/td><td><strong>T\u00e4tigkeitsfeld<\/strong><\/td><td><strong>Landessprache<\/strong><\/td><td>\ufeff<\/td><\/tr><tr><td>Israel\/ Pal\u00e4stina<\/td><td>Kinder- und Jugendarbeit\/<br>Frieden und Vers\u00f6hnung<\/td><td>arabisch\/hebr\u00e4isch<\/td><td><mark style=\"background-color:rgba(0, 0, 0, 0);color:#e60202\" class=\"has-inline-color\"><strong>Das Projekt pausiert und wird derzeit nicht angeboten<\/strong><\/mark><\/td><\/tr><\/tbody><\/table><\/figure>\n\n\n\n<p><strong>Die Einsatzstelle<\/strong><\/p>\n\n\n\n<p>Du arbeitest als \u201eprofessional volunteer\u201c in <strong>Neve Shalom \u2022 Wahat al-Salam<\/strong> (NSh\u2022WaS), deutsch: <strong>Oase des Friedens. <\/strong>Das Dorf ist der einzige Ort in Israel, an dem j\u00fcdische und pal\u00e4stinensisch-arabische Israelis vollkommen gleichberechtigt miteinander leben und arbeiten. Die hier miteinander lebenden nationalen Gruppen, die im Dorf vertretenen Religionen und Kulturen, M\u00e4nner und Frauen und die beiden Sprachen Hebr\u00e4isch und Arabisch sind hier gleichberechtigt. Zentraler Auftrag des gesamten Dorfes ist die eigene Entwicklung und die Erziehung zum Frieden. Die Arbeit der Bildungseinrichtungen des Dorfes beruht ebenfalls auf dem Grundsatz umfassender Gleichberechtigung und dient der Entwicklung der eigenen Identit\u00e4t, des gegenseitigen Verst\u00e4ndnisses und gegenseitiger Achtung. Auch die Entscheidungen in der Dorfgemeinschaft werden auf dieser Basis getroffen. <br>Informationen zu Neve Shalom \u2022 Wahat al-Salam findest Du unter <a href=\"http:\/\/www.wasns.org\">www.wasns.org<\/a>.<\/p>\n\n\n\n<p><\/p>\n\n\n\n<p><strong>Dein Projekt: Unterst\u00fctzende Arbeit in Bildungseinrichtungen von NSh\u2022WaS<\/strong><\/p>\n\n\n\n<p>M\u00f6gliche Einsatzorte im Dorf sind die Kinderkrippe, der Kindergarten und die Grundschule (Klasse 1-6) mit Kindern aus insgesamt 19 Gemeinden der Region. Weitere m\u00f6gliche Einsatzorte sind das Fort- und Weiterbildungszentrum <em>School for Peace<\/em>, das Spirituelle Gemeinde- und Kulturzentrum <em>PSCC<\/em>, das Communication &amp; Development Office und \u2013 in Form von Hospitationen \u2013 das Besucherzentrum des Dorfes. M\u00f6glicherweise ist auch der Jugendclub \u201eNadi\u201c eine Option, wo du gegebenenfalls bereits erworbene F\u00e4higkeiten im kreativen oder Freizeitbereich einsetzen kannst. Es geht dabei immer um unterst\u00fctzende Arbeit f\u00fcr die in den jeweiligen Einrichtungen t\u00e4tigen Verantwortlichen.<\/p>\n\n\n\n<p>Die andauernde Situation politischer Spannungen und fortgesetzter Diskriminierung belastet das Leben der Menschen in Israel. Diejenigen, die den Mut und den langen Atem aufbringen, trotz staatlich gef\u00f6rderter Ungleichheit, f\u00fcr Gleichberechtigung und gegenseitige Achtung einzustehen und daran zu arbeiten, brauchen und verdienen tatkr\u00e4ftige Unterst\u00fctzung. Diese Unterst\u00fctzung kann auch durch Freiwillige geleistet werden.<\/p>\n\n\n\n<p><\/p>\n\n\n\n<p><strong>Deine Region<\/strong><\/p>\n\n\n\n<p>Neve Shalom \u2022 Wahat al-Salam liegt auf einem Streifen Land an der sogenannten Gr\u00fcnen Linie, der nach dem Waffenstillstand am Ende des Junikrieges 1967 entmilitarisiertes Niemandsland wurde. Dieses Landst\u00fcck hat nicht zu einem der arabischen D\u00f6rfer geh\u00f6rt, die w\u00e4hrend des Krieges 1948\/49 zerst\u00f6rt oder deren Land 1948 oder sp\u00e4ter enteignet wurde.<\/p>\n\n\n\n<p>Das Dorf wurde 1972 von Bruno Hussar gegr\u00fcndet. Der Gr\u00fcnder erhielt das Land als Pacht vom Trappistenkloster Latrun ganz in der N\u00e4he, das sich zu einem guten Teil bereits in der pal\u00e4stinensischen Westbank befindet. Das Fundament des Dorfes war von Beginn an der Grundsatz, dass alle Dorfmitglieder die gleichen Rechte und Pflichten haben und alles andere auf dieser Basis entschieden w\u00fcrde. Darauf basiert nach wie vor alles Leben in diesem Dorf.<\/p>\n\n\n\n<p><\/p>\n\n\n\n<p><strong>Du bist<\/strong><\/p>\n\n\n\n<ul class=\"wp-block-list\">\n<li>mit 21 bis 28 Jahren jung genug, um offen auf Menschen und neue Erfahrungen zuzugehen und zugleich alt genug, um Verantwortung zu \u00fcbernehmen?<\/li>\n\n\n\n<li>eine Person, die eine Ausbildung oder ein Studium im Bereich Bildung bzw. Erziehung absolviert (hat) und auch an beruflichen Erfahrungen in einem anderen Kulturbereich interessiert ist?<\/li>\n\n\n\n<li>bereit, dich auf eine neue Sprache, ein neues Lebensumfeld einzulassen?<\/li>\n\n\n\n<li>gewillt, auch mal etwas einfacher zu leben als Du es in Deutschland gewohnt bist?<\/li>\n\n\n\n<li>interessiert an Fragen von Frieden, Gerechtigkeit, Solidarit\u00e4t, Globalisierung, Gewaltfreiheit und ziviler Konfliktl\u00f6sung?<\/li>\n\n\n\n<li>jemand, f\u00fcr den gesellschaftliches Engagement keine leere Worth\u00fclse ist?<\/li>\n\n\n\n<li>tolerant und daran interessiert, dich kritisch mit deinen Lebenseinstellungen und Weltanschauungen auseinanderzusetzen?<\/li>\n<\/ul>\n\n\n\n<p><\/p>\n\n\n\n<p>Die Besetzung dieser Stelle steht unter dem Vorbehalt der Fortsetzung der F\u00f6rdermittelbewilligung durch den Europ\u00e4ischen Solidarit\u00e4tskorps.<\/p>\n\n\n\n<p>Hast du Lust einen Freiwilligendienst in Neve Shalom \/ Wahat al-Salam zu machen?<\/p>\n\n\n\n<p><a href=\"https:\/\/pax-friedensdienste.de\/wordpress_d\/?page_id=15\">Hier<\/a> findest du alle Infos zur Bewerbung.<\/p>\n","protected":false},"excerpt":{"rendered":"<p>Gastland T\u00e4tigkeitsfeld Landessprache \ufeff Israel\/ Pal\u00e4stina Kinder- und Jugendarbeit\/Frieden und Vers\u00f6hnung arabisch\/hebr\u00e4isch Das Projekt pausiert und wird derzeit nicht angeboten Die Einsatzstelle Du arbeitest als \u201eprofessional volunteer\u201c in Neve Shalom \u2022 Wahat al-Salam (NSh\u2022WaS), deutsch: Oase des Friedens. Das Dorf ist der einzige Ort in Israel, an dem j\u00fcdische und pal\u00e4stinensisch-arabische Israelis vollkommen gleichberechtigt miteinander&hellip;<\/p>\n","protected":false},"author":1,"featured_media":0,"parent":0,"menu_order":0,"comment_status":"closed","ping_status":"closed","template":"","meta":{"ngg_post_thumbnail":0,"footnotes":""},"class_list":["post-1241","page","type-page","status-publish","hentry"],"_links":{"self":[{"href":"https:\/\/pax-friedensdienste.de\/wordpress_d\/wp-json\/wp\/v2\/pages\/1241","targetHints":{"allow":["GET"]}}],"collection":[{"href":"https:\/\/pax-friedensdienste.de\/wordpress_d\/wp-json\/wp\/v2\/pages"}],"about":[{"href":"https:\/\/pax-friedensdienste.de\/wordpress_d\/wp-json\/wp\/v2\/types\/page"}],"author":[{"embeddable":true,"href":"https:\/\/pax-friedensdienste.de\/wordpress_d\/wp-json\/wp\/v2\/users\/1"}],"replies":[{"embeddable":true,"href":"https:\/\/pax-friedensdienste.de\/wordpress_d\/wp-json\/wp\/v2\/comments?post=1241"}],"version-history":[{"count":15,"href":"https:\/\/pax-friedensdienste.de\/wordpress_d\/wp-json\/wp\/v2\/pages\/1241\/revisions"}],"predecessor-version":[{"id":1753,"href":"https:\/\/pax-friedensdienste.de\/wordpress_d\/wp-json\/wp\/v2\/pages\/1241\/revisions\/1753"}],"wp:attachment":[{"href":"https:\/\/pax-friedensdienste.de\/wordpress_d\/wp-json\/wp\/v2\/media?parent=1241"}],"curies":[{"name":"wp","href":"https:\/\/api.w.org\/{rel}","templated":true}]}}