{"id":137,"date":"2019-09-16T18:23:23","date_gmt":"2019-09-16T17:23:23","guid":{"rendered":"https:\/\/pax-friedensdienste.de\/wordpress_d\/?page_id=137"},"modified":"2025-09-12T14:05:46","modified_gmt":"2025-09-12T13:05:46","slug":"nadez-und-das-forumzfd-in-skopje","status":"publish","type":"page","link":"https:\/\/pax-friedensdienste.de\/wordpress_d\/nadez-und-das-forumzfd-in-skopje\/","title":{"rendered":"Friedensdienst in Nordmazedonien\/Skopje"},"content":{"rendered":"\nngg_shortcode_0_placeholder\n\n\n\n<figure class=\"wp-block-table is-style-stripes\"><table class=\"has-fixed-layout\"><tbody><tr><td><strong>Gastland<\/strong><\/td><td><strong>T\u00e4tigkeitsfeld<\/strong><\/td><td><strong>Landessprache<\/strong><\/td><td><\/td><\/tr><tr><td>Nordmazedonien<\/td><td>Kinder- und Jugendarbeit\/Frieden und Vers\u00f6hnung<\/td><td>mazedonisch\/romanes<\/td><td><strong><mark style=\"background-color:rgba(0, 0, 0, 0)\" class=\"has-inline-color has-vivid-red-color\">f\u00fcr 2025\/26 besetzt<\/mark><\/strong><br><strong><span class=\"tadv-color\" style=\"color:#00d084\"><mark style=\"background-color:rgba(0, 0, 0, 0);color:#00ff00\" class=\"has-inline-color\">f\u00fcr 2026\/27 frei<\/mark><\/span><\/strong><\/td><\/tr><\/tbody><\/table><\/figure>\n\n\n\n<p>Bei einem Friedensdienst in Skopje unterst\u00fctzt du als Freiwillige*r die Arbeit von zwei unserer Partnerorganisationen.<\/p>\n\n\n\n<p>Ein halbes Jahr arbeitest du im B\u00fcro von <strong>Pro Peace<\/strong> (ehemals forumZFD) mit internationalen und lokalen Friedensfachkr\u00e4ften zusammen. Zu deinen Aufgaben geh\u00f6ren B\u00fcroarbeiten und die Unterst\u00fctzung beim Layout, \u00dcbersetzungen und \u00c4hnlichem. Gleichzeitig begleitest und unterst\u00fctzt du die Friedensfachkr\u00e4fte bei spannenden Veranstaltungen, Jugendbegegnungen und Konferenzen.<\/p>\n\n\n\n<p>Die andere H\u00e4lfte des Jahres arbeitest du bei einer Partnerorganisation von Pro Peace, dem <strong>Zentrum f\u00fcr Soziale Initiativen Nadez<\/strong> (C.S.I. Nadez) mit. Die lokale NGO hat ihren Sitz in Shuto Orizari, dem gr\u00f6\u00dften Roma-Viertel Europas und arbeitet an der sozialen Integration marginalisierter Gruppen, mit dem besonderen Fokus auf Roma, Kinder und Jugendliche. Die Organisation teilt sich in verschiedene Arbeitsbereiche auf, in die du dich je nach deinen Interessen und St\u00e4rken einbringen kannst. Dazu geh\u00f6ren Soziale Arbeit, administrative T\u00e4tigkeiten und \u00d6ffentlichkeitsarbeit, ein Bildungszentrum, sowie eine Vorschule. Im Bildungszentrum kannst du beispielsweise bei der Hausaufgabenhilfe unterst\u00fctzen und kreative oder sportliche Aktivit\u00e4ten anbieten.<\/p>\n\n\n\n<p>Je nach deinen Interessen und St\u00e4rken kannst du dich in den verschiedenen Bereichen einbringen und die Kinder, Jugendlichen und Eltern unterst\u00fctzen. So kommst du mit vielen Familien in Kontakt und kannst das Leben in Nordmazedonien und die Situation der Roma kennenlernen.<\/p>\n\n\n\n<p>Weitere Informationen zu C.S.I. Nadez findest du hier:&nbsp;<a href=\"http:\/\/csinadez.mk\/\">http:\/\/csinadez.mk\/<\/a><\/p>\n\n\n\n<p><strong>Du solltest mitbringen<\/strong>:<\/p>\n\n\n\n<ul class=\"wp-block-list\">\n<li>Freude an der Arbeit mit Kindern und Jugendlichen<\/li>\n\n\n\n<li>Geduld und Lernbereitschaft<\/li>\n\n\n\n<li>Interesse an der politischen Situation in Nordmazedonien<\/li>\n\n\n\n<li>F\u00e4higkeit, vorbehaltlos auf andere zugehen zu k\u00f6nnen<\/li>\n\n\n\n<li>Respekt und Offenheit gegen\u00fcber kulturellen Unterschieden<\/li>\n\n\n\n<li>Bereitschaft, die lokalen Sprachen zu lernen (Mazedonisch, Romanes, Albanisch)<\/li>\n\n\n\n<li>Bereitschaft zu B\u00fcrot\u00e4tigkeiten<\/li>\n<\/ul>\n\n\n\n<h3 class=\"wp-block-heading\">Land und Leute<\/h3>\n\n\n\n<p>Nordmazedonien ist ein kleines, aber sehr vielf\u00e4ltiges Land in S\u00fcdosteuropa. In dem Land mit etwa zwei Mio. Einwohner*innen kommen viele verschiedene Ethnien, Sprachen und Kulturen zusammen. Das Land hat eine bewegte Geschichte, deren Folgen bis in die Gegenwart reichen.<\/p>\n\n\n\n<h3 class=\"wp-block-heading\">T\u00e4tigkeit Partnerorganisation<\/h3>\n\n\n\n<p>Pro Peace arbeitet in Nordmazedonien daran, die Beziehungen zwischen den ethnischen Gruppen zu verbessern und durch Friedensbildung und Vergangenheitsbew\u00e4ltigung die Zivilgesellschaft zu st\u00e4rken. Pro Peace ist eine internationale zivilgesellschaftliche Organisation, die sich auf dem Balkan und weltweit f\u00fcr Frieden einsetzt.<\/p>\n\n\n\n<p>Mehr zur Arbeit von Pro Peace findest du auf ihrer <a href=\"https:\/\/www.forumzfd.de\/de\/bueros-westlicher-balkan\" target=\"_blank\" rel=\"noreferrer noopener\">Homepage<\/a> und bei <a href=\"https:\/\/www.facebook.com\/forumzfdmacedonia\" target=\"_blank\" rel=\"noreferrer noopener\">facebook<\/a>.<\/p>\n\n\n\n<p>Das \u201eZentrum f\u00fcr Soziale Initiativen \u2013 Nadez\u201c (C.S.I. Nadez) ist eine lokale NGO, die ihren Sitz in Shuto Orizari hat, welches als gr\u00f6\u00dftes Roma-Viertel Europas gilt. Sie arbeitet an der sozialen Integration marginalisierter Gruppen, indem sie neben einem Kindergarten und Sozialarbeit f\u00fcr Familien auch Hausaufgabenhilfe, Freizeitangebote und Workshops f\u00fcr Kinder und Jugendliche anbietet.<\/p>\n\n\n\n<p>Mehr zur Arbeit von Nadez findest du auf ihrer <a href=\"https:\/\/csinadez.mk\" target=\"_blank\" rel=\"noreferrer noopener\">Homepage<\/a> und bei <a href=\"https:\/\/www.facebook.com\/C.S.I.Nadez\" target=\"_blank\" rel=\"noreferrer noopener\">facebook<\/a>.<\/p>\n\n\n\n<h3 class=\"wp-block-heading\">Warum ein Friedensdienst in Skopje wichtig ist:<\/h3>\n\n\n\n<p>Bei einem Friedensdienst in Skopje werden gleich zwei gro\u00dfe Anliegen von pax christi umgesetzt. Zum einen unterst\u00fctzt die Arbeit von Pro Peace bei der Vergangenheitsbew\u00e4ltigung der Kriegserfahrungen in Nordmazedonien und hilfst so, den Weg der Vers\u00f6hnung zu gehen. Zum anderen werden mit der Arbeit von C.S.I. Nadez marginalisierte Gruppen der Gesellschaft eingebunden und damit struktureller Ungerechtigkeit und Romafeindlichkeit etwas entgegengesetzt.<\/p>\n\n\n\n<hr class=\"wp-block-separator has-css-opacity\"\/>\n\n\n\n<p>Die Besetzung dieser Stelle steht unter dem Vorbehalt der Fortsetzung der F\u00f6rdermittelbewilligung durch das \u201eweltw\u00e4rts\u201c Programm des Bundesministeriums f\u00fcr wirtschaftliche Zusammenarbeit und Entwicklung (BMZ).<\/p>\n\n\n\n<p>Hast du Lust einen Freiwilligendienst bei Nadez und Pro Peace in Skopje zu machen?&nbsp;<\/p>\n\n\n\n<p><a href=\"https:\/\/pax-friedensdienste.de\/wordpress_d\/?page_id=15\">Hier<\/a> findest du alle Infos zur Bewerbung.<\/p>\n\n\n\n<p>Wenn du noch mehr \u00fcber das Leben in Nordmazedonien erfahren m\u00f6chtest, kommst du&nbsp;<a href=\"https:\/\/pax-friedensdienste.de\/wordpress_d\/?p=335\">hier<\/a> zu den Erfahrungsberichten von ehemaligen Freiwilligen.<\/p>\n","protected":false},"excerpt":{"rendered":"<p>Gastland T\u00e4tigkeitsfeld Landessprache Nordmazedonien Kinder- und Jugendarbeit\/Frieden und Vers\u00f6hnung mazedonisch\/romanes f\u00fcr 2025\/26 besetztf\u00fcr 2026\/27 frei Bei einem Friedensdienst in Skopje unterst\u00fctzt du als Freiwillige*r die Arbeit von zwei unserer Partnerorganisationen. Ein halbes Jahr arbeitest du im B\u00fcro von Pro Peace (ehemals forumZFD) mit internationalen und lokalen Friedensfachkr\u00e4ften zusammen. Zu deinen Aufgaben geh\u00f6ren B\u00fcroarbeiten und die&hellip;<\/p>\n","protected":false},"author":1,"featured_media":0,"parent":0,"menu_order":0,"comment_status":"closed","ping_status":"closed","template":"","meta":{"ngg_post_thumbnail":0,"footnotes":""},"class_list":["post-137","page","type-page","status-publish","hentry"],"_links":{"self":[{"href":"https:\/\/pax-friedensdienste.de\/wordpress_d\/wp-json\/wp\/v2\/pages\/137","targetHints":{"allow":["GET"]}}],"collection":[{"href":"https:\/\/pax-friedensdienste.de\/wordpress_d\/wp-json\/wp\/v2\/pages"}],"about":[{"href":"https:\/\/pax-friedensdienste.de\/wordpress_d\/wp-json\/wp\/v2\/types\/page"}],"author":[{"embeddable":true,"href":"https:\/\/pax-friedensdienste.de\/wordpress_d\/wp-json\/wp\/v2\/users\/1"}],"replies":[{"embeddable":true,"href":"https:\/\/pax-friedensdienste.de\/wordpress_d\/wp-json\/wp\/v2\/comments?post=137"}],"version-history":[{"count":24,"href":"https:\/\/pax-friedensdienste.de\/wordpress_d\/wp-json\/wp\/v2\/pages\/137\/revisions"}],"predecessor-version":[{"id":1746,"href":"https:\/\/pax-friedensdienste.de\/wordpress_d\/wp-json\/wp\/v2\/pages\/137\/revisions\/1746"}],"wp:attachment":[{"href":"https:\/\/pax-friedensdienste.de\/wordpress_d\/wp-json\/wp\/v2\/media?parent=137"}],"curies":[{"name":"wp","href":"https:\/\/api.w.org\/{rel}","templated":true}]}}