{"id":139,"date":"2019-09-16T18:24:02","date_gmt":"2019-09-16T17:24:02","guid":{"rendered":"https:\/\/pax-friedensdienste.de\/wordpress_d\/?page_id=139"},"modified":"2025-09-12T13:48:59","modified_gmt":"2025-09-12T12:48:59","slug":"integra-in-pristina","status":"publish","type":"page","link":"https:\/\/pax-friedensdienste.de\/wordpress_d\/integra-in-pristina\/","title":{"rendered":"Friedensdienst im Kosovo\/Pristina"},"content":{"rendered":"\nngg_shortcode_0_placeholder\n\n\n\n<figure class=\"wp-block-table is-style-stripes\"><table class=\"has-fixed-layout\"><tbody><tr><td><strong>Gastland<\/strong><\/td><td><strong>T\u00e4tigkeitsfeld<\/strong><\/td><td><strong>Landessprache<\/strong><\/td><td><\/td><\/tr><tr><td>Kosovo<\/td><td>NGO-Arbeit\/Frieden und Vers\u00f6hnung<\/td><td>albanisch\/serbisch<\/td><td><strong><mark style=\"background-color:rgba(0, 0, 0, 0);color:#008800\" class=\"has-inline-color\"><span class=\"tadv-color\" style=\"color:#cf2e2e\">f\u00fcr 2025\/26 besetzt<\/span><\/mark><\/strong><br><strong><mark style=\"background-color:rgba(0, 0, 0, 0);color:#00ff00\" class=\"has-inline-color\">f\u00fcr 2026\/27 frei<\/mark><\/strong><\/td><\/tr><\/tbody><\/table><\/figure>\n\n\n\n<p>Als Freiwillige*r in Pristina unterst\u00fctzt du die NGO Integra bei ihren Aktivit\u00e4ten in allen Bereichen. Dabei sind zentrale Aufgaben das Mitverfassen von Projektantr\u00e4gen und Projektberichten, die Mitarbeit bei der Organisation, Durchf\u00fchrung und Nachbereitung von Projekten und Veranstaltungen (z.B. Organisation von Workshops, Buchpr\u00e4sentationen und \u00d6ffentlichkeitsarbeit).<\/p>\n\n\n\n<p>Du hast die M\u00f6glichkeit, dich bei den Projekten von Integra einzubringen (Filmfestival, \u201ememory book\u201c, Make Love Not Aids\u2026) und eigenen Ideen umzusetzen. Die Arbeitssprache ist Englisch.<\/p>\n\n\n\n<p><strong>Du solltest mitbringen<\/strong><\/p>\n\n\n\n<ul class=\"wp-block-list\">\n<li>Interesse und ggf. Kenntnisse \u00fcber die Arbeitsthemen von Integra<\/li>\n\n\n\n<li>Sensibilit\u00e4t und Grundverst\u00e4ndnis f\u00fcr die Herausforderungen dieses Arbeitsfeldes<\/li>\n\n\n\n<li>Internetaffinit\u00e4t und Interesse an Design, Layout und Gestaltung<\/li>\n\n\n\n<li>Gute Englischkenntnisse<\/li>\n\n\n\n<li>Offenheit und Flexibilit\u00e4t mit Bezug auf verschiedene Kulturen, Lebensweisen und wechselnde T\u00e4tigkeitsfelder<\/li>\n\n\n\n<li>Belastbarkeit, strukturierte Arbeitsweise und Selbstst\u00e4ndigkeit<\/li>\n<\/ul>\n\n\n\n<h3 class=\"wp-block-heading\">Land und Leute<\/h3>\n\n\n\n<p>Kosovo ist ein sehr junges Land in S\u00fcdosteuropa mit knapp zwei Millionen Einwohner*innen. 2008 erkl\u00e4rte sich der Kosovo unabh\u00e4ngig und wird mittlerweile von den meisten Mitgliedsstaaten der Vereinten Nationen anerkannt. Der Kosovokrieg im Fr\u00fchjahr 1999 und die geschehenen Kriegsverbrechen pr\u00e4gen das Land und seine Bewohner*innen bis heute.<\/p>\n\n\n\n<h3 class=\"wp-block-heading\">T\u00e4tigkeit Partnerorganisation<\/h3>\n\n\n\n<p>Integra ist eine NGO, die 2003 von jungen Menschen gegr\u00fcndet wurde, um zu einer positiven Entwicklung des Kosovo beizutragen. Integra setzt sich f\u00fcr ein breites Spektrum an gesellschaftlichen Themen ein, darunter schwerpunktm\u00e4\u00dfig mit Menschen- und Minderheitenrechten, Vergangenheitsarbeit, Gesundheitspr\u00e4vention und Demokratie.<\/p>\n\n\n\n<p>Integra arbeitet oft projektbezogen und bedient sich vieler verschiedener Methoden. So sind sie z.B. Hauptakteur bei der Organisation eines gro\u00dfen serbisch-kosovarischen Kulturfestivals und bringen so die verschiedenen Kulturen friedlich zusammen.<\/p>\n\n\n\n<p>Gleichzeitig hat Integra sich zu einem zentralen Akteur im Bereich der Vergangenheitsaufarbeitung entwickelt. In diesem Zusammenhang nutzen sie die Methode des <em>Storytellings<\/em>; sammeln und publizieren also Narrative\/Geschichten der Opfer des Kosovokrieges. Au\u00dferdem tritt Integra f\u00fcr die verst\u00e4rkte Suche nach vermissten Personen aus der Kriegszeit ein. Ziel ist es, den Opfern \u2013 also einer gro\u00dfen Gruppe der Bev\u00f6lkerung \u2013 eine Stimme zu geben und Lobbyarbeit f\u00fcr ihre Anliegen zu betreiben.<\/p>\n\n\n\n<p>Mehr zur Arbeit von <a href=\"https:\/\/ngo-integra.org\" target=\"_blank\" rel=\"noreferrer noopener\">Integra<\/a> findest du auf ihrer <a href=\"https:\/\/ngo-integra.org\" target=\"_blank\" rel=\"noreferrer noopener\">Homepage<\/a>, bei <a href=\"https:\/\/www.facebook.com\/Integra-471945296197369\/?__mref=message_bubble\" target=\"_blank\" rel=\"noreferrer noopener\">facebook<\/a>, <a href=\"https:\/\/twitter.com\/IntegraNGO?fbclid=IwAR0Ynhj9YxdAPumSgAktvzxbiA8xXPqtooQCSwOs9f381w4JqAY0NS4POVo\" target=\"_blank\" rel=\"noreferrer noopener\">twitter<\/a> oder <a href=\"https:\/\/www.instagram.com\/integra_ngo\/\" target=\"_blank\" rel=\"noreferrer noopener\">instagram<\/a>.<\/p>\n\n\n\n<h3 class=\"wp-block-heading\">Warum ein Friedensdienst in Pristina wichtig ist:<\/h3>\n\n\n\n<p>Integra f\u00f6rdert die Vergangenheitsbew\u00e4ltigung durch multiethnische Kulturveranstaltungen und st\u00e4rkt das Bewusstsein f\u00fcr Menschenrechte durch Gesundheitsf\u00fcrsorge und Aufkl\u00e4rung \u2013 zwei zentrale Anliegen von pax christi!<\/p>\n\n\n\n<hr class=\"wp-block-separator has-css-opacity\"\/>\n\n\n\n<p>Die Besetzung dieser Stelle steht unter dem Vorbehalt der Fortsetzung der F\u00f6rdermittelbewilligung durch das \u201eweltw\u00e4rts\u201c Programm des Bundesministeriums f\u00fcr wirtschaftliche Zusammenarbeit und Entwicklung (BMZ).<\/p>\n\n\n\n<p>Hast du Lust einen Freiwilligendienst bei Integra zu machen?&nbsp;<\/p>\n\n\n\n<p><a href=\"https:\/\/pax-friedensdienste.de\/wordpress_d\/?page_id=15\">Hier<\/a> findest du alle Infos zur Bewerbung.<\/p>\n\n\n\n<p>Wenn du noch mehr \u00fcber das Leben im Kosovo erfahren m\u00f6chtest, kommst du&nbsp;<a href=\"https:\/\/pax-friedensdienste.de\/wordpress_d\/?p=333\">hier<\/a> zu den Erfahrungsberichten von ehemaligen Freiwilligen.&nbsp;<\/p>\n","protected":false},"excerpt":{"rendered":"<p>Gastland T\u00e4tigkeitsfeld Landessprache Kosovo NGO-Arbeit\/Frieden und Vers\u00f6hnung albanisch\/serbisch f\u00fcr 2025\/26 besetztf\u00fcr 2026\/27 frei Als Freiwillige*r in Pristina unterst\u00fctzt du die NGO Integra bei ihren Aktivit\u00e4ten in allen Bereichen. Dabei sind zentrale Aufgaben das Mitverfassen von Projektantr\u00e4gen und Projektberichten, die Mitarbeit bei der Organisation, Durchf\u00fchrung und Nachbereitung von Projekten und Veranstaltungen (z.B. Organisation von Workshops, Buchpr\u00e4sentationen&hellip;<\/p>\n","protected":false},"author":1,"featured_media":0,"parent":0,"menu_order":0,"comment_status":"closed","ping_status":"closed","template":"","meta":{"ngg_post_thumbnail":0,"footnotes":""},"class_list":["post-139","page","type-page","status-publish","hentry"],"_links":{"self":[{"href":"https:\/\/pax-friedensdienste.de\/wordpress_d\/wp-json\/wp\/v2\/pages\/139","targetHints":{"allow":["GET"]}}],"collection":[{"href":"https:\/\/pax-friedensdienste.de\/wordpress_d\/wp-json\/wp\/v2\/pages"}],"about":[{"href":"https:\/\/pax-friedensdienste.de\/wordpress_d\/wp-json\/wp\/v2\/types\/page"}],"author":[{"embeddable":true,"href":"https:\/\/pax-friedensdienste.de\/wordpress_d\/wp-json\/wp\/v2\/users\/1"}],"replies":[{"embeddable":true,"href":"https:\/\/pax-friedensdienste.de\/wordpress_d\/wp-json\/wp\/v2\/comments?post=139"}],"version-history":[{"count":29,"href":"https:\/\/pax-friedensdienste.de\/wordpress_d\/wp-json\/wp\/v2\/pages\/139\/revisions"}],"predecessor-version":[{"id":1744,"href":"https:\/\/pax-friedensdienste.de\/wordpress_d\/wp-json\/wp\/v2\/pages\/139\/revisions\/1744"}],"wp:attachment":[{"href":"https:\/\/pax-friedensdienste.de\/wordpress_d\/wp-json\/wp\/v2\/media?parent=139"}],"curies":[{"name":"wp","href":"https:\/\/api.w.org\/{rel}","templated":true}]}}