{"id":141,"date":"2019-09-16T18:24:18","date_gmt":"2019-09-16T17:24:18","guid":{"rendered":"https:\/\/pax-friedensdienste.de\/wordpress_d\/?page_id=141"},"modified":"2025-09-12T13:46:08","modified_gmt":"2025-09-12T12:46:08","slug":"caritas-und-das-forumzfd-in-sarajevo","status":"publish","type":"page","link":"https:\/\/pax-friedensdienste.de\/wordpress_d\/caritas-und-das-forumzfd-in-sarajevo\/","title":{"rendered":"Friedensdienst in Bosnien-Herzegowina"},"content":{"rendered":"\nngg_shortcode_0_placeholder\n\n\n\n<figure class=\"wp-block-table is-style-stripes\"><table class=\"has-black-color has-text-color has-fixed-layout\"><tbody><tr><td><strong>Gastland<\/strong>&nbsp;<\/td><td class=\"has-text-align-left\" data-align=\"left\"><strong>T\u00e4tigkeitsfeld<\/strong>&nbsp;<\/td><td class=\"has-text-align-left\" data-align=\"left\"><strong>Landessprache<\/strong><\/td><td class=\"has-text-align-left\" data-align=\"left\"><\/td><\/tr><tr><td>Bosnien-Herzegowina<\/td><td class=\"has-text-align-left\" data-align=\"left\">Arbeit mit Gefl\u00fcchteten<\/td><td class=\"has-text-align-left\" data-align=\"left\">Bosnisch\/serbisch\/kroatisch<\/td><td class=\"has-text-align-left\" data-align=\"left\"><strong><mark style=\"background-color:rgba(0, 0, 0, 0)\" class=\"has-inline-color has-vivid-red-color\">f\u00fcr 2025\/26 besetzt<\/mark><\/strong><br><span class=\"tadv-color\" style=\"color:#cf2e2e\"><strong><mark style=\"background-color:#ffffff;color:#00ff00\" class=\"has-inline-color\">f\u00fcr 2026\/27 2x frei<\/mark><\/strong><\/span><\/td><\/tr><\/tbody><\/table><\/figure>\n\n\n\n<h2 class=\"wp-block-heading has-text-align-center\">Freiwilliger Friedensdienst beim Jesuit Refugee Service (JRS) in Bihac und Sarajevo<\/h2>\n\n\n\n<p>In diesem Projekt bieten wir gleich zwei identisch aufgebaute Stellen an. Als Freiwillige*r in Bosnien und Herzegowina arbeitest du bei unserer Partnerorganisation dem Jesuit Refugee Service (JRS) in den St\u00e4dten Bihac und Sarajevo.<\/p>\n\n\n\n<p>Der Jesuiten-Fl\u00fcchtlingsdienst ist eine gemeinn\u00fctzige humanit\u00e4re Organisation, deren Aufgabe es ist, Gefl\u00fcchtete und unfreiwillige Migrant*innen zu begleiten, zu unterst\u00fctzen und f\u00fcr deren Rechte einzutreten. Der JRS Bosnien-Herzegowina ist Teil der 1980 gegr\u00fcndeten internationalen humanit\u00e4ren Organisation, derzeit betreut der JRS in 50 L\u00e4ndern weltweit fast eine Million Gefl\u00fcchtete und Migrant*innen.<\/p>\n\n\n\n<p>Auf der <a href=\"https:\/\/jrs.net\/en\/country\/bosnia-herzegovina\/\" target=\"_blank\" rel=\"noreferrer noopener\">Homepage<\/a> oder <a href=\"https:\/\/www.facebook.com\/JRSbih\/?locale=es_LA\" target=\"_blank\" rel=\"noreferrer noopener\">facebook<\/a> erf\u00e4hrst du noch mehr \u00fcber die Arbeit der Jesuit Refugee Service in Bosnien und Herzegowina.<\/p>\n\n\n\n<p><strong>Zu den Aufgaben der Organisation in Bosnien und Herzegowina z\u00e4hlen:<\/strong><\/p>\n\n\n\n<ul class=\"wp-block-list\">\n<li>Unterst\u00fctzung der Gefl\u00fcchteten&nbsp;in gro\u00dfen Fl\u00fcchtlingslagern oder St\u00e4dten<\/li>\n\n\n\n<li>Betreuung von Migrant*innen im eigenen Land<\/li>\n\n\n\n<li>Unterst\u00fctzung von Asylbewerber*innen<\/li>\n\n\n\n<li>Unterst\u00fctzung von inhaftierten Menschen<\/li>\n<\/ul>\n\n\n\n<p>Aufgrund der zunehmenden Zahl an Gefl\u00fcchteten, die j\u00e4hrlich in Bosnien und Herzegowina ankommen, weitet der JRS seine Arbeit kontinuierlich aus.<\/p>\n\n\n\n<p>Der JRS Bosnien-Herzegowina ist in sechs offiziellen Fl\u00fcchtlingslagern t\u00e4tig, dort bieten sie den Gefl\u00fcchteten qualitativ hochwertige \u00dcbersetzungsleistungen an, um ihre Menschenrechte zu gew\u00e4hrleisten. Au\u00dferdem bietet der JRS Sprachkurse in Bosnisch und Englisch an und veranstaltet Workshops zu der Kultur und Geschichte Bosnien und Herzegowinas und anderen europ\u00e4ischen L\u00e4ndern.<\/p>\n\n\n\n<p>Rund um Biha\u0107 gibt es ca. 80 kleinere \u201ewilde Fl\u00fcchtlingslager\u201c, in denen die Gefl\u00fcchteten auf sich allein gestellt leben, an diesen Stellen verteilt der JRS Bosnien-Herzegowina Pakete mit Essen und andere Hilfsg\u00fcter.<\/p>\n\n\n\n<p>Seit November 2020 betreut das JRS ein Aufnahmezentrum in Sarajewo, in dem die Gefl\u00fcchteten und Migrant*innen vor\u00fcbergehend Zuflucht finden (z.B. in den Wintermonaten). Der Standort in Sarajevo bietet vielseitige Einsatzm\u00f6glichkeiten f\u00fcr die Freiwilligen und wird derzeit erweitert.<\/p>\n\n\n\n<p><strong>Deine Aufgaben als Freiwillige*r:<\/strong><\/p>\n\n\n\n<p>Du hast eine unterst\u00fctzende Rolle und ersetzt nicht die Arbeitspl\u00e4tze der lokale Mitarbeiter*innen.<\/p>\n\n\n\n<ul class=\"wp-block-list\">\n<li>Workshops in den tempor\u00e4ren Aufnahmezentren, wie Sprachkurse oder andere kreative Aktivit\u00e4ten<\/li>\n\n\n\n<li>Unterst\u00fctzung bei der Verteilung von Non-Food-Artikeln<\/li>\n\n\n\n<li>Organisation und Unterst\u00fctzung von Sport- und Freizeitaktivit\u00e4ten<\/li>\n\n\n\n<li>Arbeit mit gefl\u00fcchteten Menschen aus der Ukraine<\/li>\n\n\n\n<li>Mitarbeit im Tageszentrum in Sarajevo (Organisation von sportlichen oder musikalischen Aktivit\u00e4ten, Spielen und Ausfl\u00fcgen)<\/li>\n<\/ul>\n\n\n\n<p class=\"has-medium-font-size\" id=\"Du-Solltest-mitbringen-:\"><strong>Du solltest mitbringen:<\/strong><\/p>\n\n\n\n<ul class=\"wp-block-list\">\n<li>Gro\u00dfe Eigeninitiative und kreative Ideen<\/li>\n\n\n\n<li>Anpassungsf\u00e4higkeit an fremde Kulturen<\/li>\n\n\n\n<li>F\u00e4higkeit zur Teamarbeit<\/li>\n\n\n\n<li>Verantwortungsbewusstsein<\/li>\n\n\n\n<li>Interesse an der Arbeit mit Kindern und Jugendlichen<\/li>\n\n\n\n<li>Geduld, Flexibilit\u00e4t, Offenheit und Durchsetzungsverm\u00f6gen<\/li>\n\n\n\n<li>Interesse an Sprachen und Sprachunterricht<\/li>\n\n\n\n<li>positive Aufgeschlossenheit anderer Religionen gegen\u00fcber<\/li>\n\n\n\n<li>Englisch- und EDV-Kenntnisse<\/li>\n<\/ul>\n\n\n\n<h3 class=\"wp-block-heading\" id=\"land-und-leute\">Land und Leute<\/h3>\n\n\n\n<p>Das kleine Balkanland verspr\u00fcht mit seinen knapp \u00fcber 3,7 Millionen Einwohner*innen aller ethnischen Gruppen, fast 30 Jahre nach dem Ende des B\u00fcrgerkrieges (1992-95), neue Energie. Vielfach ist das Land wiederaufgebaut. Im Stadtzentrum Sarajevos begegnen sich alle Religionen: Der islamische Muezzin ruft neben der katholischen Kathedrale und alten orthodoxen Kirche zum Gebet. Viele internationale G\u00e4ste besuchen das Land, vor allem die Hauptstadt Sarajevo, die seit jeher im Herzen Europas an der Schnittstelle zwischen Islam und Christentum liegt.<\/p>\n\n\n\n<h3 class=\"wp-block-heading\" id=\"warum-ein-friedensdienst-in-sarajevo-wichtig-ist\">Warum ein Friedensdienst in Bosnien und Herzegowina wichtig ist:<\/h3>\n\n\n\n<p>Seitdem L\u00e4nder wie Ungarn Grenzz\u00e4une hochgezogen haben, versuchen viele Migrant*innen und Gefl\u00fcchtete \u00fcber Bosnien und Herzegowina in die Europ\u00e4ische Union zu kommen. Obwohl kaum jemand vorhat im Land zu bleiben, versucht das JRS zu gew\u00e4hrleisten, dass sich die Leute willkommen f\u00fchlen.<\/p>\n\n\n\n<hr class=\"wp-block-separator has-css-opacity\"\/>\n\n\n\n<p>Die Besetzung dieser Stelle steht unter dem Vorbehalt der Fortsetzung der F\u00f6rdermittelbewilligung durch das \u201eweltw\u00e4rts\u201c Programm des Bundesministeriums f\u00fcr wirtschaftliche Zusammenarbeit und Entwicklung (BMZ).<\/p>\n\n\n\n<p>Hast du Lust einen Freiwilligendienst in Bosnien und Herzegowina zu machen? <\/p>\n\n\n\n<p><a href=\"https:\/\/pax-friedensdienste.de\/wordpress_d\/?page_id=15\">Hier<\/a> findest du alle Infos zur Bewerbung.&nbsp;&nbsp;<\/p>\n\n\n\n<p>Wenn du noch mehr \u00fcber das Leben und Arbeiten in Bosnien und Herzegowina erfahren m\u00f6chtest, kommst du <a href=\"https:\/\/pax-friedensdienste.de\/wordpress_d\/?p=378\">hier<\/a> zu den Erfahrungsberichten von ehemaligen Freiwilligen.<\/p>\n","protected":false},"excerpt":{"rendered":"<p>Gastland&nbsp; T\u00e4tigkeitsfeld&nbsp; Landessprache Bosnien-Herzegowina Arbeit mit Gefl\u00fcchteten Bosnisch\/serbisch\/kroatisch f\u00fcr 2025\/26 besetztf\u00fcr 2026\/27 2x frei Freiwilliger Friedensdienst beim Jesuit Refugee Service (JRS) in Bihac und Sarajevo In diesem Projekt bieten wir gleich zwei identisch aufgebaute Stellen an. Als Freiwillige*r in Bosnien und Herzegowina arbeitest du bei unserer Partnerorganisation dem Jesuit Refugee Service (JRS) in den St\u00e4dten&hellip;<\/p>\n","protected":false},"author":1,"featured_media":0,"parent":0,"menu_order":0,"comment_status":"closed","ping_status":"closed","template":"","meta":{"ngg_post_thumbnail":0,"footnotes":""},"class_list":["post-141","page","type-page","status-publish","hentry"],"_links":{"self":[{"href":"https:\/\/pax-friedensdienste.de\/wordpress_d\/wp-json\/wp\/v2\/pages\/141","targetHints":{"allow":["GET"]}}],"collection":[{"href":"https:\/\/pax-friedensdienste.de\/wordpress_d\/wp-json\/wp\/v2\/pages"}],"about":[{"href":"https:\/\/pax-friedensdienste.de\/wordpress_d\/wp-json\/wp\/v2\/types\/page"}],"author":[{"embeddable":true,"href":"https:\/\/pax-friedensdienste.de\/wordpress_d\/wp-json\/wp\/v2\/users\/1"}],"replies":[{"embeddable":true,"href":"https:\/\/pax-friedensdienste.de\/wordpress_d\/wp-json\/wp\/v2\/comments?post=141"}],"version-history":[{"count":42,"href":"https:\/\/pax-friedensdienste.de\/wordpress_d\/wp-json\/wp\/v2\/pages\/141\/revisions"}],"predecessor-version":[{"id":1743,"href":"https:\/\/pax-friedensdienste.de\/wordpress_d\/wp-json\/wp\/v2\/pages\/141\/revisions\/1743"}],"wp:attachment":[{"href":"https:\/\/pax-friedensdienste.de\/wordpress_d\/wp-json\/wp\/v2\/media?parent=141"}],"curies":[{"name":"wp","href":"https:\/\/api.w.org\/{rel}","templated":true}]}}