{"id":155,"date":"2019-09-26T16:34:17","date_gmt":"2019-09-26T15:34:17","guid":{"rendered":"https:\/\/pax-friedensdienste.de\/wordpress_d\/?page_id=155"},"modified":"2025-03-06T10:44:36","modified_gmt":"2025-03-06T09:44:36","slug":"rahmenbedingungen","status":"publish","type":"page","link":"https:\/\/pax-friedensdienste.de\/wordpress_d\/rahmenbedingungen\/","title":{"rendered":"Rahmenbedingungen"},"content":{"rendered":"\n<h4 class=\"wp-block-heading\">&nbsp;<\/h4>\n\n\n\n<h4 class=\"wp-block-heading\">Hier findest du alle Infos dar\u00fcber, wie der freiwillige Friedensdienst mit pax christi abl\u00e4uft.&nbsp;<\/h4>\n\n\n\nngg_shortcode_0_placeholder\n\n\n\n<p>Der freiwillige Friedensdienst mit pax christi dauert 12 Monate, zuz\u00fcglich Vor- und Nachbereitungszeit. Die Vorbereitungsseminare finden i.d.R. im April und im Juli statt. Die Dienstzeit im Ausland beginnt ca. Mitte August und endet dementsprechend Mitte August des folgenden Jahres. Im September gibt es dann noch ein Schlussauswertungsseminar.<\/p>\n\n\n\n<p class=\"has-text-align-left\">Bewerber *innen f\u00fcr Einsatzstellen, die mit dem Europ\u00e4ischen Solidarit\u00e4tskorps gef\u00f6rdert werden, m\u00fcssen bei Beginn des Dienstes zwischen 18 und 30 Jahren alt sein. Bewerber*innen f\u00fcr weltw\u00e4rts-Einsatzstellen zwischen 18 und 28.<\/p>\n\n\n\n<h3 class=\"wp-block-heading\">Leistungen<\/h3>\n\n\n\n<div><span style=\"color: #000000;\">W\u00e4hrend des freiwilligen Friedensdienstes bekommst du von uns<\/span><\/div>\n<div><span style=\"color: #000000;\">&nbsp;<\/span><\/div>\n<ul>\n<li>Ein monatliches Taschengeld<\/li>\n<li>Unterkunft und Verpflegung gestellt oder bezahlt<\/li>\n<li>Bei Bedarf einen Intensiv-Sprachkurs im Gastland (evtl. anteilig)<\/li>\n<li>Begleitseminare (Einf\u00fchrungs-, Vorbereitungs-, Zwischenauswertungs- und Schlussauswertungsseminar). F\u00fcr weltw\u00e4rts-Freiwillige voraussichtlich 25, f\u00fcr ESK-Freiwillige 15 Tage<\/li>\n<li>eine Auslandskrankenversicherung sowie eine Unfall- und Haftpflichtversicherung<\/li>\n<li>notwendige Impfungen (nach vorheriger Absprache)<\/li>\n<li>Visums- und Aufenthaltserlaubniskosten (anteilig)<\/li>\n<li>je nach Programm Fahrtkosten ins Gastland zu Dienstbeginn und Dienstende<\/li>\n<\/ul>\n<h2><span style=\"color: #000000;\"><b><u>Ablauf des freiwilligen Friedensdienstes:<\/u><\/b><\/span><\/h2>\n<p><span style=\"color: #000000;\"><b>Vorbereitung&nbsp;<\/b><\/span><\/p>\n<p><span style=\"color: #000000;\"> W\u00e4hrend des Einf\u00fchrungsseminars lernst du deine Kolleg*innen deines Freiwilligenjahrgangs kennen und erh\u00e4ltst viele wertvolle Hinweise f\u00fcr deinen Aufenthalt im Ausland und die Vorbereitungszeit darauf. Im Vorbereitungsseminar stehen, neben notwendigen Infos zum Organisatorischen, inhaltliche Einheiten auf dem Programm und es bleibt viel Raum f\u00fcr praktische und pers\u00f6nliche Fragen. Den Abschluss der Vorbereitungszeit bildet eine kleine Feier, zu der auch Freund*innen und Familie eingeladen sind. &nbsp;&nbsp;<\/span><\/p>\n<p><span style=\"color: #000000;\">Eine pers\u00f6nliche Vorbereitung in Form von Aneignung wichtiger Kenntnisse (z.B. p\u00e4dagogische Grundkenntnisse) f\u00fcr die jeweilige Einsatzstelle ist hilfreich.<\/span><\/p>\n<p><strong>Ausreise<\/strong><\/p>\n<p>Gemeinsam mit deinen Jahrgangskolleg*innen reist du ins Gastland aus. Begleitend w\u00e4hrend des Jahres bekommst du einen Sprachkurs (anteilig) finanziert.&nbsp;<\/p>\n<p><span style=\"color: #000000;\"><b>Zwischenauswertung<\/b><\/span><\/p>\n<p><span style=\"color: #000000;\"> Nach ca. 6 Monaten in der Einsatzstelle findet eine Zwischenauswertung statt. Diese bietet die Chance, eine Zwischenbilanz zu ziehen, sich mit anderen Freiwilligen auszutauschen und eventuelle Probleme zu l\u00f6sen.<\/span><\/p>\n<p><span style=\"color: #000000;\"><b>Begleitung<\/b><\/span><\/p>\n<p><span style=\"color: #000000;\"> W\u00e4hrend des freiwilligen Friedensdienstes erfolgt eine regelm\u00e4\u00dfige Begleitung durch pax christi. In den Einsatzstellen stehen au\u00dfer den Vorgesetzten weitere Ansprechpartner*innen zur Verf\u00fcgung. Wir bem\u00fchen uns Mentor*innen f\u00fcr alle Einsatzorte zu organisieren, damit auch eine gute Betreuung au\u00dferhalb des Arbeitsplatzes vor Ort gew\u00e4hrleistet ist.<\/span><\/p>\n<p><span style=\"color: #000000;\"><b>Schlussphase<\/b><\/span><\/p>\n<p><span style=\"color: #000000;\"> Zur\u00fcck in Deutschland siehst du bei der Schlussauswertung deine Freiwilligenkolleg*innen wieder. Durch die Erz\u00e4hlungen der gemachten Erfahrungen, einer Auswertung deines freiwilligen Friedensdienstes im Ausland und inhaltlichen Arbeiten zum Thema \u201eR\u00fcckkehr\u201c soll dir so die Wiedereingliederung in der Heimat erleichtert werden. Auf der pax-christi-Di\u00f6zesanversammlung wird dein Jahrgang offiziell verabschiedet.<\/span><\/p>\n<p><span style=\"color: #000000;\"><b>Arbeitszeit und Urlaubsanspruch&nbsp;<\/b><\/span><\/p>\n<p><span style=\"color: #000000;\"> Als Freiwillige*r arbeitest du in der Einsatzstelle, abh\u00e4ngig von den Gegebenheiten, zwischen 30 und 40 Stunden in der Woche. W\u00e4hrend der Dienstzeit besteht ein Anspruch auf 20 Tage Urlaub (weltw\u00e4rts), bzw 2 Tage pro Monat (ESK).<\/span><\/p>\n<p><span style=\"color: #000000;\"><b>Finanzierung<\/b><\/span><\/p>\n<p><span style=\"color: #000000;\">pax christi beantragt f\u00fcr die Durchf\u00fchrung der freiwilligen Friedensdienste staatliche Zusch\u00fcsse im EU-Programm \u201eEurop\u00e4ischer Solidarit\u00e4tskorps\u201c (ESK) und im Programm \u201eweltw\u00e4rts\u201c des Bundesministeriums f\u00fcr wirtschaftliche Zusammenarbeit und Entwicklung (BMZ). Je nachdem in welche Einsatzstelle du entsandt wirst, erfolgt dein Dienst nach dem jeweiligen F\u00f6rderprogramm \u2013 f\u00fcr uns bleibst du allerdings unabh\u00e4ngig von der rechtlichen Entsendeform ein*e pax christi Freiwillige*r.<br><\/span><\/p>\n<figure><img loading=\"lazy\" decoding=\"async\" class=\"alignleft\" title=\"Logo weltw\u00e4rts\" src=\"https:\/\/paxchristi-viur.appspot.com\/file\/download\/AMIfv96KdQm9L0E4929NAIdVz7RD9GT8NuSXK-B5Ll5rGe5gY8T9Dfs6igoQh0uYXUSvbm0VXWKptMqMyUiGAP7ESQfad3TJdDlg91rknLNCkfCk1MCEjbHxZ7XvpX6YAoEvqSbMjjsCHbrqzXGSq4FbhCk7_k2k8khKMcacHeNF6ewmEfCCQl4\/Logo-weltw\u00e4rts.jpg\" width=\"220\" height=\"70\"> <img loading=\"lazy\" decoding=\"async\" class=\"wp-image-1527 alignright\" src=\"https:\/\/pax-friedensdienste.de\/wordpress_d\/wp-content\/uploads\/2024\/09\/DE-Kofinanziert-von-der-Europaeischen-Union_PANTONE-scaled.jpg\" alt=\"\" width=\"300\" height=\"63\" srcset=\"https:\/\/pax-friedensdienste.de\/wordpress_d\/wp-content\/uploads\/2024\/09\/DE-Kofinanziert-von-der-Europaeischen-Union_PANTONE-scaled.jpg 2560w, https:\/\/pax-friedensdienste.de\/wordpress_d\/wp-content\/uploads\/2024\/09\/DE-Kofinanziert-von-der-Europaeischen-Union_PANTONE-300x63.jpg 300w, https:\/\/pax-friedensdienste.de\/wordpress_d\/wp-content\/uploads\/2024\/09\/DE-Kofinanziert-von-der-Europaeischen-Union_PANTONE-1024x215.jpg 1024w, https:\/\/pax-friedensdienste.de\/wordpress_d\/wp-content\/uploads\/2024\/09\/DE-Kofinanziert-von-der-Europaeischen-Union_PANTONE-768x161.jpg 768w, https:\/\/pax-friedensdienste.de\/wordpress_d\/wp-content\/uploads\/2024\/09\/DE-Kofinanziert-von-der-Europaeischen-Union_PANTONE-1536x322.jpg 1536w, https:\/\/pax-friedensdienste.de\/wordpress_d\/wp-content\/uploads\/2024\/09\/DE-Kofinanziert-von-der-Europaeischen-Union_PANTONE-2048x430.jpg 2048w\" sizes=\"auto, (max-width: 300px) 100vw, 300px\" \/><\/figure>\n<figure><\/figure>\n<p><span style=\"color: #000000;\"> &nbsp;<br><\/span><\/p>\n<p>&nbsp;<\/p>\n<p>&nbsp;<\/p>\n<p>&nbsp;<\/p>\n<p><span style=\"color: #000000;\">Eine 12-monatige Entsendung kostet pax christi als Tr\u00e4ger je Freiwillige*n ca. 10.000\u20ac-15.000\u20ac. So werden die Kosten f\u00fcr Unterkunft, Verpflegung, Reise, Versicherung, Sprachkurs, Seminar- und Begleitkosten abgedeckt. Diese Kosten werden zum Gro\u00dfteil von den beiden F\u00f6rderprogramme \u00fcbernommen. Um auch die restliche Finanzierung zu gew\u00e4hrleisten und um dich inhaltlich zu unterst\u00fctzen, ist der Aufbau eines Unterst\u00fctzendenkreises der Freiwilligen erw\u00fcnscht. Dieser Unterst\u00fctzendenkreis spendet idealerweise auch in den Solidarit\u00e4tstopf eures Jahrgangs. pax christi steht euch dabei zur Seite und hilft bei der Organisation und Koordination.<\/span><\/p>\n<p><span style=\"color: #000000;\"><b>Freiwilligenrundbrief<\/b><\/span><\/p>\n<p><span style=\"color: #000000;\"> Als Dankesch\u00f6n erhalten alle Unterst\u00fctzer*innen den alle 6 Monate erscheinenden Freiwilligenrundbrief, in dem ihr \u00fcber euren freiwilligen Friedensdienst berichtet.<\/span><\/p>\n<p><span style=\"color: #000000;\"> Selbstverst\u00e4ndlich erhalten alle Unterst\u00fctzer*innen f\u00fcr Ihre Spenden eine Spendenbescheinigung. Das Geld kommt ausschlie\u00dflich den freiwilligen Friedensdiensten zugute.&nbsp;<\/span><\/p>\n<p><span style=\"color: #000000;\"><b>Kindergeldanspruch<\/b><\/span><\/p>\n<p><span style=\"color: #000000;\"> Nach \u00a72 Bundeskindergeldgesetzt besteht f\u00fcr Freiwillige, die einen Freiwilligendienst im Rahmen des \u201eEurop\u00e4ischen Solidarit\u00e4tskorps\u201c oder des \u201eweltw\u00e4rts\u201c-Programmes leisten, der gesetzliche Kindergeldanspruch weiter fort.<\/span><\/p>\n","protected":false},"excerpt":{"rendered":"<p>&nbsp; Hier findest du alle Infos dar\u00fcber, wie der freiwillige Friedensdienst mit pax christi abl\u00e4uft.&nbsp; Der freiwillige Friedensdienst mit pax christi dauert 12 Monate, zuz\u00fcglich Vor- und Nachbereitungszeit. Die Vorbereitungsseminare finden i.d.R. im April und im Juli statt. Die Dienstzeit im Ausland beginnt ca. Mitte August und endet dementsprechend Mitte August des folgenden Jahres. Im&hellip;<\/p>\n","protected":false},"author":1,"featured_media":0,"parent":0,"menu_order":0,"comment_status":"closed","ping_status":"closed","template":"","meta":{"ngg_post_thumbnail":0,"footnotes":""},"class_list":["post-155","page","type-page","status-publish","hentry"],"_links":{"self":[{"href":"https:\/\/pax-friedensdienste.de\/wordpress_d\/wp-json\/wp\/v2\/pages\/155","targetHints":{"allow":["GET"]}}],"collection":[{"href":"https:\/\/pax-friedensdienste.de\/wordpress_d\/wp-json\/wp\/v2\/pages"}],"about":[{"href":"https:\/\/pax-friedensdienste.de\/wordpress_d\/wp-json\/wp\/v2\/types\/page"}],"author":[{"embeddable":true,"href":"https:\/\/pax-friedensdienste.de\/wordpress_d\/wp-json\/wp\/v2\/users\/1"}],"replies":[{"embeddable":true,"href":"https:\/\/pax-friedensdienste.de\/wordpress_d\/wp-json\/wp\/v2\/comments?post=155"}],"version-history":[{"count":29,"href":"https:\/\/pax-friedensdienste.de\/wordpress_d\/wp-json\/wp\/v2\/pages\/155\/revisions"}],"predecessor-version":[{"id":1595,"href":"https:\/\/pax-friedensdienste.de\/wordpress_d\/wp-json\/wp\/v2\/pages\/155\/revisions\/1595"}],"wp:attachment":[{"href":"https:\/\/pax-friedensdienste.de\/wordpress_d\/wp-json\/wp\/v2\/media?parent=155"}],"curies":[{"name":"wp","href":"https:\/\/api.w.org\/{rel}","templated":true}]}}