{"id":1575,"date":"2024-11-28T11:04:06","date_gmt":"2024-11-28T10:04:06","guid":{"rendered":"https:\/\/pax-friedensdienste.de\/wordpress_d\/?page_id=1575"},"modified":"2025-10-15T12:44:13","modified_gmt":"2025-10-15T11:44:13","slug":"menschenrechtsfoerderung-im-kosovo","status":"publish","type":"page","link":"https:\/\/pax-friedensdienste.de\/wordpress_d\/menschenrechtsfoerderung-im-kosovo\/","title":{"rendered":"Menschenrechtsf\u00f6rderung im Kosovo"},"content":{"rendered":"\nngg_shortcode_0_placeholder\n\n\n\n<figure class=\"wp-block-table is-style-stripes\"><table class=\"has-fixed-layout\"><tbody><tr><td><strong>Gastland<\/strong><\/td><td><strong>T\u00e4tigkeitsfeld<\/strong><\/td><td><strong>Landessprache<\/strong><\/td><td><\/td><\/tr><tr><td>Kosovo<\/td><td>NGO-Arbeit\/Menschenrechte<\/td><td>albanisch\/serbisch<\/td><td><strong><mark style=\"background-color:rgba(0, 0, 0, 0);color:#008800\" class=\"has-inline-color\"><span class=\"tadv-color\" style=\"color:#cf2e2e\">f\u00fcr 2025\/26 besetzt<\/span><\/mark><\/strong><br><strong><mark style=\"background-color:rgba(0, 0, 0, 0);color:#00ff00\" class=\"has-inline-color\">f\u00fcr 2026\/27 2x frei<\/mark><\/strong><\/td><\/tr><\/tbody><\/table><\/figure>\n\n\n\n<p><strong>T\u00e4tigkeitsfeld: YIHR \u2013 Youth Initiative for Human Rights<\/strong><\/p>\n\n\n\n<p>In diesem Projekt bieten wir bis zu zwei identische Stellen f\u00fcr Freiwillige an. Als Freiwillige*r in Pristina unterst\u00fctzt du die NGO Youth Initiative for Human Rights \u2013 YIHR (Gewinner des Aachener Friedenspreises 2024! \ud83d\ude0a) bei ihren Aktivit\u00e4ten in verschiedenen Bereichen. Zentrale Aufgaben sind:<\/p>\n\n\n\n<ul class=\"wp-block-list\">\n<li>\u00d6ffentlichkeitsarbeit<\/li>\n\n\n\n<li>Artikel f\u00fcr die Homepage verfassen<\/li>\n\n\n\n<li>Mitgestaltung und Planung von Workshops<\/li>\n\n\n\n<li>W\u00f6chentliche News Briefings f\u00fcr alle Mitarbeitenden<\/li>\n\n\n\n<li>Mitgestaltung der Human Rights Week und Pride Week (Verfassung von Berichten, Durchf\u00fchrung von Interviews mit Aktivist*innen u.a.)<\/li>\n\n\n\n<li>administrative Arbeit (B\u00fcroarbeit, Recherche, Reports, Korrekturlesung und vieles mehr)<\/li>\n\n\n\n<li>Arbeit als Tourguide\/Begleitung im Children of War Museum in Pristina (Schulung findet vor Ort statt)<\/li>\n<\/ul>\n\n\n\n<p>Bei der YIHR hast du die M\u00f6glichkeit, deine Ideen zum Thema Menschenrechte kreativ einzubringen. Eigeninitiative ist sehr erw\u00fcnscht! Die Arbeitssprache ist Englisch.<\/p>\n\n\n\n<p><strong>Du solltest mitbringen:<\/strong><\/p>\n\n\n\n<ul class=\"wp-block-list\">\n<li>Interesse und ggf. Vorkenntnisse \u00fcber Menschenrechte und die Arbeitsthemen der YIHR<\/li>\n\n\n\n<li>Empathie und Sensibilit\u00e4t f\u00fcr die Herausforderungen dieses Arbeitsfeldes<\/li>\n\n\n\n<li>Internetaffinit\u00e4t<\/li>\n\n\n\n<li>Gute Englischkenntnisse<\/li>\n\n\n\n<li>Offenheit und Sensibilit\u00e4t mit Bezug auf verschiedene Kulturen, Lebensweisen und wechselnde T\u00e4tigkeitsfelder<\/li>\n\n\n\n<li>Belastbarkeit, Eigeninitiative, strukturierte Arbeitsweise und Selbstst\u00e4ndigkeit<\/li>\n<\/ul>\n\n\n\n<p><strong>Land und Leute<\/strong><\/p>\n\n\n\n<p>Kosovo ist ein sehr junges Land in S\u00fcdosteuropa mit knapp zwei Millionen Einwohner*innen. 2008 erkl\u00e4rte sich der Kosovo unabh\u00e4ngig und wird mittlerweile von den meisten Mitgliedsstaaten der Vereinten Nationen anerkannt. Der Kosovokrieg im Fr\u00fchjahr 1999 und die geschehenen Kriegsverbrechen pr\u00e4gen das Land und seine Bewohner*innen bis heute.<\/p>\n\n\n\n<p><strong>T\u00e4tigkeit der Partnerorganisation<\/strong><\/p>\n\n\n\n<p>Die Youth Initiative for Human Rights \u2013 YIHR wurde im Jahr 2003 als Nichtregierungsorganisation gegr\u00fcndet, die sich sp\u00e4ter in ein regionales Netzwerk von Organisationen mit Sitz im Kosovo, Serbien, Montenegro, Bosnien und Herzegowina und Kroatien verwandelte.<\/p>\n\n\n\n<p>Die YIHR \u2013 Kosovo wurde im Jahr 2004 gegr\u00fcndet. Seit 20 Jahren setzt sich die YIHR KS erfolgreich f\u00fcr den Schutz und die F\u00f6rderung von Menschenrechten und demokratischen Werten nicht nur im Kosovo, sondern auch in der Region ein. YIHR KS konzentriert sich insbesondere auf den Prozess der Vergangenheitsbew\u00e4ltigung, den Schutz der Menschenrechte und der Rechtsstaatlichkeit sowie die St\u00e4rkung der Jugend auf lokaler und regionaler Ebene.<\/p>\n\n\n\n<p><strong>Warum ein Friedensdienst in Pristina wichtig ist:<\/strong><\/p>\n\n\n\n<p>Die YIHR f\u00f6rdert Menschenrechte, die Vergangenheitsbew\u00e4ltigung und demokratische Werte, drei zentrale Werte \u2013 drei zentrale Anliegen von pax christi!<\/p>\n\n\n\n<hr class=\"wp-block-separator has-alpha-channel-opacity\"\/>\n\n\n\n<p>Die Besetzung dieser Stelle steht unter dem Vorbehalt der Fortsetzung der F\u00f6rdermittelbewilligung durch das \u201eweltw\u00e4rts\u201c Programm des Bundesministeriums f\u00fcr wirtschaftliche Zusammenarbeit und Entwicklung (BMZ).<\/p>\n\n\n\n<p>Hast du Lust einen Freiwilligendienst bei der Youth Initiative for Human Rights zu machen?&nbsp;<\/p>\n\n\n\n<p><a href=\"https:\/\/pax-friedensdienste.de\/wordpress_d\/?page_id=15\">Hier<\/a> findest du alle Infos zur Bewerbung.<\/p>\n\n\n\n<p>Wenn du noch mehr \u00fcber das Leben im Kosovo erfahren m\u00f6chtest, kommst du&nbsp;<a href=\"https:\/\/pax-friedensdienste.de\/wordpress_d\/?p=333\">hier<\/a> zu den Erfahrungsberichten von ehemaligen Freiwilligen.&nbsp;<\/p>\n\n\n\n<p><\/p>\n","protected":false},"excerpt":{"rendered":"<p>Gastland T\u00e4tigkeitsfeld Landessprache Kosovo NGO-Arbeit\/Menschenrechte albanisch\/serbisch f\u00fcr 2025\/26 besetztf\u00fcr 2026\/27 2x frei T\u00e4tigkeitsfeld: YIHR \u2013 Youth Initiative for Human Rights In diesem Projekt bieten wir bis zu zwei identische Stellen f\u00fcr Freiwillige an. Als Freiwillige*r in Pristina unterst\u00fctzt du die NGO Youth Initiative for Human Rights \u2013 YIHR (Gewinner des Aachener Friedenspreises 2024! \ud83d\ude0a) bei&hellip;<\/p>\n","protected":false},"author":1,"featured_media":0,"parent":0,"menu_order":0,"comment_status":"closed","ping_status":"closed","template":"","meta":{"ngg_post_thumbnail":0,"footnotes":""},"class_list":["post-1575","page","type-page","status-publish","hentry"],"_links":{"self":[{"href":"https:\/\/pax-friedensdienste.de\/wordpress_d\/wp-json\/wp\/v2\/pages\/1575","targetHints":{"allow":["GET"]}}],"collection":[{"href":"https:\/\/pax-friedensdienste.de\/wordpress_d\/wp-json\/wp\/v2\/pages"}],"about":[{"href":"https:\/\/pax-friedensdienste.de\/wordpress_d\/wp-json\/wp\/v2\/types\/page"}],"author":[{"embeddable":true,"href":"https:\/\/pax-friedensdienste.de\/wordpress_d\/wp-json\/wp\/v2\/users\/1"}],"replies":[{"embeddable":true,"href":"https:\/\/pax-friedensdienste.de\/wordpress_d\/wp-json\/wp\/v2\/comments?post=1575"}],"version-history":[{"count":9,"href":"https:\/\/pax-friedensdienste.de\/wordpress_d\/wp-json\/wp\/v2\/pages\/1575\/revisions"}],"predecessor-version":[{"id":1781,"href":"https:\/\/pax-friedensdienste.de\/wordpress_d\/wp-json\/wp\/v2\/pages\/1575\/revisions\/1781"}],"wp:attachment":[{"href":"https:\/\/pax-friedensdienste.de\/wordpress_d\/wp-json\/wp\/v2\/media?parent=1575"}],"curies":[{"name":"wp","href":"https:\/\/api.w.org\/{rel}","templated":true}]}}