{"id":16,"date":"2019-09-13T09:31:43","date_gmt":"2019-09-13T09:31:43","guid":{"rendered":"https:\/\/pax-friedensdienste.de\/wordpress_d\/?page_id=16"},"modified":"2025-03-06T10:42:19","modified_gmt":"2025-03-06T09:42:19","slug":"faq","status":"publish","type":"page","link":"https:\/\/pax-friedensdienste.de\/wordpress_d\/faq\/","title":{"rendered":"FAQ"},"content":{"rendered":"<p>Frequently Asked Questions \u2013 hier findest du einige Antworten auf Fragen zum freiwilligen Friedensdienst, die uns h\u00e4ufig erreichen:<\/p>\n<p><strong>Wie streng ist der Umgang mit der Altersgrenze von 18 Jahren?<\/strong><\/p>\n<p>Du musst bis zur Ausreise im August 18 Jahre alt sein. Eine Unterschreitung dieser Altersgrenze ist aus rechtlichen Gr\u00fcnden und durch Vorgaben der F\u00f6rderprogramme nicht m\u00f6glich.<\/p>\n<p><strong>Kann ich einen Freiwilligendienst machen, der auch k\u00fcrzer dauert, z.B. nur 6 Monate?&nbsp;<\/strong><\/p>\n<p>Leider ist dies bei uns (fast, siehe Ausnahme unten) nicht m\u00f6glich. R\u00fcckkehrende Freiwillige berichten immer wieder vom wachsenden Erfolg des Einsatzes ab der zweiten Jahresh\u00e4lfte des Dienstes. Erst dann bist du eingearbeitet und kannst die Einsatzstelle mit deinen F\u00e4higkeiten und Ideen noch besser unterst\u00fctzen. Zudem w\u00e4chst dein soziales Netzwerk und damit auch die Freude an der Freizeit. Entscheidend ist auch der Spracherwerb. Da wir \u00fcberwiegend Dienste in L\u00e4nder mit schwierigeren Landessprachen vermitteln, ist ein sp\u00fcrbarer Erfolg beim Spracherwerb erst nach einigen Monaten zu verzeichnen.<\/p>\n<p>Einzige <strong>Ausnahme<\/strong> sind Stellen innerhalb des Europ\u00e4ischen Solidarit\u00e4tskorps f\u00fcr die wir die Entsendefunktion \u00fcbernehmen, wie z.B. die beiden Stellen in Stettin, Polen. Dort sind es im Normalfall ca. 10 Monate ab September.<\/p>\n<p><strong>F\u00fcr wen sind die Einsatzstellen geeignet?<\/strong><\/p>\n<p>Wir haben sowohl Einsatzstellen f\u00fcr Freiwillige \u201efrisch von der Schule\u201c als auch Einsatzstellen, bei denen sich insbesondere Studierende oder Menschen mit Berufserfahrung \u201eentfalten\u201c k\u00f6nnen.<\/p>\n<p><strong>Warum soll ich mit pax christi ausreisen?<\/strong><\/p>\n<p>pax christi ist eine kleine Entsendeorganisation (ca. 10-15 Freiwillige), weswegen wir dich gut kennenlernen und individuell betreuen k\u00f6nnen. Bei pax christi gibt es neben einigen Hauptamtlichen viele ehrenamtliche Paten\/Patinnen, Mentor*innen und Referent*innen, die sich seit Jahren und Jahrzehnten f\u00fcr die freiwilligen Friedensdienste engagieren und deshalb \u00fcber einen gro\u00dfen Erfahrungsschatz zur\u00fcckgreifen k\u00f6nnen.<\/p>\n<p>pax christi ist eine akkreditierte Entsendeorganisation f\u00fcr weltw\u00e4rts und den Europ\u00e4ischen Solidarit\u00e4tskorps, Mitglied in verschiedenen Dachorganisationen, Kooperationen und Qualit\u00e4tszirkeln.<\/p>\n<p><strong>Entsendet pax christi in weitere, als die auf dieser Website genannten, Gastl\u00e4nder oder Projekte?<\/strong><\/p>\n<p>Das aktuelle Angebot f\u00fcr den Jahrgang ist auf der Website von pax christi Aachen beschrieben. Wir sind aber dabei neue Einsatzstellen in verschiedenen L\u00e4ndern einzurichten. Wenn du bereit bist in eine Einsatzstelle zu gehen, in der vorher noch niemand war gib das gerne in deiner Bewerbung an! Wir schauen dann gemeinsam, was zu dir passen k\u00f6nnte.<\/p>\n<p>Solltest du ein Projekt des Europ\u00e4ischen Solidait\u00e4tskorps gefunden haben und noch eine Entsendeorganisation ben\u00f6tigen, kannst du dich auch gerne bei uns melden. Wenn die Stelle in unser Anforderungsprofil passt, k\u00f6nnen wir dich gerne unterst\u00fctzen.<\/p>\n<p><strong>Kann ich ein beliebiges Aufnahmeprojekt beim Europ\u00e4ischen Solidarit\u00e4tskorps w\u00e4hlen?<\/strong><\/p>\n<p>Jein. pax christi f\u00fchrt in erster Linie Entsendungen nur im Rahmen vorhandener, gewachsener Partnerschaften durch. Damit eine neue Stelle hinzukommt, sollte diese inhaltlich einen friedenspolitischen Charakter besitzen. Bei konkreten Fragen k\u00f6nnen wir dir gerne sagen, ob eine Stelle f\u00fcr uns passen k\u00f6nnte oder nicht.<\/p>\n<p><strong>Ich bin nicht katholisch\/religi\u00f6s, kann ich mich trotzdem bewerben?<\/strong><\/p>\n<p>Ja, sehr gerne! Die Zugeh\u00f6rigkeit zur katholischen Kirche ist <strong>KEINE<\/strong> Bewerbungsvoraussetzung. Wir freuen uns \u00fcber Bewerbungen anderer Konfessionen, religionsloser und religionskritischer Menschen. Bei einigen Stellen musst du jedoch bereit sein, dich auf ein religi\u00f6ses Umfeld einzulassen. Auch hat pax christi <strong>keinerlei Verbindung zu Opus Dei<\/strong>! Diese Verwechslung passiert auf Grund des lateinischen Namens leider sehr h\u00e4ufig.<\/p>\n<p><strong>Soll ich meine Bewerbungsunterlagen postalisch oder per E-Mail einreichen?<\/strong><\/p>\n<p>Per E-Mail ist uns am liebsten.&nbsp;<\/p>\n<p><strong>M\u00fcssen beglaubigte Zeugniskopien eingereicht werden?<\/strong><\/p>\n<p>Nein.<\/p>\n<p><strong>Was mache ich, wenn mir das aktuelle Zeugnis noch fehlt?<\/strong><\/p>\n<p>Bitte reiche das letzte vorhandene Zeugnis (Schule, Universit\u00e4t, Arbeitszeugnis) ein.<\/p>\n<p><strong>Wie hoch sind meine Bewerbungschancen?<\/strong><\/p>\n<p>Das h\u00e4ngt immer davon ab, wie viele Interessierte sich bei uns bewerben. In der Regel sind die Chancen ausgew\u00e4hlt zu werden, jedoch recht hoch. Eine Offenheit f\u00fcr mehrere unserer Einsatzstellen erh\u00f6ht die Vermittlungschancen in eine Einsatzstelle.<\/p>\n<p><strong>Kann ich einen Freiwilligendienst gemeinsam mit meinem*r Freund*in machen?<\/strong><\/p>\n<p>Ihr k\u00f6nnte euch gerne gemeinsam bewerben. Eine gemeinsame Vermittlung k\u00f6nnen wir nicht garantieren, haben jedoch einige Einsatzstellen in die zwei Freiwillige gehen k\u00f6nnen.<\/p>\n<p><strong>Bekomme ich Kindergeld f\u00fcr die Zeit des Freiwilligendienstes?<\/strong><\/p>\n<p>Ja. Da der Freiwilligendienst im Rahmen des entwicklungspolitischen Freiwilligendienstes \u201eweltw\u00e4rts\u201c oder des \u201eEurop\u00e4ischen Solidarit\u00e4tskorps\u201c geleistet wird, besteht weiterhin Anspruch auf Kindergeld.<\/p>\n<p><strong>K\u00f6nnte pax christi die M\u00f6glichkeiten eines Freiwilligendienstes in meiner Schule\/Universit\u00e4t oder Gemeinde vorstellen?<\/strong><\/p>\n<p>Ja. Gerne organisieren ehemalige Freiwillige eine Infoveranstaltung an deiner Schule\/Universit\u00e4t oder Gemeinde. Bitte frage uns daf\u00fcr an.<\/p>\n","protected":false},"excerpt":{"rendered":"<p>Frequently Asked Questions \u2013 hier findest du einige Antworten auf Fragen zum freiwilligen Friedensdienst, die uns h\u00e4ufig erreichen: Wie streng ist der Umgang mit der Altersgrenze von 18 Jahren? Du musst bis zur Ausreise im August 18 Jahre alt sein. Eine Unterschreitung dieser Altersgrenze ist aus rechtlichen Gr\u00fcnden und durch Vorgaben der F\u00f6rderprogramme nicht m\u00f6glich.&hellip;<\/p>\n","protected":false},"author":1,"featured_media":0,"parent":0,"menu_order":0,"comment_status":"closed","ping_status":"closed","template":"","meta":{"ngg_post_thumbnail":0,"footnotes":""},"class_list":["post-16","page","type-page","status-publish","hentry"],"_links":{"self":[{"href":"https:\/\/pax-friedensdienste.de\/wordpress_d\/wp-json\/wp\/v2\/pages\/16","targetHints":{"allow":["GET"]}}],"collection":[{"href":"https:\/\/pax-friedensdienste.de\/wordpress_d\/wp-json\/wp\/v2\/pages"}],"about":[{"href":"https:\/\/pax-friedensdienste.de\/wordpress_d\/wp-json\/wp\/v2\/types\/page"}],"author":[{"embeddable":true,"href":"https:\/\/pax-friedensdienste.de\/wordpress_d\/wp-json\/wp\/v2\/users\/1"}],"replies":[{"embeddable":true,"href":"https:\/\/pax-friedensdienste.de\/wordpress_d\/wp-json\/wp\/v2\/comments?post=16"}],"version-history":[{"count":9,"href":"https:\/\/pax-friedensdienste.de\/wordpress_d\/wp-json\/wp\/v2\/pages\/16\/revisions"}],"predecessor-version":[{"id":1593,"href":"https:\/\/pax-friedensdienste.de\/wordpress_d\/wp-json\/wp\/v2\/pages\/16\/revisions\/1593"}],"wp:attachment":[{"href":"https:\/\/pax-friedensdienste.de\/wordpress_d\/wp-json\/wp\/v2\/media?parent=16"}],"curies":[{"name":"wp","href":"https:\/\/api.w.org\/{rel}","templated":true}]}}