{"id":1689,"date":"2025-09-12T12:21:16","date_gmt":"2025-09-12T11:21:16","guid":{"rendered":"https:\/\/pax-friedensdienste.de\/wordpress_d\/?page_id=1689"},"modified":"2025-09-12T13:39:29","modified_gmt":"2025-09-12T12:39:29","slug":"costa-rica-ilco","status":"publish","type":"page","link":"https:\/\/pax-friedensdienste.de\/wordpress_d\/costa-rica-ilco\/","title":{"rendered":"Friedensdienst in Costa Rica (ILCO)"},"content":{"rendered":"\nngg_shortcode_0_placeholder\n\n\n\n<figure class=\"wp-block-table is-style-stripes\"><table><tbody><tr><td><strong>Gastland<\/strong><\/td><td><strong>T\u00e4tigkeitsfeld<\/strong><\/td><td><strong>Landessprache<\/strong><\/td><td><\/td><\/tr><tr><td>Costa Rica<\/td><td>Arbeit mit Kindern und Jugendlichen<br>Fl\u00fcchtlingshilfe, Arbeit mit Migrant*innen<br>Arbeit mit l\u00e4ndlicher und indigener Bev\u00f6lkerung<\/td><td>Spanisch<\/td><td><strong><mark style=\"background-color:rgba(0, 0, 0, 0)\" class=\"has-inline-color has-vivid-red-color\">f\u00fcr 2025\/26 besetzt<\/mark><\/strong><br><strong><span class=\"tadv-color\" style=\"color:#00d084\"><mark style=\"background-color:rgba(0, 0, 0, 0);color:#00ff00\" class=\"has-inline-color\">f\u00fcr 2026\/27 2x frei<\/mark><\/span><\/strong><\/td><\/tr><\/tbody><\/table><\/figure>\n\n\n\n<h2 class=\"wp-block-heading\"><strong>Friedensdienst bei der Iglesia Luterana Costarricense<\/strong><\/h2>\n\n\n\n<p>In diesem neuen Projekt bieten wir zwei identische Stellen an.<\/p>\n\n\n\n<p>In San Jos\u00e9, der Hauptstadt Costa Ricas, arbeitest du bei der <em>Iglesia Luterana Costarricense<\/em> \u2013 ILCO. Die ILCO ist eine diakonische Kirche, die durch mehrere sozialen Projekte benachteiligte Kinder, Jugendliche, Migrant*innen, Indigene und die l\u00e4ndliche Bev\u00f6lkerung unterst\u00fctzt.<\/p>\n\n\n\n<p>In der Einsatzstelle hast du die M\u00f6glichkeit, Einblicke in viele verschiedene Aufgabenbereiche zu bekommen.<\/p>\n\n\n\n<p><strong>Zu deinen Aufgaben geh\u00f6ren:<\/strong><\/p>\n\n\n\n<p>In den <strong>zwei Kindertagesst\u00e4tten<\/strong> (Casa Abierta Alajuelita und Casa Abierta La Carpio) hilfst du bei der Betreuung von Kindern im Alter von zwei bis elf Jahren. Du unterst\u00fctzt bei der Umsetzung von Bildungs- und Freizeitangeboten, bei der Hausaufgabenbetreuung f\u00fcr Englisch und Spanisch sowie bei hauswirtschaftlichen T\u00e4tigkeiten in der K\u00fcche.<\/p>\n\n\n\n<p>Im <strong>Haus f\u00fcr Migrant*innen<\/strong> in Paso Ancho werden Migrant*innen aus Mittelamerika (vor allem aus Nicaragua), Kolumbien und Venezuela aufgenommen. Hier fallen verschiedene Aufgaben an: Unterst\u00fctzung in der K\u00fcche und im Speisesaal, Vorbereitung von Zimmern f\u00fcr neue Migrant*innen, Hilfe beim Ausf\u00fcllen von Reiseformularen, Entgegennahme von Spenden und Durchf\u00fchrung von Inventuren.<\/p>\n\n\n\n<p>Einmal im Monat findet ein <strong>Football-Camp f\u00fcr Kinder und Jugendliche<\/strong> statt. Hier wird Fu\u00dfball anders gespielt: ohne Schiedsrichter, mit positiver F\u00fchrung und alternativen Konfliktl\u00f6sungen.<\/p>\n\n\n\n<p>Durch deine <strong>Mitarbeit in den B\u00fcros der ILCO<\/strong> (einmal w\u00f6chentlich) kannst du administrative Aufgaben \u00fcbernehmen. Du hast die M\u00f6glichkeit, verschiedene Kampagnen der ILCO (Weihnachten, Back to School etc.) mitzugestalten, Spenden zu organisieren, die Social-Media-Kan\u00e4le zu betreuen und deine EDV-Kenntnisse zu vertiefen.<\/p>\n\n\n\n<p>Die ILCO betreibt au\u00dferdem einen h\u00fcbschen <strong>Second-Hand-L\u00e4dchen<\/strong>. Zu den Aufgaben im Second-Hand-Shop geh\u00f6rt es, Kleidung zu sortieren und f\u00fcr den Verkauf vorzubereiten. Du k\u00fcmmerst dich um die Organisation und das Design des Ladens sowie um die visuelle Gestaltung von Informationsmaterialien und den Markenaufbau.<\/p>\n\n\n\n<p>Alle zwei bis drei Monate besuchst du verschiedene <strong>l\u00e4ndliche indigene Communities<\/strong> im Landesinneren. Dort unterst\u00fctzt du die ILCO bei verschiedenen Gemeinschaftsprojekten wie Sportevents und Freizeitaktionen mit Kindern und Jugendlichen. Au\u00dferdem nimmst du am gemeinsamen Gottesdienst teil (sofern gew\u00fcnscht) und an den Gemeindeaktivit\u00e4ten. Hier wird der interkulturelle Austausch gef\u00f6rdert und gegenseitiges Verst\u00e4ndnis respektiert.<\/p>\n\n\n\n<p>Einmal die Woche findet auch ein <strong>Frauentreff<\/strong> (Frauen-Arbeitsgemeinschaft) statt. Als Freiwillige\/r nimmst du daran teil und unterst\u00fctzt die gemeinsamen Aktivit\u00e4ten und Gruppenveranstaltungen.<\/p>\n\n\n\n<p><strong>Du solltest mitbringen<\/strong><\/p>\n\n\n\n<ul class=\"wp-block-list\">\n<li>Interesse an der Arbeit mit Kindern, Jugendlichen, marginalisierten Gruppen und indigenen Bev\u00f6lkerungen<\/li>\n\n\n\n<li>die F\u00e4higkeit, dich an fremde Kulturen anzupassen.<\/li>\n\n\n\n<li>die F\u00e4higkeit, offen auf Menschen zuzugehen und Kontakt aufzubauen.<\/li>\n\n\n\n<li>Selbstst\u00e4ndigkeit, Eigeninitiative, Kreativit\u00e4t, Teamf\u00e4higkeit und Probleml\u00f6sekompetenz.<\/li>\n\n\n\n<li>Bereitschaft, in sehr einfachen Verh\u00e4ltnissen zu leben und sich mit Ausgrenzung und Armut zu besch\u00e4ftigen<\/li>\n\n\n\n<li>Verantwortungsbewusstsein<\/li>\n\n\n\n<li>Grundkenntnisse der spanischen Sprache bzw. Bereitschaft, diese vor der Ausreise zu erwerben<\/li>\n<\/ul>\n\n\n\n<p><strong>Land und Leute<\/strong><\/p>\n\n\n\n<p>Costa Rica ist ein Land in Mittelamerika mit einer einzigartigen Landschaft, die durch inaktive Vulkane und Nationalparks mit beeindruckender Pflanzenwelt gepr\u00e4gt ist. In einer Zeit, in der in vielen L\u00e4ndern Mittelamerikas Milit\u00e4rdiktaturen die Macht ergriffen, entschied sich Costa Rica f\u00fcr die Abschaffung seiner Armee, um die Demokratie zu bewahren.<\/p>\n\n\n\n<p>Das Land ist reich an erneuerbaren Energien und aufgrund des bescheidenen Wohlstands seiner Bev\u00f6lkerung eines der nachhaltigsten L\u00e4nder der Welt. Laut Umfragen z\u00e4hlen die Costa-Ricaner:innen zu den gl\u00fccklichsten Menschen der Welt.<\/p>\n\n\n\n<p><strong>T\u00e4tigkeiten der Partnerorganisation<\/strong><\/p>\n\n\n\n<p>Auf der Website erf\u00e4hrst du noch mehr \u00fcber die Arbeit von ILCO. <a href=\"https:\/\/ilco.cr\/\">Startseite &#8211; Costa Ricanische Lutherische Kirche<\/a><\/p>\n\n\n\n<p><strong>Warum ein Friedensdienst in Costa Rica wichtig ist:<\/strong><\/p>\n\n\n\n<p>Ein Friedensdienst in Costa Rica ist aus zweierlei Hinsicht spannend: Ein Land ohne Armee in einer sehr konfliktreichen Region wie Mittelamerika zeigt, dass es m\u00f6glich ist, seine Unabh\u00e4ngigkeit auch ohne Waffen zu bewahren. Insofern ist dieser Friedensdienst ein Lerndienst, der die friedenspolitische Arbeit in Deutschland bereichern kann.<\/p>\n\n\n\n<hr class=\"wp-block-separator has-alpha-channel-opacity\"\/>\n\n\n\n<p>Die Besetzung dieser Stelle steht unter dem Vorbehalt der Fortsetzung der F\u00f6rdermittelbewilligung durch das \u201eweltw\u00e4rts\u201c Programm des Bundesministeriums f\u00fcr wirtschaftliche Zusammenarbeit und Entwicklung (BMZ).<\/p>\n\n\n\n<p>Hast du Lust einen Freiwilligendienst bei der Fundaci\u00f3n Transformaci\u00f3n en Tiempos Violentos zu machen?&nbsp;<\/p>\n\n\n\n<p><a href=\"https:\/\/pax-friedensdienste.de\/wordpress_d\/?page_id=15\">Hier<\/a> findest du alle Infos zur Bewerbung.<\/p>\n","protected":false},"excerpt":{"rendered":"<p>Gastland T\u00e4tigkeitsfeld Landessprache Costa Rica Arbeit mit Kindern und JugendlichenFl\u00fcchtlingshilfe, Arbeit mit Migrant*innenArbeit mit l\u00e4ndlicher und indigener Bev\u00f6lkerung Spanisch f\u00fcr 2025\/26 besetztf\u00fcr 2026\/27 2x frei Friedensdienst bei der Iglesia Luterana Costarricense In diesem neuen Projekt bieten wir zwei identische Stellen an. In San Jos\u00e9, der Hauptstadt Costa Ricas, arbeitest du bei der Iglesia Luterana Costarricense&hellip;<\/p>\n","protected":false},"author":1,"featured_media":0,"parent":0,"menu_order":0,"comment_status":"closed","ping_status":"closed","template":"","meta":{"ngg_post_thumbnail":0,"footnotes":""},"class_list":["post-1689","page","type-page","status-publish","hentry"],"_links":{"self":[{"href":"https:\/\/pax-friedensdienste.de\/wordpress_d\/wp-json\/wp\/v2\/pages\/1689","targetHints":{"allow":["GET"]}}],"collection":[{"href":"https:\/\/pax-friedensdienste.de\/wordpress_d\/wp-json\/wp\/v2\/pages"}],"about":[{"href":"https:\/\/pax-friedensdienste.de\/wordpress_d\/wp-json\/wp\/v2\/types\/page"}],"author":[{"embeddable":true,"href":"https:\/\/pax-friedensdienste.de\/wordpress_d\/wp-json\/wp\/v2\/users\/1"}],"replies":[{"embeddable":true,"href":"https:\/\/pax-friedensdienste.de\/wordpress_d\/wp-json\/wp\/v2\/comments?post=1689"}],"version-history":[{"count":8,"href":"https:\/\/pax-friedensdienste.de\/wordpress_d\/wp-json\/wp\/v2\/pages\/1689\/revisions"}],"predecessor-version":[{"id":1742,"href":"https:\/\/pax-friedensdienste.de\/wordpress_d\/wp-json\/wp\/v2\/pages\/1689\/revisions\/1742"}],"wp:attachment":[{"href":"https:\/\/pax-friedensdienste.de\/wordpress_d\/wp-json\/wp\/v2\/media?parent=1689"}],"curies":[{"name":"wp","href":"https:\/\/api.w.org\/{rel}","templated":true}]}}