{"id":205,"date":"2019-09-27T10:15:03","date_gmt":"2019-09-27T09:15:03","guid":{"rendered":"https:\/\/pax-friedensdienste.de\/wordpress_d\/?page_id=205"},"modified":"2025-09-12T13:53:23","modified_gmt":"2025-09-12T12:53:23","slug":"mies-in-riobamba-2","status":"publish","type":"page","link":"https:\/\/pax-friedensdienste.de\/wordpress_d\/mies-in-riobamba-2\/","title":{"rendered":"Friedensdienst in Ecuador\/Riobamba"},"content":{"rendered":"\nngg_shortcode_0_placeholder\n\n\n\n<figure class=\"wp-block-table is-style-stripes\"><table class=\"has-fixed-layout\"><tbody><tr><td><strong>Gastland<\/strong><\/td><td class=\"has-text-align-left\" data-align=\"left\"><strong>T\u00e4tigkeitsfeld<\/strong><\/td><td><strong>Landessprache<\/strong><\/td><td><\/td><\/tr><tr><td>Ecuador<\/td><td class=\"has-text-align-left\" data-align=\"left\">Entwicklungs-zusammenarbeit<\/td><td>spanisch<\/td><td><strong><mark style=\"background-color:rgba(0, 0, 0, 0)\" class=\"has-inline-color has-vivid-red-color\">Das Projekt pausiert und wird daher derzeit nicht angeboten<\/mark><\/strong><br><strong><mark style=\"background-color:rgba(0, 0, 0, 0)\" class=\"has-inline-color has-vivid-red-color\"><\/mark><\/strong><\/td><\/tr><\/tbody><\/table><\/figure>\n\n\n\n<p>Die Projekte, die pax christi durch die Entsendung von Freiwilligen unterst\u00fctzt, sind in Riobamba und in der Umgebung Riobambas angesiedelt. Schwerpunkt der Projekte ist die Unterst\u00fctzung der indigenen Bev\u00f6lkerung und die Erhaltung der Tradition.<\/p>\n\n\n\n<p>Bei dieser Einsatzstelle gibt es daher verschiedene M\u00f6glichkeiten, wie du dich als Freiwillige*r einbringen kannst. \u00dcber unseren Mentor in Riobamba haben wir Zugang zu unterschiedlichen Projekten f\u00fcr Freiwillige:<\/p>\n\n\n\n<ul class=\"wp-block-list\">\n<li>Unterst\u00fctzung bei Bildungsangeboten zur politischen Bildung und Empowerment der Campo-Bewohner*innen<\/li>\n\n\n\n<li>Wissensverbreitung zur traditionellen Landwirtschaft, Feld- und Bildungsarbeit<\/li>\n\n\n\n<li>Projekte zur Frauenf\u00f6rderung, Empowerment und Bildung<\/li>\n\n\n\n<li>Unterst\u00fctzung in Alten- oder Kindereinrichtungen<\/li>\n<\/ul>\n\n\n\n<p><strong>Du solltest mitbringen<\/strong><\/p>\n\n\n\n<ul class=\"wp-block-list\">\n<li>Gro\u00dfe Selbstst\u00e4ndigkeit und Flexibilit\u00e4t<\/li>\n\n\n\n<li>Interesse an ecuadorianischer und indigener Kultur<\/li>\n\n\n\n<li>M\u00f6glichst erste Grundlagen im Spanischen bzw. die Bereitschaft, vor deiner Ausreise Spanisch zu lernen (zu Beginn gibt es einen Aufbaukurs)<\/li>\n\n\n\n<li>Bereitschaft, in einer Gastfamilie zu leben<\/li>\n\n\n\n<li>Bereitschaft, ein Jahr lang einfacher zu leben<\/li>\n\n\n\n<li>Bereitschaft im l\u00e4ndlichen Raum zu leben und zu arbeiten<\/li>\n\n\n\n<li>Freude am Umgang mit Menschen<\/li>\n\n\n\n<li>ggfs. handwerkliche F\u00e4higkeiten<\/li>\n\n\n\n<li>Interesse an Menschenrechtsfragen<\/li>\n\n\n\n<li>Offenheit, Neugier, H\u00f6flichkeit, Kreativit\u00e4t<\/li>\n<\/ul>\n\n\n\n<h3 class=\"wp-block-heading\">Land und Leute<\/h3>\n\n\n\n<p>Das s\u00fcdamerikanische Land Ecuador vereinigt auf seiner relativ kleinen Fl\u00e4che eine einzigartige Vielfalt von Kulturen und Landschaften: tropischer Regenwald im \u00f6stlichen Tiefland, Vulkane und Berg-Regenwald in den Anden, Obstplantagen und Str\u00e4nde an der K\u00fcste sowie die einmalige Tier- und Pflanzenwelt der Galapagosinseln.<\/p>\n\n\n\n<p>Im Andenhochland, auf ca. 3.000m H\u00f6he in der Provinz Chimborazo, lebt die Bev\u00f6lkerung in kleinen D\u00f6rfern und mit einem hohen Anteil indigener Bev\u00f6lkerung. Das macht die Gegend zu etwas Besonderem, denn anders als in fast allen St\u00e4dten Ecuadors spielt das indigene Brauchtum und die indigene Lebensweise hier eine gro\u00dfe Rolle.<\/p>\n\n\n\n<p>In der Provinz Chimborazo steht die Landwirtschaft im Mittelpunkt. Gepflegt wird hier die traditionelle Landwirtschaft, die sich meist in den Campos (Einzelgeh\u00f6fte der indigenen Bev\u00f6lkerung) abspielt. Die Campos liegen sehr vereinzelt und weit ab der St\u00e4dte in der Region. Riobamba als Zentrum ist der Marktplatz der Region. Es ist die Hauptstadt der Provinz und hat ca. 125.000 Einwohner. Gleichzeitig gilt es als das Zentrum der Agrarregion und bedeutender Verkehrsknotenpunkt in Ecuador.<\/p>\n\n\n\n<p>Das Leben der indigenen Bev\u00f6lkerung spielt sich in den Campos ab. Familie und Familienzusammenhalt spielen hier eine gro\u00dfe Rolle. Familie ist die soziale Absicherung der Einzelnen.<\/p>\n\n\n\n<h3 class=\"wp-block-heading\">T\u00e4tigkeit der Partnerorganisationen<\/h3>\n\n\n\n<h4 class=\"wp-block-heading\">Ministerium f\u00fcr landwirtschaftliche Entwicklung (MIES)<\/h4>\n\n\n\n<p>An erster Stelle steht das Ministerium f\u00fcr die Provinz Chimborazo f\u00fcr landwirtschaftliche Entwicklung. Hier handelt es sich um administrative Arbeiten und Feldarbeit, sodass du einen guten Einblick in den Bereich der traditionellen und aktuellen Landwirtschaft Ecuadors erh\u00e4ltst. Aufgabe des Ministeriums ist es, die Campos in ihrer autonomen Form zu st\u00e4rken. M\u00e4nner und Frauen aus den Campos werden eingeladen, Schulungen zu besuchen, um sich als \u201eB\u00fcrgermeister*in\u201c ausbilden zu lassen, um die Belange des Campos nach au\u00dfen vertreten zu k\u00f6nnen. In einem weiteren Bereich geht es darum, die Campos bei der Vermarktung ihrer Produkte zu unterst\u00fctzen (Mediengestaltung etc.)&nbsp;und neue Anbautechniken zu vermitteln.<\/p>\n\n\n\n<p>Ebenso k\u00f6nnen Stellen in Alteneinrichtungen oder Kindereinrichtungen vermittelt werden. Ehemalige Freiwillige haben sich dar\u00fcber hinaus, je nach ihren St\u00e4rken und Kenntnissen, auch im Bereich therapeutisches Reiten oder Mediengestaltung engagiert und eingebracht.<\/p>\n\n\n\n<h4 class=\"wp-block-heading\">Fundacion Mashcana<\/h4>\n\n\n\n<p>Neben dem Ministerium, ist auch der Einsatz bei der Mashcana-Stiftung m\u00f6glich. Die Fundacion Mashcana ist ein landwirtschaftliches Projekt, das die Arbeit mit und f\u00fcr Frauen f\u00f6rdert. Die Fundacion Mashcana baut zum einen in der traditionellen Anbauweise traditionelle Gem\u00fcsesorten an, betreibt aber auch eine Imkerei und bietet Schulungen an.<\/p>\n\n\n\n<p>Ziel ist es, den Frauen in den Campos die traditionellen Anbauweisen wieder n\u00e4her zu bringen. In den Campos sind die Frauen diejenigen, die die Landwirtschaft schwerpunktm\u00e4\u00dfig betreiben. Durch die Vermittlung von Wissen werden die Frauen stark gemacht. Bildung und Wissensvermittlung sind daher die gro\u00dfen Aufgaben dieses Projektes.<\/p>\n\n\n\n<p>Ein zweites Standbein ist es, in den Campos f\u00fcr sichere und ges\u00fcndere K\u00fcchenausstattung zu sorgen. In den meisten Familien wird auch heute noch auf dem offenen Feuer gekocht und die Menschen sind dem Rauch in ihren R\u00e4umlichkeiten ausgesetzt. Um dem entgegenzuwirken, werden die K\u00fcchen in den Campos gemeinschaftlich mit steinernen \u00d6fen ausgestattet, die mit einem Abzug den Rauch nach au\u00dfen leiten. Nach dem Prinzip der Hilfe zur Selbsthilfe geben die Menschen diese Idee untereinander weiter.<\/p>\n\n\n\n<p>Dar\u00fcber hinaus befindet sich ein Projekt in Planung, dass es jungen Ecuadorianer*innen erm\u00f6glichen soll, nach ihrer sechsj\u00e4hrigen Zeit im Pflichtschulsystem eine Ausbildung zu machen und gleichzitig traditionell die Arbeit in ihren Campos weiter zu unterst\u00fctzen.<\/p>\n\n\n\n<p>Hinter allen Projekten steht auch die Idee, die Menschen in ihrer pers\u00f6nlichen Entwicklung zu best\u00e4rken und ein selbstbewusstes Auftreten gegen\u00fcber der Regierung zu erlernen, um die immer wieder in Bedr\u00e4ngnis geratenen Rechte der indigenen Bev\u00f6lkerung zu verteidigen.<\/p>\n\n\n\n<p>Auf ihrer <a href=\"http:\/\/mashcana.org\/\" target=\"_blank\" rel=\"noreferrer noopener\">Homepage<\/a> und auf <a href=\"https:\/\/www.facebook.com\/fundacionmashcana\" target=\"_blank\" rel=\"noreferrer noopener\">facebook<\/a> findest du noch mehr Infos zur Arbeit der Fundacion Mashcana.<\/p>\n\n\n\n<h3 class=\"wp-block-heading\">Warum ein Friedensdienst in Riobamba wichtig ist:<\/h3>\n\n\n\n<p>Das Leben in den Campos und die Bewahrung der indigenen Tradition erm\u00f6glicht den Menschen vor Ort ein unabh\u00e4ngiges und friedliches Leben. Durch die St\u00e4rkung von Frauen, Bildung und politisches Know-How k\u00f6nnen die Menschen ihre Bed\u00fcrfnisse und Anliegen gegen\u00fcber Regierungen erfolgreich vertreten und ihre Lebensweise sichern.<\/p>\n\n\n\n<hr class=\"wp-block-separator has-css-opacity\"\/>\n\n\n\n<p>Die Besetzung dieser Stelle steht unter dem Vorbehalt der Fortsetzung der F\u00f6rdermittelbewilligung durch das \u201eweltw\u00e4rts\u201c Programm des Bundesministeriums f\u00fcr wirtschaftliche Zusammenarbeit und Entwicklung (BMZ).<\/p>\n\n\n\n<p>Hast du Lust einen Freiwilligendienst in Riobamba zu machen?&nbsp;<\/p>\n\n\n\n<p><a href=\"https:\/\/pax-friedensdienste.de\/wordpress_d\/?page_id=15\">Hier<\/a> findest du alle Infos zur Bewerbung.<\/p>\n\n\n\n<p>Wenn du noch mehr \u00fcber das Leben in Ecuador erfahren m\u00f6chtest, kommst du&nbsp;<a href=\"https:\/\/pax-friedensdienste.de\/wordpress_d\/?p=366\">hier<\/a> zu den Erfahrungsberichten von ehemaligen Freiwilligen.&nbsp;<\/p>\n","protected":false},"excerpt":{"rendered":"<p>Gastland T\u00e4tigkeitsfeld Landessprache Ecuador Entwicklungs-zusammenarbeit spanisch Das Projekt pausiert und wird daher derzeit nicht angeboten Die Projekte, die pax christi durch die Entsendung von Freiwilligen unterst\u00fctzt, sind in Riobamba und in der Umgebung Riobambas angesiedelt. Schwerpunkt der Projekte ist die Unterst\u00fctzung der indigenen Bev\u00f6lkerung und die Erhaltung der Tradition. Bei dieser Einsatzstelle gibt es daher&hellip;<\/p>\n","protected":false},"author":1,"featured_media":0,"parent":0,"menu_order":0,"comment_status":"closed","ping_status":"closed","template":"","meta":{"ngg_post_thumbnail":0,"footnotes":""},"class_list":["post-205","page","type-page","status-publish","hentry"],"_links":{"self":[{"href":"https:\/\/pax-friedensdienste.de\/wordpress_d\/wp-json\/wp\/v2\/pages\/205","targetHints":{"allow":["GET"]}}],"collection":[{"href":"https:\/\/pax-friedensdienste.de\/wordpress_d\/wp-json\/wp\/v2\/pages"}],"about":[{"href":"https:\/\/pax-friedensdienste.de\/wordpress_d\/wp-json\/wp\/v2\/types\/page"}],"author":[{"embeddable":true,"href":"https:\/\/pax-friedensdienste.de\/wordpress_d\/wp-json\/wp\/v2\/users\/1"}],"replies":[{"embeddable":true,"href":"https:\/\/pax-friedensdienste.de\/wordpress_d\/wp-json\/wp\/v2\/comments?post=205"}],"version-history":[{"count":18,"href":"https:\/\/pax-friedensdienste.de\/wordpress_d\/wp-json\/wp\/v2\/pages\/205\/revisions"}],"predecessor-version":[{"id":1747,"href":"https:\/\/pax-friedensdienste.de\/wordpress_d\/wp-json\/wp\/v2\/pages\/205\/revisions\/1747"}],"wp:attachment":[{"href":"https:\/\/pax-friedensdienste.de\/wordpress_d\/wp-json\/wp\/v2\/media?parent=205"}],"curies":[{"name":"wp","href":"https:\/\/api.w.org\/{rel}","templated":true}]}}