{"id":683,"date":"2020-11-21T11:46:42","date_gmt":"2020-11-21T10:46:42","guid":{"rendered":"https:\/\/pax-friedensdienste.de\/wordpress_d\/?page_id=683"},"modified":"2025-10-15T12:18:35","modified_gmt":"2025-10-15T11:18:35","slug":"friedensdienst","status":"publish","type":"page","link":"https:\/\/pax-friedensdienste.de\/wordpress_d\/friedensdienst\/","title":{"rendered":"Friedensdienst"},"content":{"rendered":"\n<p><strong>Du m\u00f6chtest nach dem Abitur, deiner Ausbildung oder gar dem Studium noch einmal ein Jahr in der Fremde deinen Horizont erweitern?<\/strong><\/p>\n\n\n\n<p>Dann bieten wir von pax christi dir genau das Richtige.<\/p>\n\n\n\n<p>In einem freiwilligen Friedensdienst bei einer unserer Partnerorganisationen hast du die M\u00f6glichkeit Land, Menschen und Sprache deines Einsatzortes kennenzulernen, dich selbst durch die Arbeit in verschiedenen Bereichen weiterzuentwickeln und dabei auch noch durch deinen Einsatz einen Beitrag f\u00fcr Frieden, Vers\u00f6hnung, Integration und Inklusion zu leisten.<\/p>\n\n\n\n<p>Bei unseren Partnerorganisationen in Polen, Bosnien-Herzegowina, Nordmazedonien, Kosovo und Costa Rica wartet die Arbeit in sozialen Einrichtungen, Gedenkst\u00e4tten, Bildungseinrichtungen und vielen weiteren Projekten auf dich.<\/p>\n\n\n\n<p><strong>Warum einen Friedensdienst machen? Wie viel hat der Friedensdienst mit Frieden zu tun? Und was bleibt hinterher vom Friedensdienst?<\/strong><\/p>\n\n\n\n<p><strong>Freiwillige berichten davon im Video!<\/strong><\/p>\n\n\n\n<figure class=\"wp-block-embed is-type-video is-provider-youtube wp-block-embed-youtube wp-embed-aspect-16-9 wp-has-aspect-ratio\"><div class=\"wp-block-embed__wrapper\">\n<iframe loading=\"lazy\" title=\"Warum bewirbt man sich f\u00fcr einen Friedensdienst?\" width=\"1170\" height=\"658\" src=\"https:\/\/www.youtube.com\/embed\/r1tEU2RL0ms?feature=oembed\" frameborder=\"0\" allow=\"accelerometer; autoplay; clipboard-write; encrypted-media; gyroscope; picture-in-picture; web-share\" referrerpolicy=\"strict-origin-when-cross-origin\" allowfullscreen><\/iframe>\n<\/div><\/figure>\n\n\n\n<p>Unsere Referent*innen Lea und Moritz haben die Freiwilligen im Sommer 2020 in einem zoom-Gespr\u00e4ch interviewt, daher wundert euch nicht, wenn manchmal ihre Gesichter im Video kurz auftauchen.<\/p>\n\n\n\n<p>Die Freiwilligen Friedensdienste von pax christi werden gef\u00f6rdert durch das Europ\u00e4ische Solidarit\u00e4tskorps und weltw\u00e4rts. Sie sind ein Lerndienst mit entwicklungspolitischer, friedensorientierter und sozialer Ausrichtung. Ziel ist die F\u00f6rderung lokaler Projekte, Austausch verschiedener L\u00e4nder und Kulturen und die internationale Zusammenarbeit. Globales Lernen, nachhaltige Entwicklung sowie globale Verantwortung im Sinne der SDGs und die individuelle Weiterentwicklung der Freiwilligen stehen dabei im Vordergrund. Dabei ist uns besonders wichtig, dass die Diversit\u00e4t und Vielfalt der Menschen in allen Facetten gesch\u00e4tzt und gesch\u00fctzt wird.<\/p>\n","protected":false},"excerpt":{"rendered":"<p>Du m\u00f6chtest nach dem Abitur, deiner Ausbildung oder gar dem Studium noch einmal ein Jahr in der Fremde deinen Horizont erweitern? Dann bieten wir von pax christi dir genau das Richtige. In einem freiwilligen Friedensdienst bei einer unserer Partnerorganisationen hast du die M\u00f6glichkeit Land, Menschen und Sprache deines Einsatzortes kennenzulernen, dich selbst durch die Arbeit&hellip;<\/p>\n","protected":false},"author":1,"featured_media":0,"parent":0,"menu_order":0,"comment_status":"closed","ping_status":"closed","template":"","meta":{"ngg_post_thumbnail":0,"footnotes":""},"class_list":["post-683","page","type-page","status-publish","hentry"],"_links":{"self":[{"href":"https:\/\/pax-friedensdienste.de\/wordpress_d\/wp-json\/wp\/v2\/pages\/683","targetHints":{"allow":["GET"]}}],"collection":[{"href":"https:\/\/pax-friedensdienste.de\/wordpress_d\/wp-json\/wp\/v2\/pages"}],"about":[{"href":"https:\/\/pax-friedensdienste.de\/wordpress_d\/wp-json\/wp\/v2\/types\/page"}],"author":[{"embeddable":true,"href":"https:\/\/pax-friedensdienste.de\/wordpress_d\/wp-json\/wp\/v2\/users\/1"}],"replies":[{"embeddable":true,"href":"https:\/\/pax-friedensdienste.de\/wordpress_d\/wp-json\/wp\/v2\/comments?post=683"}],"version-history":[{"count":21,"href":"https:\/\/pax-friedensdienste.de\/wordpress_d\/wp-json\/wp\/v2\/pages\/683\/revisions"}],"predecessor-version":[{"id":1656,"href":"https:\/\/pax-friedensdienste.de\/wordpress_d\/wp-json\/wp\/v2\/pages\/683\/revisions\/1656"}],"wp:attachment":[{"href":"https:\/\/pax-friedensdienste.de\/wordpress_d\/wp-json\/wp\/v2\/media?parent=683"}],"curies":[{"name":"wp","href":"https:\/\/api.w.org\/{rel}","templated":true}]}}