{"id":686,"date":"2020-11-21T11:48:24","date_gmt":"2020-11-21T10:48:24","guid":{"rendered":"https:\/\/pax-friedensdienste.de\/wordpress_d\/?page_id=686"},"modified":"2025-09-03T13:16:46","modified_gmt":"2025-09-03T12:16:46","slug":"pax-christi","status":"publish","type":"page","link":"https:\/\/pax-friedensdienste.de\/wordpress_d\/pax-christi\/","title":{"rendered":"pax christi"},"content":{"rendered":"\n<div class=\"wp-block-media-text alignwide is-stacked-on-mobile\" style=\"grid-template-columns:24% auto\"><figure class=\"wp-block-media-text__media\"><img loading=\"lazy\" decoding=\"async\" width=\"479\" height=\"504\" src=\"https:\/\/pax-friedensdienste.de\/wordpress_d\/wp-content\/uploads\/2021\/03\/Logo_Mini.jpg\" alt=\"\" class=\"wp-image-905 size-medium\" srcset=\"https:\/\/pax-friedensdienste.de\/wordpress_d\/wp-content\/uploads\/2021\/03\/Logo_Mini.jpg 479w, https:\/\/pax-friedensdienste.de\/wordpress_d\/wp-content\/uploads\/2021\/03\/Logo_Mini-285x300.jpg 285w\" sizes=\"auto, (max-width: 479px) 100vw, 479px\" \/><\/figure><div class=\"wp-block-media-text__content\">\n<p class=\"has-large-font-size\"><\/p>\n\n\n\n<p><\/p>\n\n\n\n<p><\/p>\n\n\n\n<p>Wir sind eine politische Friedensbewegung mit katholischen Wurzeln. Wir setzen uns seit mehr als 60 Jahren f\u00fcr Frieden und Vers\u00f6hnung in allen Facetten ein. Wir sind aktiv f\u00fcr Menschenrechte, Gewaltfreiheit, zivile Konfliktl\u00f6sungen, Klimaschutz, eine vielf\u00e4ltige Gesellschaft und gegen Diskriminierung! Seit \u00fcber 25 Jahren bieten wir jungen Menschen die M\u00f6glichkeit sich aktiv im Ausland zu engagieren.<\/p>\n\n\n\n<p>Der freiwillige Friedensdienst von pax christi ist ein anerkannter und staatlich gef\u00f6rderter Freiwilligendienst. Wir entsenden in verschiedene Regionen der Welt in unterschiedliche Einsatzstellen mit vielf\u00e4ltigen Schwerpunkten. Auch wenn wir einen katholischen Namen haben und unsere Wurzeln in der katholischen Kirche liegen, freuen wir uns \u00fcber Menschen jeglicher Glaubensrichtungen oder auch Menschen ohne Glauben! Unsere Arbeit hat einen weitaus politischeren als spirituellen Schwerpunkt.<\/p>\n\n\n\n<p>In unserer Arbeit befasst sich nicht nur das B\u00fcro-Team mit den Freiwilligen Friedensdiensten, sondern auch die pax christi Kommission Friedensdienste hat mit den Referent*innen eine Orientierung ausgearbeitet, was die Friedensdienste ausmacht. Diese Brosch\u00fcre findet ihr hier: <\/p>\n<\/div><\/div>\n\n\n\n<div data-wp-interactive=\"core\/file\" class=\"wp-block-file\"><object data-wp-bind--hidden=\"!state.hasPdfPreview\" hidden class=\"wp-block-file__embed\" data=\"https:\/\/pax-friedensdienste.de\/wordpress_d\/wp-content\/uploads\/2025\/09\/Impulse-1_2025-2.pdf\" type=\"application\/pdf\" style=\"width:100%;height:600px\" aria-label=\"Einbettung von Impulse 1_2025.\"><\/object><a id=\"wp-block-file--media-62549c51-a004-4a46-8475-9d5287ce63dd\" href=\"https:\/\/pax-friedensdienste.de\/wordpress_d\/wp-content\/uploads\/2025\/09\/Impulse-1_2025-2.pdf\">Impulse 1_2025<\/a><a href=\"https:\/\/pax-friedensdienste.de\/wordpress_d\/wp-content\/uploads\/2025\/09\/Impulse-1_2025-2.pdf\" class=\"wp-block-file__button wp-element-button\" download aria-describedby=\"wp-block-file--media-62549c51-a004-4a46-8475-9d5287ce63dd\">Herunterladen<\/a><\/div>\n","protected":false},"excerpt":{"rendered":"<p>Wir sind eine politische Friedensbewegung mit katholischen Wurzeln. Wir setzen uns seit mehr als 60 Jahren f\u00fcr Frieden und Vers\u00f6hnung in allen Facetten ein. Wir sind aktiv f\u00fcr Menschenrechte, Gewaltfreiheit, zivile Konfliktl\u00f6sungen, Klimaschutz, eine vielf\u00e4ltige Gesellschaft und gegen Diskriminierung! Seit \u00fcber 25 Jahren bieten wir jungen Menschen die M\u00f6glichkeit sich aktiv im Ausland zu engagieren.&hellip;<\/p>\n","protected":false},"author":1,"featured_media":0,"parent":0,"menu_order":0,"comment_status":"closed","ping_status":"closed","template":"","meta":{"ngg_post_thumbnail":0,"footnotes":""},"class_list":["post-686","page","type-page","status-publish","hentry"],"_links":{"self":[{"href":"https:\/\/pax-friedensdienste.de\/wordpress_d\/wp-json\/wp\/v2\/pages\/686","targetHints":{"allow":["GET"]}}],"collection":[{"href":"https:\/\/pax-friedensdienste.de\/wordpress_d\/wp-json\/wp\/v2\/pages"}],"about":[{"href":"https:\/\/pax-friedensdienste.de\/wordpress_d\/wp-json\/wp\/v2\/types\/page"}],"author":[{"embeddable":true,"href":"https:\/\/pax-friedensdienste.de\/wordpress_d\/wp-json\/wp\/v2\/users\/1"}],"replies":[{"embeddable":true,"href":"https:\/\/pax-friedensdienste.de\/wordpress_d\/wp-json\/wp\/v2\/comments?post=686"}],"version-history":[{"count":13,"href":"https:\/\/pax-friedensdienste.de\/wordpress_d\/wp-json\/wp\/v2\/pages\/686\/revisions"}],"predecessor-version":[{"id":1662,"href":"https:\/\/pax-friedensdienste.de\/wordpress_d\/wp-json\/wp\/v2\/pages\/686\/revisions\/1662"}],"wp:attachment":[{"href":"https:\/\/pax-friedensdienste.de\/wordpress_d\/wp-json\/wp\/v2\/media?parent=686"}],"curies":[{"name":"wp","href":"https:\/\/api.w.org\/{rel}","templated":true}]}}