{"id":688,"date":"2020-11-21T11:48:41","date_gmt":"2020-11-21T10:48:41","guid":{"rendered":"https:\/\/pax-friedensdienste.de\/wordpress_d\/?page_id=688"},"modified":"2025-09-03T12:24:24","modified_gmt":"2025-09-03T11:24:24","slug":"buero","status":"publish","type":"page","link":"https:\/\/pax-friedensdienste.de\/wordpress_d\/buero\/","title":{"rendered":"B\u00fcro"},"content":{"rendered":"\n<figure class=\"wp-block-table\"><table><tbody><tr><td><img loading=\"lazy\" decoding=\"async\" width=\"150\" height=\"156\" class=\"wp-image-819\" style=\"width: 150px;\" src=\"https:\/\/pax-friedensdienste.de\/wordpress_d\/wp-content\/uploads\/2021\/01\/Logo.png\" alt=\"\" srcset=\"https:\/\/pax-friedensdienste.de\/wordpress_d\/wp-content\/uploads\/2021\/01\/Logo.png 960w, https:\/\/pax-friedensdienste.de\/wordpress_d\/wp-content\/uploads\/2021\/01\/Logo-289x300.png 289w, https:\/\/pax-friedensdienste.de\/wordpress_d\/wp-content\/uploads\/2021\/01\/Logo-768x798.png 768w\" sizes=\"auto, (max-width: 150px) 100vw, 150px\" \/><br><br><strong>Maria Reyes-Henkel<\/strong><br><br><strong>Referentin f\u00fcr Friedensdienste <\/strong><br><strong>im weltw\u00e4rts-Programm<\/strong><br><br>(Bosnien-Herzegowina, Kosovo, Nordmazedonien,<br>Costa Rica, Ecuador, Pal\u00e4stinensische Gebiete)<br><br>0241\/475 964 35<br><a href=\"mailto:friedensdienste@pax-christi-aachen.de\" data-type=\"mailto\" data-id=\"mailto:friedensdienste@pax-christi-aachen.de\">friedensdienste@pax-christi-aachen.de<\/a><\/td><td><img loading=\"lazy\" decoding=\"async\" width=\"150\" height=\"156\" class=\"wp-image-819\" style=\"width: 150px;\" src=\"https:\/\/pax-friedensdienste.de\/wordpress_d\/wp-content\/uploads\/2021\/01\/Logo.png\" alt=\"\" srcset=\"https:\/\/pax-friedensdienste.de\/wordpress_d\/wp-content\/uploads\/2021\/01\/Logo.png 960w, https:\/\/pax-friedensdienste.de\/wordpress_d\/wp-content\/uploads\/2021\/01\/Logo-289x300.png 289w, https:\/\/pax-friedensdienste.de\/wordpress_d\/wp-content\/uploads\/2021\/01\/Logo-768x798.png 768w\" sizes=\"auto, (max-width: 150px) 100vw, 150px\" \/><br><br><strong>Moritz Wei\u00dfer<\/strong><br>&nbsp; &nbsp;<br><strong>Referent f\u00fcr Friedensdienste <\/strong><br><strong>im <\/strong><strong>ESK-Programm<\/strong><br><br>(Outgoing und Incoming Polen <br>und Incoming aus Bosnien-Herzegowina)<br><br>0241\/475 964 34<br><a href=\"mailto:eu-volunteers@pax-christi-aachen.de\" data-type=\"mailto\" data-id=\"mailto:eu-volunteers@pax-christi-aachen.de\">eu-volunteers@pax-christi-aachen.d<\/a><\/td><\/tr><\/tbody><\/table><\/figure>\n\n\n\n<p><\/p>\n\n\n<div class=\"wp-block-image\">\n<figure class=\"aligncenter size-large is-resized\"><img loading=\"lazy\" decoding=\"async\" width=\"918\" height=\"1024\" src=\"https:\/\/pax-friedensdienste.de\/wordpress_d\/wp-content\/uploads\/2025\/09\/Maria-und-Moritz-min-918x1024.jpg\" alt=\"\" class=\"wp-image-1647\" style=\"width:382px;height:auto\" srcset=\"https:\/\/pax-friedensdienste.de\/wordpress_d\/wp-content\/uploads\/2025\/09\/Maria-und-Moritz-min-918x1024.jpg 918w, https:\/\/pax-friedensdienste.de\/wordpress_d\/wp-content\/uploads\/2025\/09\/Maria-und-Moritz-min-269x300.jpg 269w, https:\/\/pax-friedensdienste.de\/wordpress_d\/wp-content\/uploads\/2025\/09\/Maria-und-Moritz-min-768x857.jpg 768w, https:\/\/pax-friedensdienste.de\/wordpress_d\/wp-content\/uploads\/2025\/09\/Maria-und-Moritz-min-1377x1536.jpg 1377w, https:\/\/pax-friedensdienste.de\/wordpress_d\/wp-content\/uploads\/2025\/09\/Maria-und-Moritz-min-1836x2048.jpg 1836w\" sizes=\"auto, (max-width: 918px) 100vw, 918px\" \/><\/figure><\/div>","protected":false},"excerpt":{"rendered":"<p>Maria Reyes-Henkel Referentin f\u00fcr Friedensdienste im weltw\u00e4rts-Programm (Bosnien-Herzegowina, Kosovo, Nordmazedonien,Costa Rica, Ecuador, Pal\u00e4stinensische Gebiete) 0241\/475 964 35friedensdienste@pax-christi-aachen.de Moritz Wei\u00dfer&nbsp; &nbsp;Referent f\u00fcr Friedensdienste im ESK-Programm (Outgoing und Incoming Polen und Incoming aus Bosnien-Herzegowina) 0241\/475 964 34eu-volunteers@pax-christi-aachen.d<\/p>\n","protected":false},"author":1,"featured_media":0,"parent":0,"menu_order":0,"comment_status":"closed","ping_status":"closed","template":"","meta":{"ngg_post_thumbnail":0,"footnotes":""},"class_list":["post-688","page","type-page","status-publish","hentry"],"_links":{"self":[{"href":"https:\/\/pax-friedensdienste.de\/wordpress_d\/wp-json\/wp\/v2\/pages\/688","targetHints":{"allow":["GET"]}}],"collection":[{"href":"https:\/\/pax-friedensdienste.de\/wordpress_d\/wp-json\/wp\/v2\/pages"}],"about":[{"href":"https:\/\/pax-friedensdienste.de\/wordpress_d\/wp-json\/wp\/v2\/types\/page"}],"author":[{"embeddable":true,"href":"https:\/\/pax-friedensdienste.de\/wordpress_d\/wp-json\/wp\/v2\/users\/1"}],"replies":[{"embeddable":true,"href":"https:\/\/pax-friedensdienste.de\/wordpress_d\/wp-json\/wp\/v2\/comments?post=688"}],"version-history":[{"count":21,"href":"https:\/\/pax-friedensdienste.de\/wordpress_d\/wp-json\/wp\/v2\/pages\/688\/revisions"}],"predecessor-version":[{"id":1651,"href":"https:\/\/pax-friedensdienste.de\/wordpress_d\/wp-json\/wp\/v2\/pages\/688\/revisions\/1651"}],"wp:attachment":[{"href":"https:\/\/pax-friedensdienste.de\/wordpress_d\/wp-json\/wp\/v2\/media?parent=688"}],"curies":[{"name":"wp","href":"https:\/\/api.w.org\/{rel}","templated":true}]}}