{"id":690,"date":"2020-11-21T11:48:52","date_gmt":"2020-11-21T10:48:52","guid":{"rendered":"https:\/\/pax-friedensdienste.de\/wordpress_d\/?page_id=690"},"modified":"2025-09-04T12:13:34","modified_gmt":"2025-09-04T11:13:34","slug":"partnerinnen","status":"publish","type":"page","link":"https:\/\/pax-friedensdienste.de\/wordpress_d\/partnerinnen\/","title":{"rendered":"Partner*innen"},"content":{"rendered":"<div class=\"wp-block-image is-style-default\">\n<figure class=\"alignright size-medium is-resized\"><img loading=\"lazy\" decoding=\"async\" width=\"300\" height=\"99\" src=\"https:\/\/pax-friedensdienste.de\/wordpress_d\/wp-content\/uploads\/2021\/07\/Logo_paxchristi-FIJ_gross_B-300x99.png\" alt=\"\" class=\"wp-image-1098\" style=\"width:150px;height:50px\" srcset=\"https:\/\/pax-friedensdienste.de\/wordpress_d\/wp-content\/uploads\/2021\/07\/Logo_paxchristi-FIJ_gross_B-300x99.png 300w, https:\/\/pax-friedensdienste.de\/wordpress_d\/wp-content\/uploads\/2021\/07\/Logo_paxchristi-FIJ_gross_B-1024x339.png 1024w, https:\/\/pax-friedensdienste.de\/wordpress_d\/wp-content\/uploads\/2021\/07\/Logo_paxchristi-FIJ_gross_B-768x254.png 768w, https:\/\/pax-friedensdienste.de\/wordpress_d\/wp-content\/uploads\/2021\/07\/Logo_paxchristi-FIJ_gross_B-1536x508.png 1536w, https:\/\/pax-friedensdienste.de\/wordpress_d\/wp-content\/uploads\/2021\/07\/Logo_paxchristi-FIJ_gross_B-2048x677.png 2048w\" sizes=\"auto, (max-width: 300px) 100vw, 300px\" \/><\/figure><\/div>\n\n\n<h2 class=\"wp-block-heading\">Freiwilliges Internationales Jahr &#8211; die #fij-Initiative <\/h2>\n\n\n\n<p>pax christi ist Mitglied der #fij-Kampagne f\u00fcr Vernetzung und \u00d6ffentlichkeitsarbeit f\u00fcr qualitative Freiwilligendienste im Ausland. Mehr Infos unter <a href=\"http:\/\/www.freiwilliges-internationales-jahr.de\/\">freiwilliges-internationales-jahr.de<\/a> und auf Socialmedia.<\/p>\n\n\n\n<ul class=\"wp-block-social-links is-layout-flex wp-block-social-links-is-layout-flex\"><li class=\"wp-social-link wp-social-link-youtube  wp-block-social-link\"><a href=\"https:\/\/www.youtube.com\/channel\/UCW1a3Zfxogoe_EwiX9BHQPg\" class=\"wp-block-social-link-anchor\"><svg width=\"24\" height=\"24\" viewBox=\"0 0 24 24\" version=\"1.1\" xmlns=\"http:\/\/www.w3.org\/2000\/svg\" aria-hidden=\"true\" focusable=\"false\"><path d=\"M21.8,8.001c0,0-0.195-1.378-0.795-1.985c-0.76-0.797-1.613-0.801-2.004-0.847c-2.799-0.202-6.997-0.202-6.997-0.202 h-0.009c0,0-4.198,0-6.997,0.202C4.608,5.216,3.756,5.22,2.995,6.016C2.395,6.623,2.2,8.001,2.2,8.001S2,9.62,2,11.238v1.517 c0,1.618,0.2,3.237,0.2,3.237s0.195,1.378,0.795,1.985c0.761,0.797,1.76,0.771,2.205,0.855c1.6,0.153,6.8,0.201,6.8,0.201 s4.203-0.006,7.001-0.209c0.391-0.047,1.243-0.051,2.004-0.847c0.6-0.607,0.795-1.985,0.795-1.985s0.2-1.618,0.2-3.237v-1.517 C22,9.62,21.8,8.001,21.8,8.001z M9.935,14.594l-0.001-5.62l5.404,2.82L9.935,14.594z\"><\/path><\/svg><span class=\"wp-block-social-link-label screen-reader-text\">YouTube<\/span><\/a><\/li>\n\n<li class=\"wp-social-link wp-social-link-spotify  wp-block-social-link\"><a href=\"https:\/\/www.freiwilliges-internationales-jahr.de\/dein-video-dein-sound\/\" class=\"wp-block-social-link-anchor\"><svg width=\"24\" height=\"24\" viewBox=\"0 0 24 24\" version=\"1.1\" xmlns=\"http:\/\/www.w3.org\/2000\/svg\" aria-hidden=\"true\" focusable=\"false\"><path d=\"M12,2C6.477,2,2,6.477,2,12c0,5.523,4.477,10,10,10c5.523,0,10-4.477,10-10C22,6.477,17.523,2,12,2 M16.586,16.424 c-0.18,0.295-0.563,0.387-0.857,0.207c-2.348-1.435-5.304-1.76-8.785-0.964c-0.335,0.077-0.67-0.133-0.746-0.469 c-0.077-0.335,0.132-0.67,0.469-0.746c3.809-0.871,7.077-0.496,9.713,1.115C16.673,15.746,16.766,16.13,16.586,16.424 M17.81,13.7 c-0.226,0.367-0.706,0.482-1.072,0.257c-2.687-1.652-6.785-2.131-9.965-1.166C6.36,12.917,5.925,12.684,5.8,12.273 C5.675,11.86,5.908,11.425,6.32,11.3c3.632-1.102,8.147-0.568,11.234,1.328C17.92,12.854,18.035,13.335,17.81,13.7 M17.915,10.865 c-3.223-1.914-8.54-2.09-11.618-1.156C5.804,9.859,5.281,9.58,5.131,9.086C4.982,8.591,5.26,8.069,5.755,7.919 c3.532-1.072,9.404-0.865,13.115,1.338c0.445,0.264,0.59,0.838,0.327,1.282C18.933,10.983,18.359,11.129,17.915,10.865\"><\/path><\/svg><span class=\"wp-block-social-link-label screen-reader-text\">Spotify<\/span><\/a><\/li>\n\n<li class=\"wp-social-link wp-social-link-instagram  wp-block-social-link\"><a href=\"https:\/\/www.instagram.com\/meinfij\/\" class=\"wp-block-social-link-anchor\"><svg width=\"24\" height=\"24\" viewBox=\"0 0 24 24\" version=\"1.1\" xmlns=\"http:\/\/www.w3.org\/2000\/svg\" aria-hidden=\"true\" focusable=\"false\"><path d=\"M12,4.622c2.403,0,2.688,0.009,3.637,0.052c0.877,0.04,1.354,0.187,1.671,0.31c0.42,0.163,0.72,0.358,1.035,0.673 c0.315,0.315,0.51,0.615,0.673,1.035c0.123,0.317,0.27,0.794,0.31,1.671c0.043,0.949,0.052,1.234,0.052,3.637 s-0.009,2.688-0.052,3.637c-0.04,0.877-0.187,1.354-0.31,1.671c-0.163,0.42-0.358,0.72-0.673,1.035 c-0.315,0.315-0.615,0.51-1.035,0.673c-0.317,0.123-0.794,0.27-1.671,0.31c-0.949,0.043-1.233,0.052-3.637,0.052 s-2.688-0.009-3.637-0.052c-0.877-0.04-1.354-0.187-1.671-0.31c-0.42-0.163-0.72-0.358-1.035-0.673 c-0.315-0.315-0.51-0.615-0.673-1.035c-0.123-0.317-0.27-0.794-0.31-1.671C4.631,14.688,4.622,14.403,4.622,12 s0.009-2.688,0.052-3.637c0.04-0.877,0.187-1.354,0.31-1.671c0.163-0.42,0.358-0.72,0.673-1.035 c0.315-0.315,0.615-0.51,1.035-0.673c0.317-0.123,0.794-0.27,1.671-0.31C9.312,4.631,9.597,4.622,12,4.622 M12,3 C9.556,3,9.249,3.01,8.289,3.054C7.331,3.098,6.677,3.25,6.105,3.472C5.513,3.702,5.011,4.01,4.511,4.511 c-0.5,0.5-0.808,1.002-1.038,1.594C3.25,6.677,3.098,7.331,3.054,8.289C3.01,9.249,3,9.556,3,12c0,2.444,0.01,2.751,0.054,3.711 c0.044,0.958,0.196,1.612,0.418,2.185c0.23,0.592,0.538,1.094,1.038,1.594c0.5,0.5,1.002,0.808,1.594,1.038 c0.572,0.222,1.227,0.375,2.185,0.418C9.249,20.99,9.556,21,12,21s2.751-0.01,3.711-0.054c0.958-0.044,1.612-0.196,2.185-0.418 c0.592-0.23,1.094-0.538,1.594-1.038c0.5-0.5,0.808-1.002,1.038-1.594c0.222-0.572,0.375-1.227,0.418-2.185 C20.99,14.751,21,14.444,21,12s-0.01-2.751-0.054-3.711c-0.044-0.958-0.196-1.612-0.418-2.185c-0.23-0.592-0.538-1.094-1.038-1.594 c-0.5-0.5-1.002-0.808-1.594-1.038c-0.572-0.222-1.227-0.375-2.185-0.418C14.751,3.01,14.444,3,12,3L12,3z M12,7.378 c-2.552,0-4.622,2.069-4.622,4.622S9.448,16.622,12,16.622s4.622-2.069,4.622-4.622S14.552,7.378,12,7.378z M12,15 c-1.657,0-3-1.343-3-3s1.343-3,3-3s3,1.343,3,3S13.657,15,12,15z M16.804,6.116c-0.596,0-1.08,0.484-1.08,1.08 s0.484,1.08,1.08,1.08c0.596,0,1.08-0.484,1.08-1.08S17.401,6.116,16.804,6.116z\"><\/path><\/svg><span class=\"wp-block-social-link-label screen-reader-text\">Instagram<\/span><\/a><\/li><\/ul>\n\n\n\n<h2 class=\"wp-block-heading\">Der last-minute-Markt von Rausvonzuhaus<\/h2>\n\n\n\n<p>Auf <a href=\"https:\/\/www.rausvonzuhaus.de\/organisationen-finden?tx_nlrausvonzuhaus_organisations%5Baction%5D=show&amp;tx_nlrausvonzuhaus_organisations%5Bcontroller%5D=Organisation&amp;tx_nlrausvonzuhaus_organisations%5Borganisation%5D=81&amp;cHash=0fd632e67407f08e64e673cc49e4f415\">rausvonzuhaus.de<\/a> findest du viele weitere Anbieter*innen von Freiwilligendiensten und anderen Engagementformaten! <\/p>\n\n\n\n<p><\/p>\n\n\n\n<p><\/p>\n\n\n\n<h2 class=\"wp-block-heading\">Gef\u00f6rdert durch<\/h2>\n\n\n\n<figure class=\"wp-block-image\"><a href=\"https:\/\/www.weltwaerts.de\/de\/weltwaerts-boerse-freiwilligendienst.html\"><img loading=\"lazy\" decoding=\"async\" width=\"307\" height=\"86\" src=\"https:\/\/pax-friedensdienste.de\/wordpress_d\/wp-content\/uploads\/2025\/08\/ww-1.jpg\" alt=\"\" class=\"wp-image-1628\" srcset=\"https:\/\/pax-friedensdienste.de\/wordpress_d\/wp-content\/uploads\/2025\/08\/ww-1.jpg 307w, https:\/\/pax-friedensdienste.de\/wordpress_d\/wp-content\/uploads\/2025\/08\/ww-1-300x84.jpg 300w\" sizes=\"auto, (max-width: 307px) 100vw, 307px\" \/><\/a><\/figure>\n\n\n\n<figure class=\"wp-block-image\"><a href=\"https:\/\/www.engagement-global.de\/de\/\"><img loading=\"lazy\" decoding=\"async\" width=\"267\" height=\"73\" src=\"https:\/\/pax-friedensdienste.de\/wordpress_d\/wp-content\/uploads\/2025\/08\/Engagement-Global-1.jpg\" alt=\"\" class=\"wp-image-1630\"\/><\/a><\/figure>\n\n\n\n<p><strong>mit Mitteln des<\/strong><\/p>\n\n\n\n<figure class=\"wp-block-image\"><a href=\"https:\/\/www.bmz.de\/de\"><img loading=\"lazy\" decoding=\"async\" width=\"307\" height=\"117\" src=\"https:\/\/pax-friedensdienste.de\/wordpress_d\/wp-content\/uploads\/2025\/08\/BMZ.jpg\" alt=\"\" class=\"wp-image-1627\" srcset=\"https:\/\/pax-friedensdienste.de\/wordpress_d\/wp-content\/uploads\/2025\/08\/BMZ.jpg 307w, https:\/\/pax-friedensdienste.de\/wordpress_d\/wp-content\/uploads\/2025\/08\/BMZ-300x114.jpg 300w\" sizes=\"auto, (max-width: 307px) 100vw, 307px\" \/><\/a><\/figure>\n\n\n\n<p><strong>sowie<\/strong><\/p>\n\n\n\n<figure class=\"wp-block-image\"><a href=\"https:\/\/www.solidaritaetskorps.de\/\"><img loading=\"lazy\" decoding=\"async\" width=\"1024\" height=\"215\" src=\"https:\/\/pax-friedensdienste.de\/wordpress_d\/wp-content\/uploads\/2025\/08\/DE-Kofinanziert-von-der-Europaeischen-Union_POS-1024x215.jpg\" alt=\"\" class=\"wp-image-1631\" srcset=\"https:\/\/pax-friedensdienste.de\/wordpress_d\/wp-content\/uploads\/2025\/08\/DE-Kofinanziert-von-der-Europaeischen-Union_POS-1024x215.jpg 1024w, https:\/\/pax-friedensdienste.de\/wordpress_d\/wp-content\/uploads\/2025\/08\/DE-Kofinanziert-von-der-Europaeischen-Union_POS-300x63.jpg 300w, https:\/\/pax-friedensdienste.de\/wordpress_d\/wp-content\/uploads\/2025\/08\/DE-Kofinanziert-von-der-Europaeischen-Union_POS-768x161.jpg 768w, https:\/\/pax-friedensdienste.de\/wordpress_d\/wp-content\/uploads\/2025\/08\/DE-Kofinanziert-von-der-Europaeischen-Union_POS-1536x322.jpg 1536w, https:\/\/pax-friedensdienste.de\/wordpress_d\/wp-content\/uploads\/2025\/08\/DE-Kofinanziert-von-der-Europaeischen-Union_POS-2048x430.jpg 2048w\" sizes=\"auto, (max-width: 1024px) 100vw, 1024px\" \/><\/a><\/figure>\n\n\n\n<p><\/p>\n","protected":false},"excerpt":{"rendered":"<p>Freiwilliges Internationales Jahr &#8211; die #fij-Initiative pax christi ist Mitglied der #fij-Kampagne f\u00fcr Vernetzung und \u00d6ffentlichkeitsarbeit f\u00fcr qualitative Freiwilligendienste im Ausland. Mehr Infos unter freiwilliges-internationales-jahr.de und auf Socialmedia. Der last-minute-Markt von Rausvonzuhaus Auf rausvonzuhaus.de findest du viele weitere Anbieter*innen von Freiwilligendiensten und anderen Engagementformaten! Gef\u00f6rdert durch mit Mitteln des sowie<\/p>\n","protected":false},"author":1,"featured_media":0,"parent":0,"menu_order":0,"comment_status":"closed","ping_status":"closed","template":"","meta":{"ngg_post_thumbnail":0,"footnotes":""},"class_list":["post-690","page","type-page","status-publish","hentry"],"_links":{"self":[{"href":"https:\/\/pax-friedensdienste.de\/wordpress_d\/wp-json\/wp\/v2\/pages\/690","targetHints":{"allow":["GET"]}}],"collection":[{"href":"https:\/\/pax-friedensdienste.de\/wordpress_d\/wp-json\/wp\/v2\/pages"}],"about":[{"href":"https:\/\/pax-friedensdienste.de\/wordpress_d\/wp-json\/wp\/v2\/types\/page"}],"author":[{"embeddable":true,"href":"https:\/\/pax-friedensdienste.de\/wordpress_d\/wp-json\/wp\/v2\/users\/1"}],"replies":[{"embeddable":true,"href":"https:\/\/pax-friedensdienste.de\/wordpress_d\/wp-json\/wp\/v2\/comments?post=690"}],"version-history":[{"count":10,"href":"https:\/\/pax-friedensdienste.de\/wordpress_d\/wp-json\/wp\/v2\/pages\/690\/revisions"}],"predecessor-version":[{"id":1687,"href":"https:\/\/pax-friedensdienste.de\/wordpress_d\/wp-json\/wp\/v2\/pages\/690\/revisions\/1687"}],"wp:attachment":[{"href":"https:\/\/pax-friedensdienste.de\/wordpress_d\/wp-json\/wp\/v2\/media?parent=690"}],"curies":[{"name":"wp","href":"https:\/\/api.w.org\/{rel}","templated":true}]}}