{"id":692,"date":"2020-11-21T11:49:07","date_gmt":"2020-11-21T10:49:07","guid":{"rendered":"https:\/\/pax-friedensdienste.de\/wordpress_d\/?page_id=692"},"modified":"2021-07-09T09:09:19","modified_gmt":"2021-07-09T08:09:19","slug":"veranstaltungen","status":"publish","type":"page","link":"https:\/\/pax-friedensdienste.de\/wordpress_d\/veranstaltungen\/","title":{"rendered":"Veranstaltungen"},"content":{"rendered":"\n<div class=\"wp-block-columns is-layout-flex wp-container-core-columns-is-layout-1 wp-block-columns-is-layout-flex\">\n<div class=\"wp-block-column is-layout-flow wp-block-column-is-layout-flow\" style=\"flex-basis:100%\">\n<p>Liebe Freiwillige, liebe ehemaligen Freiwillige, liebe Interessierte!<\/p>\n\n\n\n<p>Herzlich Willkommen auf unserem neuen Blog mit Veranstaltungstipps rund um den Friedensdienst, das Thema Engagement und Frieden und weitere spannende Themen!<\/p>\n\n\n\n<p>Schaut gerne regelm\u00e4\u00dfig vorbei und informiert euch \u00fcber anstehenden Veranstaltungen!<\/p>\n\n\n\n<hr class=\"wp-block-separator\"\/>\n\n\n\n<p style=\"text-align: right;\"><span style=\"color: #999999;\"><em>09.07.2021<\/em><\/span><\/p>\n\n\n\n<h2 class=\"wp-block-heading\"><strong>+++ Ausschreibung FAIRWANDLER-Preis 2021\/22 +++<\/strong><\/h2>\n\n\n\n<p><strong>Wir suchen Fairwandler*innen!<\/strong><\/p>\n\n\n\n<p>Der Sommer ist da \u2013 und der FAIRWANDLER-Preis startet in eine neue Runde.<\/p>\n\n\n\n<p><strong>Mitmachen kannst du, wenn \u2026<\/strong><\/p>\n\n\n\n<ul class=\"wp-block-list\"><li>du 18-32 Jahre alt bist<\/li><li>mind. drei Monate im Ausland warst<\/li><li>diese Erfahrung dich inspiriert hat<\/li><li>du dich jetzt in einem Projekt \/ einer Initiative f\u00fcr ein faires globales Miteinander engagierst<\/li><\/ul>\n\n\n\n<p><strong>Zeig dein Engagement und bewirb dich!<\/strong><\/p>\n\n\n\n<p>Wir suchen junges Engagement aus allen Bereichen nachhaltiger Entwicklung, die Deutschland fair \u00e4ndern.<\/p>\n\n\n\n<p>Z.B. in den Bereichen<\/p>\n\n\n\n<ul class=\"wp-block-list\"><li>Klimaschutz<\/li><li>Gleichstellung der Geschlechter<\/li><li>Generationengerechtigkeit<\/li><li>Faire Handelsstrukturen<\/li><li>Gesellschaftlicher Zusammenhalt und Solidarit\u00e4t<\/li><li>Bildung f\u00fcr alle<\/li><li>Nachhaltiger Lebensstil<\/li><\/ul>\n\n\n\n<p><strong>Unterst\u00fctzung gewinnen!<\/strong><\/p>\n\n\n\n<p>Wir unterst\u00fctzen dein Engagement <strong>finanziell <\/strong>(2.500 Euro pro Projekt) und <strong>praktisch<\/strong>.<\/p>\n\n\n\n<p>Der Preis bietet dir (und deinem Team) die M\u00f6glichkeit, junge Engagierte und spannende Projekte aus ganz Deutschland kennen zu lernen und euch miteinander zu vernetzen.<\/p>\n\n\n\n<p>Dar\u00fcber hinaus erh\u00e4ltst du individuelle praktische Unterst\u00fctzung aus dem FAIRWANDLER-Netzwerk.<\/p>\n\n\n\n<p><strong>Hier kannst du dich gleich bewerben:<\/strong><\/p>\n\n\n\n<p><a href=\"http:\/\/www.fairwandler-preis.org\/\" target=\"_blank\" rel=\"noreferrer noopener\">www.fairwandler-preis.org<\/a><\/p>\n\n\n\n<p><strong>Bewerbungsfrist:<\/strong><\/p>\n\n\n\n<p>5. September 2021<\/p>\n\n\n\n<hr class=\"wp-block-separator\"\/>\n\n\n\n<p class=\"has-text-align-right\"><em><span style=\"color:#abb8c3\" class=\"tadv-color\">08.06.2021<\/span><\/em><\/p>\n\n\n\n<div class=\"wp-block-image is-style-default\"><figure class=\"alignright size-thumbnail\"><img loading=\"lazy\" decoding=\"async\" width=\"150\" height=\"150\" src=\"https:\/\/pax-friedensdienste.de\/wordpress_d\/wp-content\/uploads\/2021\/06\/menschenrecht_moria_logo_rgb-150x150.png\" alt=\"\" class=\"wp-image-1060\" srcset=\"https:\/\/pax-friedensdienste.de\/wordpress_d\/wp-content\/uploads\/2021\/06\/menschenrecht_moria_logo_rgb-150x150.png 150w, https:\/\/pax-friedensdienste.de\/wordpress_d\/wp-content\/uploads\/2021\/06\/menschenrecht_moria_logo_rgb-300x300.png 300w, https:\/\/pax-friedensdienste.de\/wordpress_d\/wp-content\/uploads\/2021\/06\/menschenrecht_moria_logo_rgb-1024x1024.png 1024w, https:\/\/pax-friedensdienste.de\/wordpress_d\/wp-content\/uploads\/2021\/06\/menschenrecht_moria_logo_rgb-768x768.png 768w, https:\/\/pax-friedensdienste.de\/wordpress_d\/wp-content\/uploads\/2021\/06\/menschenrecht_moria_logo_rgb-1536x1536.png 1536w, https:\/\/pax-friedensdienste.de\/wordpress_d\/wp-content\/uploads\/2021\/06\/menschenrecht_moria_logo_rgb-2048x2048.png 2048w\" sizes=\"auto, (max-width: 150px) 100vw, 150px\" \/><\/figure><\/div>\n\n\n\n<h2 class=\"wp-block-heading\"><strong>Save the Date: Bundesweiter Aktionstag der Kampagne &#8222;Menschenrecht statt Moria&#8220;<\/strong><\/h2>\n\n\n\n<p> <strong>Am Samstag, 11. September<\/strong>!<\/p>\n\n\n\n<p>Kurz vor der Bundestagswahl wollen wir mit einem bundesweiten Aktionstag auf unsere Forderungen aufmerksam machen.<br>Wer Lust hat, sich in einer Vorbereitungsgruppe einzubringen, kann sich gerne zeitnah melden unter: <a href=\"mailto:keinmoria@paxchristi.de\">keinmoria\u00c4Tpaxchristi.de<\/a><\/p>\n\n\n\n<p>Alle Veranstaltungen zur Kampagne findet ihr auf <a href=\"https:\/\/menschenrecht-statt-moria.de\">menschenrecht-statt-moria.de<\/a>.<\/p>\n\n\n\n<hr class=\"wp-block-separator\"\/>\n\n\n\n<p class=\"has-text-align-right\"><em><span style=\"color:#abb8c3\" class=\"tadv-color\">28.05.2021<\/span><\/em><\/p>\n\n\n\n<h2 class=\"wp-block-heading\"> <strong>Wirksamer Politikdialog im Wahlkreis: \u00dcben, fertig, los!<\/strong> <\/h2>\n\n\n\n<p>Liebe&nbsp;ehemalige Freiwillige,<\/p>\n\n\n\n<p><strong>\u201eSorge f\u00fcr das gemeinsame Haus \u00fcbernehmen\u201c<\/strong>&nbsp;\u2013 mit diesen Worten ruft Papst Franziskus weiter alle Staaten auf, den menschengemachten Klimawandel aufzuhalten. Was k\u00f6nnen wir tun?<\/p>\n\n\n\n<p>Eine interessante Beteiligungsm\u00f6glichkeit stellen wir euch heute vor:<\/p>\n\n\n\n<p>Bundesweit haben sich Hunderte Menschen im \u201eSchwarm for Future\u201c vernetzt und laden Interessierte aller Alters- und Erfahrungsstufen zum Mitmachen ein. In bisher rund 60% aller Wahlkreise organisieren sie pers\u00f6nliche Klimagespr\u00e4che mit ihren Bundestags-Abgeordneten vor Ort. Sie bringen ihre Sorge um Klimasch\u00e4den zur Sprache und fragen als Wahlberechtigte vor der Bundestagswahl nach konkreten 1,5-Grad-Ma\u00dfnahmen f\u00fcr klimagerechtere Politik. Alle agieren lokal und wirken gleichzeitig bundesweit!<\/p>\n\n\n\n<p>Selten war wir Zeit so g\u00fcnstig wie jetzt, als B\u00fcrger mit der Politik ins Gespr\u00e4ch zu kommen. Im Wahlkampf sucht die Politik den Dialog mit den W\u00e4hlern und W\u00e4hlerinnen, pers\u00f6nlich (wenn es wieder geht) und digital. Das macht die Kontaktaufnahme einfach und unaufw\u00e4ndig. Vor allem aber stehen nach Jahren der Verwaltung, bei fast allen Parteien die Zeichen auf Aufbruch. Zeigen wir gemeinsam, dass dieser&nbsp;Aufbruch&nbsp;nur mit konsequenter&nbsp;Klimapolitik&nbsp;geht.&nbsp;&nbsp;<\/p>\n\n\n\n<p><strong>Wir laden euch ganz herzlich ein, euch zu beteiligen und selbst aktiv zu werden:<\/strong><strong><\/strong><\/p>\n\n\n\n<p><strong>Meldet euch hier an:&nbsp;<\/strong> <a href=\"https:\/\/www.eventbrite.de\/e\/onlinetraining-uben-fertig-los-klimagesprache-mit-ihren-abgeordneten-tickets-152632035527\">https:\/\/www.eventbrite.de\/e\/onlinetraining-uben-fertig-los-klimagesprache-mit-ihren-abgeordneten-tickets-152632035527<\/a><\/p>\n\n\n\n<p><strong>zum Onlinekurs \u201eWirksamer Politikdialog im Wahlkreis: \u00dcben, fertig, los!\u201c am Samstag 29. Mai 2021.&nbsp;<br><\/strong>Der Kurs wird in Kooperation mit MISEREOR&nbsp;durchgef\u00fchrt. Teilnahme ist kostenlos.<\/p>\n\n\n\n<hr class=\"wp-block-separator\"\/>\n\n\n\n<p class=\"has-text-align-right has-cyan-bluish-gray-color has-text-color\"><em>22.04.2021<\/em><\/p>\n\n\n\n<h2 class=\"wp-block-heading\">Gemeinsam f\u00fcr Gerechtigkeit auf der Balkanroute<\/h2>\n\n\n\n<div class=\"wp-block-image is-style-default\"><figure class=\"alignright size-medium\"><img loading=\"lazy\" decoding=\"async\" width=\"300\" height=\"300\" src=\"https:\/\/pax-friedensdienste.de\/wordpress_d\/wp-content\/uploads\/2021\/04\/Post-5-300x300.png\" alt=\"\" class=\"wp-image-983\" srcset=\"https:\/\/pax-friedensdienste.de\/wordpress_d\/wp-content\/uploads\/2021\/04\/Post-5-300x300.png 300w, https:\/\/pax-friedensdienste.de\/wordpress_d\/wp-content\/uploads\/2021\/04\/Post-5-1024x1024.png 1024w, https:\/\/pax-friedensdienste.de\/wordpress_d\/wp-content\/uploads\/2021\/04\/Post-5-150x150.png 150w, https:\/\/pax-friedensdienste.de\/wordpress_d\/wp-content\/uploads\/2021\/04\/Post-5-768x768.png 768w, https:\/\/pax-friedensdienste.de\/wordpress_d\/wp-content\/uploads\/2021\/04\/Post-5.png 1080w\" sizes=\"auto, (max-width: 300px) 100vw, 300px\" \/><\/figure><\/div>\n\n\n\n<p>Der Arbeitskreis Balkan des Di\u00f6zesanverbands pax christi Aachen hat am Dienstag, 20. April 2021 in Zusammenarbeit mit dem Vorstand die Onlineveranstaltung \u201eMenschenrecht auf der Balkanroute \u2013 Wie geht Solidarit\u00e4t?\u201c veranstaltet. Die Veranstaltung war Teil der Kampagne \u201eMenschenrecht statt Moria\u201c.<\/p>\n\n\n\n<p>Die eingeladen Podieng\u00e4ste Theresa Wagner (Balkanbr\u00fccke), Sanella Klepic (Rotes-Kreuz-Aktivistin aus Bosnien &amp; Herzegowina) und Benedikt Kern (Theologe) haben nach ihren kurzen Eingangsstatements von ihrer Arbeit berichtet und den Anwesenden so Einblicke aus den verschiedenen Bereichen gegeben. Theresa Wagner berichtete als Mitglied der jungen Balkanbr\u00fccke von ihren Arbeitsweisen mit den Schwerpunkten Informations- und \u00d6ffentlichkeitsarbeit, Spendenakquise und Aktionen. \u00dcber die konkrete Situation vor Ort in der Gefl\u00fcchtetenhilfe in einem Transitort informierte uns Sanelle Klepic und rief eindr\u00fccklich dazu auf, die aufgebauten Hilfsstrukturen zu unterst\u00fctzen und nicht auf eigene Faust nach Bosnien zu kommen oder unabgesprochen Hilfsg\u00fcter zu schicken. Benedikt Kern erl\u00e4uterte den Werdegang der EU-Politik im Hinblick auf die Migrationsentwicklung und stellte klar, dass die menschenunw\u00fcrdige EU-Politik auf die strukturellen Widerspr\u00fcche innerhalb der EU zur\u00fcckgehen, die dringend aufgel\u00f6st und gekl\u00e4rt werden m\u00fcssen.<\/p>\n\n\n\n<p>Fragen aus dem Publikum machten den Abend zu einer lebendigen Veranstaltung und zeigten den gro\u00dfen Willen, die Ungerechtigkeiten, die Rechtsbr\u00fcche und die m\u00f6glicherweise neue Bildung eines EU-Au\u00dfen-Hotspots in Bosnien verhindern zu wollen.<\/p>\n\n\n\n<p>Wir danken herzlich den drei G\u00e4sten, den Ehrenamtlichen aus dem AK Balkan und insbesondere Judith Gebhardt f\u00fcr die Moderation!<\/p>\n\n\n\n<p>Folgende Links sind w\u00e4hrend der Veranstaltung angesprochen und geteilt worden:<\/p>\n\n\n\n<ul class=\"wp-block-list\"><li>Das \u201e<strong>B\u00fcrger*innenasyl Aachen<\/strong>\u201c l\u00e4dt ein, am 03.05.2021 um 19 Uhr,&nbsp; gemeinsam mit vielen Menschen aus den unterschiedlichsten Zusammenh\u00e4ngen, zu einem ersten Austausch zum Thema! Das Treffen wird online unter folgendem Link stattfinden <a href=\"https:\/\/meet.systemli.org\/No_Lager_Ac_2021\">https:\/\/meet.systemli.org\/No_Lager_Ac_2021<\/a><\/li><li>Benedikt Kern: Hier unsere kleine Brosch\u00fcre &#8222;<strong>Kirche ohne Grenzen<\/strong>&#8222;: <a href=\"https:\/\/www.itpol.de\/netzwerk-kirchenasyl-muenster\/kirche-ohne-grenzen\/\">https:\/\/www.itpol.de\/netzwerk-kirchenasyl-muenster\/kirche-ohne-grenzen\/<\/a><\/li><li><strong>Balkanbr\u00fccke<\/strong>: <a href=\"https:\/\/balkanbrueckesupports.org\/\">https:\/\/balkanbrueckesupports.org\/<\/a> und <a href=\"https:\/\/balkanbrueckesupports.org\/feuerholz-fuer-kljuc\/\">https:\/\/balkanbrueckesupports.org\/feuerholz-fuer-kljuc\/<\/a><\/li><\/ul>\n\n\n\n<p>Die Pr\u00e4sentation von Benedikt Kern stellen wir auf Nachfrage gerne zur Verf\u00fcgung.<\/p>\n\n\n\n<hr class=\"wp-block-separator\"\/>\n\n\n\n<p class=\"has-text-align-right has-cyan-bluish-gray-color has-text-color\"><em>13.04.2021<\/em><\/p>\n\n\n\n<h2 class=\"wp-block-heading\">Menschenrechtsverletzung auf der Balkanroute &#8211; Wie geht Solidarit\u00e4t?<\/h2>\n\n\n\n<div class=\"wp-block-buttons is-layout-flex wp-block-buttons-is-layout-flex\"><\/div>\n\n\n\n<div class=\"wp-block-image is-style-default\"><figure class=\"alignleft size-medium\"><img loading=\"lazy\" decoding=\"async\" width=\"300\" height=\"300\" src=\"https:\/\/pax-friedensdienste.de\/wordpress_d\/wp-content\/uploads\/2021\/04\/pax-Balkanroute-300x300.png\" alt=\"\" class=\"wp-image-958\" srcset=\"https:\/\/pax-friedensdienste.de\/wordpress_d\/wp-content\/uploads\/2021\/04\/pax-Balkanroute-300x300.png 300w, https:\/\/pax-friedensdienste.de\/wordpress_d\/wp-content\/uploads\/2021\/04\/pax-Balkanroute-1024x1024.png 1024w, https:\/\/pax-friedensdienste.de\/wordpress_d\/wp-content\/uploads\/2021\/04\/pax-Balkanroute-150x150.png 150w, https:\/\/pax-friedensdienste.de\/wordpress_d\/wp-content\/uploads\/2021\/04\/pax-Balkanroute-768x768.png 768w, https:\/\/pax-friedensdienste.de\/wordpress_d\/wp-content\/uploads\/2021\/04\/pax-Balkanroute.png 1080w\" sizes=\"auto, (max-width: 300px) 100vw, 300px\" \/><\/figure><\/div>\n\n\n\n<p>Eine Online-Diskussion mit Expert*innen und Aktivist*innen<\/p>\n\n\n\n<p>am Dienstag, den <strong>20. April 2021 von 19:00 bis 20:30 Uhr<\/strong><\/p>\n\n\n\n<p>Leben in \u00fcberf\u00fcllten Lagern, Gewalterfahrungen und Br\u00fcche des V\u00f6lkerrechts &#8211; f\u00fcr Gefl\u00fcchtete ist die Situation an den Au\u00dfengrenzen der EU weiterhin katastrophal und jetzt, drei Monate nach dem Brand im Fl\u00fcchtlingslager Lipa, da sich Medien und die \u00d6ffentlichkeit anderen Themen zuwenden, m\u00f6chte pax christi Aachen die Aufmerksamkeit erneut auf die Balkanroute lenken.<\/p>\n\n\n\n<p><strong>In einem Gespr\u00e4ch zwischen Expert*innen und Aktivist*innen wird die Situation der Gefl\u00fcchteten an der bosnisch-kroatischen Grenze erfahrbar dargestellt.<\/strong><\/p>\n\n\n\n<p>Benedikt Kern, Theresa Wagner und Sanella Lepirica diskutieren dar\u00fcber, wie sich die Abschottungspolitik der EU auf die humanit\u00e4re Notlage an den Au\u00dfengrenzen auswirkt und warum diese Politik aus christlich-theologischer Sicht abzulehnen ist. Welche Auswirkungen hat die EU-Politik auf die Gefl\u00fcchteten auf der Balkanroute und wie reagieren die \u00f6rtlichen Beh\u00f6rden und die Bev\u00f6lkerung?<\/p>\n\n\n\n<p>pax christi Aachen engagiert sich seit den 1990er Jahren auf dem Balkan; erst mit konkreter Hilfe w\u00e4hrend der Jugoslawienkriege, dann mit Friedensfachkr\u00e4ften nach Ende der Kriege und seit den 2000er Jahren entsenden wir Freiwillige Friedensdienstleistende in die L\u00e4nder des westlichen Balkans. Im AK Balkan haben sich ehemalige Freiwillige zusammengeschlossen, um sich weiterhin in vielf\u00e4ltiger Weise in der Region zu engagieren.<\/p>\n\n\n\n<p>Der Zoom-Link wird am Tag der Veranstaltung auf der pax christi-Homepage ver\u00f6ffentlicht. <a href=\"https:\/\/aachen.paxchristi.de\">(https:\/\/aachen.paxchristi.de)<\/a><\/p>\n\n\n\n<div class=\"wp-block-file\"><a href=\"https:\/\/pax-friedensdienste.de\/wordpress_d\/wp-content\/uploads\/2021\/04\/Flyer-Menschenrechtsverletzungen-Balkanroute-1.pdf\">Flyer-Menschenrechtsverletzungen-Balkanroute-1<\/a><a href=\"https:\/\/pax-friedensdienste.de\/wordpress_d\/wp-content\/uploads\/2021\/04\/Flyer-Menschenrechtsverletzungen-Balkanroute-1.pdf\" class=\"wp-block-file__button\" download><span style=\"color:#0098a4\" class=\"tadv-color\">Herunterladen<\/span><\/a><\/div>\n\n\n\n<p><\/p>\n\n\n\n<hr class=\"wp-block-separator\"\/>\n\n\n\n<p class=\"has-text-align-right has-cyan-bluish-gray-color has-text-color\"><em>26.01.2021<\/em><\/p>\n\n\n\n<h2 class=\"wp-block-heading\">&#8222;Umweltschutz als globale Herausforderung&#8220; &#8211; Online-Workshop von IN VIA<\/h2>\n\n\n\n<p>In Via International ist eine Entsendeorganisation, die regelm\u00e4\u00dfig Veranstaltung f\u00fcr ehemalige Freiwillige aller Tr\u00e4ger und Interessierte anbietet.<\/p>\n\n\n\n<p>&#8222;Vom 05.-06. M\u00e4rz, jeweils von 09:00-17:00h, bieten wir einen Online-Workshop zum Thema \u201eGlobale Probleme \u2013 globales Handeln \u2013 Umweltschutz als globale Herausforderung\u201c an. <\/p>\n\n\n\n<p>Wir werden uns mit den globalen Zusammenh\u00e4ngen und Folgen der Klimakrise besch\u00e4ftigen und \u00fcberlegen, wie wir unser eigenes Leben nachhaltig gestalten k\u00f6nnen. Zu dem Workshop haben wir u.a. auch einen Gastreferenten mit viel Erfahrung im Klimaaktivismus eingeladen. Die Teilnahme an dem Workshop ist kostenlos.&#8220;<\/p>\n\n\n\n<p>Weitere Infos und die M\u00f6glichkeit zur Anmeldung findet ihr hier: <a href=\"https:\/\/www.invia-international.de\/ehemalige-co\/workshops\/\">https:\/\/www.invia-international.de\/ehemalige-co\/workshops\/<\/a><\/p>\n\n\n\n<hr class=\"wp-block-separator\"\/>\n\n\n\n<p class=\"has-text-align-right has-cyan-bluish-gray-color has-text-color\">                                                                                                                                                                                    <em>26.01.2021<\/em><\/p>\n\n\n\n<h2 class=\"wp-block-heading\">Spendenaktion f\u00fcr ADES in Guayaquil<\/h2>\n\n\n\n<p><\/p>\n\n\n\n<div class=\"wp-block-media-text alignwide is-stacked-on-mobile is-image-fill\"><figure class=\"wp-block-media-text__media\" style=\"background-image:url(https:\/\/pax-friedensdienste.de\/wordpress_d\/wp-content\/uploads\/2021\/01\/image00008-768x1024.jpeg);background-position:50% 50%\"><img loading=\"lazy\" decoding=\"async\" width=\"768\" height=\"1024\" src=\"https:\/\/pax-friedensdienste.de\/wordpress_d\/wp-content\/uploads\/2021\/01\/image00008-768x1024.jpeg\" alt=\"\" class=\"wp-image-843 size-full\" srcset=\"https:\/\/pax-friedensdienste.de\/wordpress_d\/wp-content\/uploads\/2021\/01\/image00008-768x1024.jpeg 768w, https:\/\/pax-friedensdienste.de\/wordpress_d\/wp-content\/uploads\/2021\/01\/image00008-225x300.jpeg 225w, https:\/\/pax-friedensdienste.de\/wordpress_d\/wp-content\/uploads\/2021\/01\/image00008-1152x1536.jpeg 1152w, https:\/\/pax-friedensdienste.de\/wordpress_d\/wp-content\/uploads\/2021\/01\/image00008.jpeg 1200w\" sizes=\"auto, (max-width: 768px) 100vw, 768px\" \/><\/figure><div class=\"wp-block-media-text__content\">\n<p>Die Coronapandemie und ihre Auswirkungen treffen auch die meisten unserer Partner*innen und Einsatzstellen im Ausland hart. F\u00fcr die Einsatzstelle in Guayaquil, die Schule &#8222;Neues Jahrtausend&#8220;, wurde jetzt eine Spendenaktion gestartet. Die Ausschreibung zum Spendenaufruf findest du zum Download unter dem Bild.<\/p>\n<\/div><\/div>\n\n\n\n<p><\/p>\n\n\n\n<div class=\"wp-block-file\"><a href=\"https:\/\/pax-friedensdienste.de\/wordpress_d\/wp-content\/uploads\/2021\/01\/Spendenaufruf-Januar-2021.pdf\">Spendenaufruf-Januar-2021<\/a><a href=\"https:\/\/pax-friedensdienste.de\/wordpress_d\/wp-content\/uploads\/2021\/01\/Spendenaufruf-Januar-2021.pdf\" class=\"wp-block-file__button\" download>Herunterladen<\/a><\/div>\n\n\n\n<div class=\"wp-block-group has-black-color has-text-color\"><div class=\"wp-block-group__inner-container is-layout-flow wp-block-group-is-layout-flow\">\n<hr class=\"wp-block-separator has-text-color has-background has-black-background-color has-black-color is-style-wide\"\/>\n<\/div><\/div>\n\n\n\n<p class=\"has-text-align-right has-cyan-bluish-gray-color has-text-color\"><em><span style=\"color:#abb8c3\" class=\"tadv-color\">07.12.2020<\/span><\/em><\/p>\n\n\n\n<h2 class=\"wp-block-heading\">Kein Weihnachten in Moria &#8211; online Aktion<\/h2>\n\n\n\n<div class=\"wp-block-image\"><figure class=\"aligncenter size-large is-resized\"><img loading=\"lazy\" decoding=\"async\" src=\"https:\/\/pax-friedensdienste.de\/wordpress_d\/wp-content\/uploads\/2020\/12\/Kein-Weihnachten-in-Moria-hastagSchild-1024x724.jpg\" alt=\"\" class=\"wp-image-768\" width=\"840\" height=\"593\" srcset=\"https:\/\/pax-friedensdienste.de\/wordpress_d\/wp-content\/uploads\/2020\/12\/Kein-Weihnachten-in-Moria-hastagSchild-1024x724.jpg 1024w, https:\/\/pax-friedensdienste.de\/wordpress_d\/wp-content\/uploads\/2020\/12\/Kein-Weihnachten-in-Moria-hastagSchild-300x212.jpg 300w, https:\/\/pax-friedensdienste.de\/wordpress_d\/wp-content\/uploads\/2020\/12\/Kein-Weihnachten-in-Moria-hastagSchild-768x543.jpg 768w, https:\/\/pax-friedensdienste.de\/wordpress_d\/wp-content\/uploads\/2020\/12\/Kein-Weihnachten-in-Moria-hastagSchild-1536x1086.jpg 1536w, https:\/\/pax-friedensdienste.de\/wordpress_d\/wp-content\/uploads\/2020\/12\/Kein-Weihnachten-in-Moria-hastagSchild-2048x1448.jpg 2048w\" sizes=\"auto, (max-width: 840px) 100vw, 840px\" \/><\/figure><\/div>\n\n\n\n<p>Im Rahmen unserer pax christi-Kampagne \u201cKein Weihnachten in Moria\u201d zeigen wir Gesicht, denn seit&nbsp;<strong>Sonntag dem 2. Advent<\/strong>&nbsp;l\u00e4uft die Online-Fotoaktion&nbsp;<strong>#keinWeihnachteninMoria<\/strong>.<\/p>\n\n\n\n<p>Um die breite Unterst\u00fctzung unserer Kampagne zu verdeutlichen und bekannter zu machen, brauchen wir eure Unterst\u00fctzung:<\/p>\n\n\n\n<ul class=\"wp-block-list\"><li>Druckt das Plakat aus (Farbe oder schwarz-wei\u00df \u2013 beides funktioniert) beigef\u00fcgt an diese Mail oder unter&nbsp;<a href=\"https:\/\/aachen.paxchristi.de\/\">https:\/\/aachen.paxchristi.de\/<\/a>&nbsp;oder&nbsp;<a href=\"https:\/\/kein-weihnachten-in-moria.de\/\">https:\/\/kein-weihnachten-in-moria.de<\/a><\/li><li>Macht ein Foto von euch \/sich und dem Plakat, siehe Beispiel im Anhang<\/li><li>Postet das Foto auf all euren \/ Ihren Social-Media-Kan\u00e4len mit dem Hashtag: #keinWeihnachteninMoria<\/li><li>Schickt das Foto auch an uns (<a href=\"mailto:info@pax-christi-aachen.de\">info@pax-christi-aachen.de<\/a>). Wir teilen es auf der auf unseren Social-Media-Kan\u00e4len und leiten es an den Regionalverband Rhein-Main weiter.<\/li><\/ul>\n\n\n\n<p>Bis Weihnachten m\u00f6chten wir die Foto-Aktion&nbsp;<strong>#kein Weihnachten in Moria<\/strong>&nbsp;weiterf\u00fchren und den Druck auf die Entscheidungstr\u00e4ger*innen erh\u00f6hen, doch noch vor oder bis Weihnachten zu handeln und die Fl\u00fcchtlingslager auf den griechischen Inseln zu evakuieren.<\/p>\n\n\n\n<p>Au\u00dferdem haben wir in den vergangenen Wochen alle MdB\u2019s und MdL\u2019s aus dem Bistum Aachen angeschrieben \u2013 bisher haben wir keine nennenswerten R\u00fcckmeldungen bekommen.<\/p>\n\n\n\n<p>\u00dcber weitere Aktionen und Veranstaltungen im Rahmen der Kampagne halten wir euch auf dem Laufenden.<\/p>\n\n\n\n<p>Wir freuen uns, wenn ihr euch beteiligt, eigene Aktionen durchf\u00fchrt oder uns eure Ideen mitteilt.<\/p>\n<\/div>\n<\/div>\n\n\n\n<p><\/p>\n","protected":false},"excerpt":{"rendered":"<p>Liebe Freiwillige, liebe ehemaligen Freiwillige, liebe Interessierte! Herzlich Willkommen auf unserem neuen Blog mit Veranstaltungstipps rund um den Friedensdienst, das Thema Engagement und Frieden und weitere spannende Themen! Schaut gerne regelm\u00e4\u00dfig vorbei und informiert euch \u00fcber anstehenden Veranstaltungen! 09.07.2021 +++ Ausschreibung FAIRWANDLER-Preis 2021\/22 +++ Wir suchen Fairwandler*innen! Der Sommer ist da \u2013 und der FAIRWANDLER-Preis&hellip;<\/p>\n","protected":false},"author":1,"featured_media":0,"parent":0,"menu_order":0,"comment_status":"closed","ping_status":"closed","template":"","meta":{"ngg_post_thumbnail":0,"footnotes":""},"class_list":["post-692","page","type-page","status-publish","hentry"],"_links":{"self":[{"href":"https:\/\/pax-friedensdienste.de\/wordpress_d\/wp-json\/wp\/v2\/pages\/692","targetHints":{"allow":["GET"]}}],"collection":[{"href":"https:\/\/pax-friedensdienste.de\/wordpress_d\/wp-json\/wp\/v2\/pages"}],"about":[{"href":"https:\/\/pax-friedensdienste.de\/wordpress_d\/wp-json\/wp\/v2\/types\/page"}],"author":[{"embeddable":true,"href":"https:\/\/pax-friedensdienste.de\/wordpress_d\/wp-json\/wp\/v2\/users\/1"}],"replies":[{"embeddable":true,"href":"https:\/\/pax-friedensdienste.de\/wordpress_d\/wp-json\/wp\/v2\/comments?post=692"}],"version-history":[{"count":23,"href":"https:\/\/pax-friedensdienste.de\/wordpress_d\/wp-json\/wp\/v2\/pages\/692\/revisions"}],"predecessor-version":[{"id":1090,"href":"https:\/\/pax-friedensdienste.de\/wordpress_d\/wp-json\/wp\/v2\/pages\/692\/revisions\/1090"}],"wp:attachment":[{"href":"https:\/\/pax-friedensdienste.de\/wordpress_d\/wp-json\/wp\/v2\/media?parent=692"}],"curies":[{"name":"wp","href":"https:\/\/api.w.org\/{rel}","templated":true}]}}