{"id":704,"date":"2020-11-21T11:49:58","date_gmt":"2020-11-21T10:49:58","guid":{"rendered":"https:\/\/pax-friedensdienste.de\/wordpress_d\/?page_id=704"},"modified":"2024-09-11T12:49:51","modified_gmt":"2024-09-11T11:49:51","slug":"ehemalige","status":"publish","type":"page","link":"https:\/\/pax-friedensdienste.de\/wordpress_d\/ehemalige\/","title":{"rendered":"Ehemalige"},"content":{"rendered":"<p>Du bist ehemalige*r Freiwillige*r und hast Lust dich weiter f\u00fcr Frieden und Gerechtigkeit in der Welt zu engagieren?&nbsp;<\/p>\n<p>Dann bist du hier genau richtig!&nbsp;<\/p>\n<p><img loading=\"lazy\" decoding=\"async\" class=\" wp-image-715 aligncenter\" src=\"https:\/\/pax-friedensdienste.de\/wordpress_d\/wp-content\/uploads\/2020\/11\/photo_2020-11-21_12-13-13-1024x726.jpg\" alt=\"\" width=\"574\" height=\"407\" srcset=\"https:\/\/pax-friedensdienste.de\/wordpress_d\/wp-content\/uploads\/2020\/11\/photo_2020-11-21_12-13-13-1024x726.jpg 1024w, https:\/\/pax-friedensdienste.de\/wordpress_d\/wp-content\/uploads\/2020\/11\/photo_2020-11-21_12-13-13-300x213.jpg 300w, https:\/\/pax-friedensdienste.de\/wordpress_d\/wp-content\/uploads\/2020\/11\/photo_2020-11-21_12-13-13-768x545.jpg 768w, https:\/\/pax-friedensdienste.de\/wordpress_d\/wp-content\/uploads\/2020\/11\/photo_2020-11-21_12-13-13.jpg 1280w\" sizes=\"auto, (max-width: 574px) 100vw, 574px\" \/><\/p>\n<p>Bei uns hast du die M\u00f6glichkeit dich in unseren Arbeitskreisen (AK) thematisch und politisch f\u00fcr dein ehemaliges Gastland einzusetzen, findest regelm\u00e4\u00dfig spannende Veranstaltungstipps und kannst uns dabei unterst\u00fctzen die freiwilligen Friedensdienste von pax christi noch bekannter zu machen!&nbsp;<\/p>\n<p>St\u00f6bere gerne durch die n\u00e4chsten Seiten oder <a href=\"https:\/\/pax-friedensdienste.de\/wordpress_d\/buero\/\">melde dich direkt bei uns<\/a> mit deinen spannenden Ideen!&nbsp;<\/p>\n<p><a href=\"https:\/\/pax-friedensdienste.de\/wordpress_d\/veranstaltungen\/\">Veranstaltungstipps<\/a><\/p>\n<p><a href=\"https:\/\/pax-friedensdienste.de\/wordpress_d\/ak-polen\/\">Arbeitskreis Polen<\/a><\/p>\n<p><a href=\"https:\/\/pax-friedensdienste.de\/wordpress_d\/ak-balkan\/\">Arbeitskreis Balkan<\/a><\/p>\n","protected":false},"excerpt":{"rendered":"<p>Du bist ehemalige*r Freiwillige*r und hast Lust dich weiter f\u00fcr Frieden und Gerechtigkeit in der Welt zu engagieren?&nbsp; Dann bist du hier genau richtig!&nbsp; Bei uns hast du die M\u00f6glichkeit dich in unseren Arbeitskreisen (AK) thematisch und politisch f\u00fcr dein ehemaliges Gastland einzusetzen, findest regelm\u00e4\u00dfig spannende Veranstaltungstipps und kannst uns dabei unterst\u00fctzen die freiwilligen Friedensdienste&hellip;<\/p>\n","protected":false},"author":1,"featured_media":0,"parent":0,"menu_order":0,"comment_status":"closed","ping_status":"closed","template":"","meta":{"ngg_post_thumbnail":0,"footnotes":""},"class_list":["post-704","page","type-page","status-publish","hentry"],"_links":{"self":[{"href":"https:\/\/pax-friedensdienste.de\/wordpress_d\/wp-json\/wp\/v2\/pages\/704","targetHints":{"allow":["GET"]}}],"collection":[{"href":"https:\/\/pax-friedensdienste.de\/wordpress_d\/wp-json\/wp\/v2\/pages"}],"about":[{"href":"https:\/\/pax-friedensdienste.de\/wordpress_d\/wp-json\/wp\/v2\/types\/page"}],"author":[{"embeddable":true,"href":"https:\/\/pax-friedensdienste.de\/wordpress_d\/wp-json\/wp\/v2\/users\/1"}],"replies":[{"embeddable":true,"href":"https:\/\/pax-friedensdienste.de\/wordpress_d\/wp-json\/wp\/v2\/comments?post=704"}],"version-history":[{"count":6,"href":"https:\/\/pax-friedensdienste.de\/wordpress_d\/wp-json\/wp\/v2\/pages\/704\/revisions"}],"predecessor-version":[{"id":1547,"href":"https:\/\/pax-friedensdienste.de\/wordpress_d\/wp-json\/wp\/v2\/pages\/704\/revisions\/1547"}],"wp:attachment":[{"href":"https:\/\/pax-friedensdienste.de\/wordpress_d\/wp-json\/wp\/v2\/media?parent=704"}],"curies":[{"name":"wp","href":"https:\/\/api.w.org\/{rel}","templated":true}]}}