{"id":87,"date":"2019-09-14T18:20:20","date_gmt":"2019-09-14T17:20:20","guid":{"rendered":"https:\/\/pax-friedensdienste.de\/wordpress_d\/?page_id=87"},"modified":"2025-03-27T11:00:46","modified_gmt":"2025-03-27T10:00:46","slug":"zentrum-fuer-dialog-und-gebet-in-oswiecim","status":"publish","type":"page","link":"https:\/\/pax-friedensdienste.de\/wordpress_d\/zentrum-fuer-dialog-und-gebet-in-oswiecim\/","title":{"rendered":"Zentrum f\u00fcr Dialog und Gebet in O\u015bwi\u0119cim"},"content":{"rendered":"<p>&nbsp;<\/p>\nngg_shortcode_0_placeholder\n<table style=\"border-style: solid; border-color: #000000; width: 100%;\">\n<tbody>\n<tr>\n<td style=\"width: 24.6429%;\" width=\"151\"><strong>Gastland<\/strong>\n<p>Polen<\/p>\n<\/td>\n<td style=\"width: 24.6429%;\" width=\"151\"><strong>T\u00e4tigkeitsfeld<\/strong>\n<p>Frieden und Vers\u00f6hnung<\/p>\n<\/td>\n<td style=\"width: 24.6429%;\" width=\"151\"><strong>Landessprache<\/strong>\n<p>polnisch<\/p>\n<\/td>\n<td style=\"width: 24.6429%;\" width=\"151\">\n<p><span style=\"color: #ff0000;\"><strong>f\u00fcr 2025\/2026 besetzt<br><\/strong><\/span><\/p>\n<p><span style=\"color: #00ff00;\"><strong><span style=\"color: #00ff00;\">f\u00fcr 2026\/27 frei<\/span><br><\/strong><\/span><\/p>\n<\/td>\n<\/tr>\n<\/tbody>\n<\/table>\n<p>&nbsp;<\/p>\n<p class=\"teaser\">Das Zentrum f\u00fcr Dialog und Gebet in O\u015bwi\u0119cim entstand im Jahr 1992 als Einrichtung des Erzbistums Krakau in Absprache mit Vertreter*innen j\u00fcdischer Organisationen. Ziel des Zentrums ist es, an der Schwelle von Auschwitz einen Ort zu schaffen, der zur Vers\u00f6hnung beitragen soll. Unabh\u00e4ngig von religi\u00f6ser Orientierung oder Herkunft, hilft das Zentrum dabei die Opfer zu ehren und f\u00fcr eine Welt einzutreten, die das Gegenteil von dem ist, was Auschwitz war. Es ist ein gastfreundliches Haus, das f\u00fcr Aufenthalte, Besichtigungen und Gespr\u00e4che mit \u00dcberlebenden, sowie internationalen und interreligi\u00f6sen Begegnungen oder Besinnungszeiten offen steht.<\/p>\n<div>\n<div>&nbsp;<\/div>\n<div>Als Freiwillige*r begleitest du Gruppen w\u00e4hrend und nach ihrem Besuch der Gedenkst\u00e4tte. Vorab sprichst du das Programm ab und nimmst Reservierungen vor. W\u00e4hrend des Aufenthaltes begleitest du Zeitzeug*innen, leitest Stadtf\u00fchrungen durch das heutige O\u015bwi\u0119cim, Museumsf\u00fchrungen durch das j\u00fcdische Viertel und bist Ansprechperson f\u00fcr Besuchergruppen und Schulklassen. Zus\u00e4tzlich hilfst du in anderen Bereichen des Zentrums aus. Das kann an der Rezeption, im Archiv oder bei Veranstaltungen sein. Du hast aber auch die M\u00f6glichkeit, eigene Projekte zu gestalten und in die Arbeit des Zentrums einzubringen.<\/div>\n<\/div>\n<div>&nbsp;<\/div>\n<div>Weitere Informationen zum Zentrum findest du hier:&nbsp;<a href=\"http:\/\/cdim.pl\/de,2545\" target=\"_blank\" rel=\"noopener noreferrer\">http:\/\/cdim.pl\/de,2545<\/a><\/div>\n<div>\n<h2>Die Region<\/h2>\n<div>\u201eAuschwitz\u201c pr\u00e4gt als Symbol die Erinnerung an die Ermordung von \u00fcber 6 Millionen J\u00fcdinnen und Juden in der Shoa, dem V\u00f6lkermord an den europ\u00e4ischen Roma sowie die Verfolgung von Zivilist*innen in ganz Europa w\u00e4hrend der Zeit des zweiten Weltkrieges. Das ehemalige Konzentrationslager \u201eAuschwitz I\u201c und Vernichtungslager \u201eAuschwitz II\u201c (Birkenau) befinden sich beide auf dem Gebiet der polnischen Stadt O\u015bwi\u0119cim, die von den Nationalsozialisten in \u201eAuschwitz\u201c umbenannt wurde.<\/div>\n<div>&nbsp;<\/div>\n<div>H\u00e4ufig ist nicht bekannt, dass O\u015bwi\u0119cim eine Kleinstadt mit 40.000 Einwohnern, einem lebendigen Ortskern, einer 800-j\u00e4hrigen Geschichte, einer Fachhochschule und einem Schloss an der So\u0142a ist. Die Stadt hat daher nicht nur geschichtlich sondern auch gegenw\u00e4rtig sehr viel zu bieten: Die historischen Hintergr\u00fcnde werden dir bei den Stadtf\u00fchrungen schnell bekannt und die zahlreichen M\u00f6glichkeiten f\u00fcr die Freizeitgestaltung werden dir das Einleben schnell erm\u00f6glichen. O\u015bwi\u0119cim liegt nur 50 km s\u00fcdlich der alten polnischen K\u00f6nigsstadt Krakau, das mit dem Zug in 1h erreicht werden kann.<\/div>\n<\/div>\n<div>&nbsp;<\/div>\n<div>Du wohnst allein in einer eigenst\u00e4ndigen Wohnung in der N\u00e4he des Stadtzentrums von O\u015bwi\u0119cim. In der Stadt leben andere internationale Freiwillige, die in anderen Einrichtungen ihren Freiwilligendienst absolvieren.<\/div>\n<div>&nbsp;<\/div>\n<div>\n<h2>Du solltest mitbringen<\/h2>\n<div>\n<ul>\n<li>historisches Interesse am Holocaust, der polnischen und j\u00fcdischen Kultur und Geschichte<\/li>\n<li>Empathie-F\u00e4higkeit f\u00fcr die Opfer der Shoa<\/li>\n<li>Resilienz gegen\u00fcber belastenden Themen<\/li>\n<li>Aufgeschlossenheit der katholischen Kirche und dem Judentum gegen\u00fcber<\/li>\n<li>Interesse an der Arbeit mit Jugend- und Erwachsenengruppen<\/li>\n<li>Interesse an der Arbeit mit \u00e4lteren Einzelg\u00e4sten und Zeitzeug*innen<\/li>\n<li>Geduld, Kreativit\u00e4t und Eigeninitiative<\/li>\n<li>Flexibilit\u00e4t bei den Arbeitszeiten<\/li>\n<li>Fremdsprachenkenntnisse (insbesondere Englisch und Franz\u00f6sisch sind willkommen)<\/li>\n<\/ul>\n<\/div>\n<div>&nbsp;<\/div>\n<div>Die Besetzung dieser Stelle steht unter dem Vorbehalt der Fortsetzung der F\u00f6rdermittelbewilligung durch den Europ\u00e4ischen Solidarit\u00e4tskorps.<\/div>\n<\/div>\n<div>&nbsp;<\/div>\n<div>Hast du Lust einen Freiwilligendienst im Zentrum f\u00fcr Dialog und Gebet zu machen?&nbsp;<\/div>\n<div><a href=\"https:\/\/pax-friedensdienste.de\/wordpress_d\/?page_id=15\">Hier<\/a> findest du alle Infos zu Bewerbung.<\/div>\n<div>&nbsp;<\/div>\n<div>Wenn du noch mehr \u00fcber das Leben in Polen erfahren m\u00f6chtest, kommst du&nbsp;<a href=\"https:\/\/pax-friedensdienste.de\/wordpress_d\/?p=344\">hier<\/a> zu den Erfahrungsberichten von ehemaligen Freiwilligen.&nbsp;<\/div>\n\n\n<figure class=\"wp-block-embed is-type-video is-provider-youtube wp-block-embed-youtube wp-embed-aspect-16-9 wp-has-aspect-ratio\"><div class=\"wp-block-embed__wrapper\">\n<iframe loading=\"lazy\" title=\"Friedensdienst in O\u015bwi\u0119cim (Auschwitz)\" width=\"1170\" height=\"658\" src=\"https:\/\/www.youtube.com\/embed\/gs-3jlptrgQ?feature=oembed\" frameborder=\"0\" allow=\"accelerometer; autoplay; clipboard-write; encrypted-media; gyroscope; picture-in-picture; web-share\" referrerpolicy=\"strict-origin-when-cross-origin\" allowfullscreen><\/iframe>\n<\/div><\/figure>\n","protected":false},"excerpt":{"rendered":"<p>&nbsp; Gastland Polen T\u00e4tigkeitsfeld Frieden und Vers\u00f6hnung Landessprache polnisch f\u00fcr 2025\/2026 besetzt f\u00fcr 2026\/27 frei &nbsp; Das Zentrum f\u00fcr Dialog und Gebet in O\u015bwi\u0119cim entstand im Jahr 1992 als Einrichtung des Erzbistums Krakau in Absprache mit Vertreter*innen j\u00fcdischer Organisationen. Ziel des Zentrums ist es, an der Schwelle von Auschwitz einen Ort zu schaffen, der zur&hellip;<\/p>\n","protected":false},"author":1,"featured_media":0,"parent":0,"menu_order":0,"comment_status":"closed","ping_status":"closed","template":"","meta":{"ngg_post_thumbnail":0,"footnotes":""},"class_list":["post-87","page","type-page","status-publish","hentry"],"_links":{"self":[{"href":"https:\/\/pax-friedensdienste.de\/wordpress_d\/wp-json\/wp\/v2\/pages\/87","targetHints":{"allow":["GET"]}}],"collection":[{"href":"https:\/\/pax-friedensdienste.de\/wordpress_d\/wp-json\/wp\/v2\/pages"}],"about":[{"href":"https:\/\/pax-friedensdienste.de\/wordpress_d\/wp-json\/wp\/v2\/types\/page"}],"author":[{"embeddable":true,"href":"https:\/\/pax-friedensdienste.de\/wordpress_d\/wp-json\/wp\/v2\/users\/1"}],"replies":[{"embeddable":true,"href":"https:\/\/pax-friedensdienste.de\/wordpress_d\/wp-json\/wp\/v2\/comments?post=87"}],"version-history":[{"count":21,"href":"https:\/\/pax-friedensdienste.de\/wordpress_d\/wp-json\/wp\/v2\/pages\/87\/revisions"}],"predecessor-version":[{"id":1598,"href":"https:\/\/pax-friedensdienste.de\/wordpress_d\/wp-json\/wp\/v2\/pages\/87\/revisions\/1598"}],"wp:attachment":[{"href":"https:\/\/pax-friedensdienste.de\/wordpress_d\/wp-json\/wp\/v2\/media?parent=87"}],"curies":[{"name":"wp","href":"https:\/\/api.w.org\/{rel}","templated":true}]}}